{"id":202047,"date":"2024-05-01T15:07:53","date_gmt":"2024-05-01T12:07:53","guid":{"rendered":"https:\/\/sutore.com\/?post_type=product&#038;p=202047"},"modified":"2026-04-04T05:23:21","modified_gmt":"2026-04-04T02:23:21","slug":"new-balance-9060-chrome-blue","status":"publish","type":"product","link":"https:\/\/sutore.com\/en\/product\/new-balance-9060-chrome-blue\/","title":{"rendered":"New Balance 9060 Chrome Blue"},"content":{"rendered":"<p style=\"text-align: center\">New Balance 9060 Chrome Blue, New Balance serilerinin en dikkat \u00e7ekici \u00fcr\u00fcnlerinden biridir. \u015e\u0131k ve konforlu bu spor ayakkab\u0131, stiline ve performans\u0131na \u00f6nem verenler i\u00e7in ideal bir se\u00e7imdir. Geli\u015fmi\u015f teknoloji ve kaliteli malzemeler ile tasarlanan 9060, uzun \u00f6m\u00fcrl\u00fcl\u00fc\u011f\u00fc ve dayan\u0131kl\u0131l\u0131\u011f\u0131 ile sizlere m\u00fckemmel bir deneyim sunar. Bu benzersiz new-balance \u00fcr\u00fcn\u00fcn\u00fc ka\u00e7\u0131rmay\u0131n.<\/p>\n","protected":false},"excerpt":{"rendered":"<p style=\"text-align: center\">New Balance 9060 Chrome Blue, New Balance serilerinin en dikkat \u00e7ekici \u00fcr\u00fcnlerinden biridir. \u015e\u0131k ve konforlu bu spor ayakkab\u0131, stiline ve performans\u0131na \u00f6nem verenler i\u00e7in ideal bir se\u00e7imdir. Geli\u015fmi\u015f teknoloji ve kaliteli malzemeler ile tasarlanan 9060, uzun \u00f6m\u00fcrl\u00fcl\u00fc\u011f\u00fc ve dayan\u0131kl\u0131l\u0131\u011f\u0131 ile sizlere m\u00fckemmel bir deneyim sunar. Bu benzersiz new-balance \u00fcr\u00fcn\u00fcn\u00fc ka\u00e7\u0131rmay\u0131n.<\/p>\n","protected":false},"featured_media":202034,"template":"","meta":{"_acf_changed":false},"product_brand":[1980,2086],"product_cat":[1802,1806,109,1588,74,1569],"product_tag":[1332],"class_list":{"0":"post-202047","1":"product","2":"type-product","3":"status-publish","4":"has-post-thumbnail","6":"product_brand-new-balance","7":"product_brand-new-balance-en","8":"product_cat-1802","9":"product_cat-9060-en","10":"product_cat-new-balance","11":"product_cat-new-balance-en","12":"product_cat-sneakers","13":"product_cat-sneakers-en","14":"product_tag-mavi","16":"first","17":"instock","18":"shipping-taxable","19":"purchasable","20":"product-type-variable"},"acf":[],"_links":{"self":[{"href":"https:\/\/sutore.com\/en\/wp-json\/wp\/v2\/product\/202047","targetHints":{"allow":["GET"]}}],"collection":[{"href":"https:\/\/sutore.com\/en\/wp-json\/wp\/v2\/product"}],"about":[{"href":"https:\/\/sutore.com\/en\/wp-json\/wp\/v2\/types\/product"}],"wp:featuredmedia":[{"embeddable":true,"href":"https:\/\/sutore.com\/en\/wp-json\/wp\/v2\/media\/202034"}],"wp:attachment":[{"href":"https:\/\/sutore.com\/en\/wp-json\/wp\/v2\/media?parent=202047"}],"wp:term":[{"taxonomy":"product_brand","embeddable":true,"href":"https:\/\/sutore.com\/en\/wp-json\/wp\/v2\/product_brand?post=202047"},{"taxonomy":"product_cat","embeddable":true,"href":"https:\/\/sutore.com\/en\/wp-json\/wp\/v2\/product_cat?post=202047"},{"taxonomy":"product_tag","embeddable":true,"href":"https:\/\/sutore.com\/en\/wp-json\/wp\/v2\/product_tag?post=202047"}],"curies":[{"name":"wp","href":"https:\/\/api.w.org\/{rel}","templated":true}]}}