{"id":203453,"date":"2024-05-01T01:11:19","date_gmt":"2024-04-30T22:11:19","guid":{"rendered":"https:\/\/sutore.com\/?post_type=product&#038;p=203453"},"modified":"2026-04-02T17:22:35","modified_gmt":"2026-04-02T14:22:35","slug":"nike-dunk-low-next-nature-daybreak-womens","status":"publish","type":"product","link":"https:\/\/sutore.com\/en\/product\/nike-dunk-low-next-nature-daybreak-womens\/","title":{"rendered":"Nike Dunk Low Next Nature Daybreak (W)"},"content":{"rendered":"<p style=\"text-align: center\">Nike Dunk Low Next Nature Daybreak (W) ile stilinizi tamamlay\u0131n. Nike kalitesi ve Dunk tasar\u0131m\u0131n\u0131n birle\u015fimi, Daybreak renk \u015femas\u0131 ile ayaklar\u0131n\u0131zda m\u00fckemmellik yarat\u0131r. Uzun \u00f6m\u00fcrl\u00fc ve konforlu kullan\u0131m sa\u011flar. &#8216;Nike&#8217; ve &#8216;Dunk&#8217; fark\u0131n\u0131 deneyimleyin. Tabandan aya\u011f\u0131n\u0131za, bir &#8216;Nike Dunk Low Next Nature Daybreak (W)&#8217; sizinle.<\/p>\n","protected":false},"excerpt":{"rendered":"<p style=\"text-align: center\">Nike Dunk Low Next Nature Daybreak (W) ile stilinizi tamamlay\u0131n. Nike kalitesi ve Dunk tasar\u0131m\u0131n\u0131n birle\u015fimi, Daybreak renk \u015femas\u0131 ile ayaklar\u0131n\u0131zda m\u00fckemmellik yarat\u0131r. Uzun \u00f6m\u00fcrl\u00fc ve konforlu kullan\u0131m sa\u011flar. &#8216;Nike&#8217; ve &#8216;Dunk&#8217; fark\u0131n\u0131 deneyimleyin. Tabandan aya\u011f\u0131n\u0131za, bir &#8216;Nike Dunk Low Next Nature Daybreak (W)&#8217; sizinle.<\/p>\n","protected":false},"featured_media":203399,"template":"","meta":{"_acf_changed":false},"product_brand":[2087,1928],"product_cat":[100,1585,1582,98,74,1569],"product_tag":[1333],"class_list":{"0":"post-203453","1":"product","2":"type-product","3":"status-publish","4":"has-post-thumbnail","6":"product_brand-nike-en","7":"product_brand-nike","8":"product_cat-dunk","9":"product_cat-dunk-en","10":"product_cat-nike-en","11":"product_cat-nike","12":"product_cat-sneakers","13":"product_cat-sneakers-en","14":"product_tag-mor","16":"first","17":"instock","18":"shipping-taxable","19":"purchasable","20":"product-type-variable"},"acf":[],"_links":{"self":[{"href":"https:\/\/sutore.com\/en\/wp-json\/wp\/v2\/product\/203453","targetHints":{"allow":["GET"]}}],"collection":[{"href":"https:\/\/sutore.com\/en\/wp-json\/wp\/v2\/product"}],"about":[{"href":"https:\/\/sutore.com\/en\/wp-json\/wp\/v2\/types\/product"}],"wp:featuredmedia":[{"embeddable":true,"href":"https:\/\/sutore.com\/en\/wp-json\/wp\/v2\/media\/203399"}],"wp:attachment":[{"href":"https:\/\/sutore.com\/en\/wp-json\/wp\/v2\/media?parent=203453"}],"wp:term":[{"taxonomy":"product_brand","embeddable":true,"href":"https:\/\/sutore.com\/en\/wp-json\/wp\/v2\/product_brand?post=203453"},{"taxonomy":"product_cat","embeddable":true,"href":"https:\/\/sutore.com\/en\/wp-json\/wp\/v2\/product_cat?post=203453"},{"taxonomy":"product_tag","embeddable":true,"href":"https:\/\/sutore.com\/en\/wp-json\/wp\/v2\/product_tag?post=203453"}],"curies":[{"name":"wp","href":"https:\/\/api.w.org\/{rel}","templated":true}]}}