{"id":207792,"date":"2023-08-30T18:11:05","date_gmt":"2023-08-30T15:11:05","guid":{"rendered":"https:\/\/sutore.com\/?post_type=product&#038;p=207792"},"modified":"2026-04-02T17:44:24","modified_gmt":"2026-04-02T14:44:24","slug":"adidas-campus-00s-black-white-gum-kids","status":"publish","type":"product","link":"https:\/\/sutore.com\/en\/product\/adidas-campus-00s-black-white-gum-kids\/","title":{"rendered":"adidas Campus 00s Black White Gum (Kids)"},"content":{"rendered":"<p style=\"text-align: center\">adidas Campus 00s Black White Gum (\u00c7ocuk), minimalist bir tasar\u0131ma sahip d\u00fc\u015f\u00fck \u00fcst tarz\u0131 ya\u015fam stil ayakkab\u0131s\u0131d\u0131r. \u00dc\u00e7 \u00e7izgili ve Trefoil logosu ile s\u00fcslenmi\u015f s\u00fcet \u00fcst y\u00fczeye sahiptir. \u00c7ekici Cloud White yumu\u015fak deri 3-\u00c7izgiler, medyal ve lateral mid-panellerde belirgin di\u015fli kenarlara sahip. Cloud White Trefoil logolar\u0131, metinsel markal\u0131 olmadan Core Black s\u00fcet topuklar\u0131 ve dilini s\u00fcsl\u00fcyor. Bu arada, adidas metin markalamas\u0131 Core Black tabanlarda g\u00f6r\u00fclebilir. \u00d6zg\u00fcn Campus&#8217;a sad\u0131k kal\u0131narak, ayakkab\u0131 beyaz bir orta taban ve karamel rengi bir d\u0131\u015f tabanla tamamlanm\u0131\u015ft\u0131r. Uzmanlar\u0131m\u0131z\u0131n adidas Campus 00s Black White Gum hakk\u0131nda sevdi\u011fi \u015fey, klasik s\u00fcet \u00fcst y\u00fczey, Cloud White \u00dc\u00e7 \u00c7izgiler ve di\u015fli detaylar\u0131yla ge\u00e7mi\u015f bir d\u00f6nemin \u00f6z\u00fcn\u00fc yakalayan retro tasar\u0131m\u0131d\u0131r. Bu spor ayakkab\u0131, OG Campus sil\u00fcetinin zamans\u0131z stiline sayg\u0131 g\u00f6stererek, vintage ilhaml\u0131 ayakkab\u0131lar\u0131 takdir edenler i\u00e7in nostaljik ve moda bir se\u00e7enek olu\u015fturur.<\/p>\n","protected":false},"excerpt":{"rendered":"<p style=\"text-align: center\">adidas Campus 00s Black White Gum (\u00c7ocuk), minimalist bir tasar\u0131ma sahip d\u00fc\u015f\u00fck \u00fcst tarz\u0131 ya\u015fam stil ayakkab\u0131s\u0131d\u0131r. \u00dc\u00e7 \u00e7izgili ve Trefoil logosu ile s\u00fcslenmi\u015f s\u00fcet \u00fcst y\u00fczeye sahiptir. \u00c7ekici Cloud White yumu\u015fak deri 3-\u00c7izgiler, medyal ve lateral mid-panellerde belirgin di\u015fli kenarlara sahip. Cloud White Trefoil logolar\u0131, metinsel markal\u0131 olmadan Core Black s\u00fcet topuklar\u0131 ve dilini s\u00fcsl\u00fcyor. Bu arada, adidas metin markalamas\u0131 Core Black tabanlarda g\u00f6r\u00fclebilir. \u00d6zg\u00fcn Campus&#8217;a sad\u0131k kal\u0131narak, ayakkab\u0131 beyaz bir orta taban ve karamel rengi bir d\u0131\u015f tabanla tamamlanm\u0131\u015ft\u0131r. Uzmanlar\u0131m\u0131z\u0131n adidas Campus 00s Black White Gum hakk\u0131nda sevdi\u011fi \u015fey, klasik s\u00fcet \u00fcst y\u00fczey, Cloud White \u00dc\u00e7 \u00c7izgiler ve di\u015fli detaylar\u0131yla ge\u00e7mi\u015f bir d\u00f6nemin \u00f6z\u00fcn\u00fc yakalayan retro tasar\u0131m\u0131d\u0131r. Bu spor ayakkab\u0131, OG Campus sil\u00fcetinin zamans\u0131z stiline sayg\u0131 g\u00f6stererek, vintage ilhaml\u0131 ayakkab\u0131lar\u0131 takdir edenler i\u00e7in nostaljik ve moda bir se\u00e7enek olu\u015fturur.<\/p>\n","protected":false},"featured_media":207789,"template":"","meta":{"_acf_changed":false},"product_brand":[2127,1927],"product_cat":[71,1570,1931,1934,74,1569],"product_tag":[1327],"class_list":{"0":"post-207792","1":"product","2":"type-product","3":"status-publish","4":"has-post-thumbnail","6":"product_brand-adidas-en","7":"product_brand-adidas","8":"product_cat-adidas","9":"product_cat-adidas-en","10":"product_cat-campus","11":"product_cat-campus-en","12":"product_cat-sneakers","13":"product_cat-sneakers-en","14":"product_tag-siyah","16":"first","17":"instock","18":"shipping-taxable","19":"purchasable","20":"product-type-variable"},"acf":[],"_links":{"self":[{"href":"https:\/\/sutore.com\/en\/wp-json\/wp\/v2\/product\/207792","targetHints":{"allow":["GET"]}}],"collection":[{"href":"https:\/\/sutore.com\/en\/wp-json\/wp\/v2\/product"}],"about":[{"href":"https:\/\/sutore.com\/en\/wp-json\/wp\/v2\/types\/product"}],"wp:featuredmedia":[{"embeddable":true,"href":"https:\/\/sutore.com\/en\/wp-json\/wp\/v2\/media\/207789"}],"wp:attachment":[{"href":"https:\/\/sutore.com\/en\/wp-json\/wp\/v2\/media?parent=207792"}],"wp:term":[{"taxonomy":"product_brand","embeddable":true,"href":"https:\/\/sutore.com\/en\/wp-json\/wp\/v2\/product_brand?post=207792"},{"taxonomy":"product_cat","embeddable":true,"href":"https:\/\/sutore.com\/en\/wp-json\/wp\/v2\/product_cat?post=207792"},{"taxonomy":"product_tag","embeddable":true,"href":"https:\/\/sutore.com\/en\/wp-json\/wp\/v2\/product_tag?post=207792"}],"curies":[{"name":"wp","href":"https:\/\/api.w.org\/{rel}","templated":true}]}}