{"id":207793,"date":"2023-12-01T18:11:05","date_gmt":"2023-12-01T15:11:05","guid":{"rendered":"https:\/\/sutore.com\/?post_type=product&#038;p=207793"},"modified":"2026-04-02T17:37:16","modified_gmt":"2026-04-02T14:37:16","slug":"nike-air-jordan-1-mid-se-craft-white-cement-grey-black","status":"publish","type":"product","link":"https:\/\/sutore.com\/en\/product\/nike-air-jordan-1-mid-se-craft-white-cement-grey-black\/","title":{"rendered":"Nike Air Jordan 1 Mid SE Craft White Cement Grey Black"},"content":{"rendered":"<p style=\"text-align: center\">Nike Air Jordan 1 Mid SE Craft White Cement Grey Black, klasik bir silueti tekil bir zarafetle sunan farkl\u0131 renk, doku ve kuma\u015flar\u0131n ince bir kombinasyonunu sunar. Farkl\u0131 gri tonlar\u0131nda yumu\u015fak s\u00fcet kullan\u0131larak tasarlanan Jordan 1 Mid-Top \u00d6zel S\u00fcr\u00fcm Craft&#8217;\u0131n White Cement Gray Black renk \u00e7e\u015fidi topuk, yaka eklemesi, vampir eklemesi, g\u00f6z dipleri ve ayak parma\u011f\u0131 alt tabakas\u0131n\u0131 olu\u015fturur. Beyaz kenevir tuvali yan panel, diki\u015fli delikli ayak kutusu ve belirgin kenarlar\u0131 olan dolgulu yakay\u0131 olu\u015fturur. Ayakkab\u0131n\u0131n dili, Nike swoosh ve topuk kaplamas\u0131 i\u00e7in siyah s\u00fcet kullan\u0131lm\u0131\u015ft\u0131r. \u00c7orap astar\u0131 beyaz, i\u00e7 taban ise siyahd\u0131r. Taban, k\u00f6p\u00fckle yap\u0131lm\u0131\u015f ve Nike Air ile tasarlanm\u0131\u015f bir kap taban\u0131d\u0131r. Siyah lastik d\u0131\u015f taban darbe emilimi ve \u00e7eki\u015f sa\u011flar. Bu ayakkab\u0131y\u0131 en \u00e7ok seven \u015fey, markan\u0131n vurgulanmas\u0131d\u0131r. Siyah topuk \u00fczerine tonal Wings logosu kabartmal\u0131d\u0131r ve beyaz Jumpman logosu hem i\u00e7 tabana hem de dile s\u00fcslenmi\u015ftir. Nike Air Jordan 1 Mid SE Craft White Cement Grey Black, 29 A\u011fustos 2023 tarihinde 135 dolarl\u0131k perakende fiyat\u0131yla piyasaya s\u00fcr\u00fcld\u00fc.<\/p>\n","protected":false},"excerpt":{"rendered":"<p style=\"text-align: center\">Nike Air Jordan 1 Mid SE Craft White Cement Grey Black, klasik bir silueti tekil bir zarafetle sunan farkl\u0131 renk, doku ve kuma\u015flar\u0131n ince bir kombinasyonunu sunar. Farkl\u0131 gri tonlar\u0131nda yumu\u015fak s\u00fcet kullan\u0131larak tasarlanan Jordan 1 Mid-Top \u00d6zel S\u00fcr\u00fcm Craft&#8217;\u0131n White Cement Gray Black renk \u00e7e\u015fidi topuk, yaka eklemesi, vampir eklemesi, g\u00f6z dipleri ve ayak parma\u011f\u0131 alt tabakas\u0131n\u0131 olu\u015fturur. Beyaz kenevir tuvali yan panel, diki\u015fli delikli ayak kutusu ve belirgin kenarlar\u0131 olan dolgulu yakay\u0131 olu\u015fturur. Ayakkab\u0131n\u0131n dili, Nike swoosh ve topuk kaplamas\u0131 i\u00e7in siyah s\u00fcet kullan\u0131lm\u0131\u015ft\u0131r. \u00c7orap astar\u0131 beyaz, i\u00e7 taban ise siyahd\u0131r. Taban, k\u00f6p\u00fckle yap\u0131lm\u0131\u015f ve Nike Air ile tasarlanm\u0131\u015f bir kap taban\u0131d\u0131r. Siyah lastik d\u0131\u015f taban darbe emilimi ve \u00e7eki\u015f sa\u011flar. Bu ayakkab\u0131y\u0131 en \u00e7ok seven \u015fey, markan\u0131n vurgulanmas\u0131d\u0131r. Siyah topuk \u00fczerine tonal Wings logosu kabartmal\u0131d\u0131r ve beyaz Jumpman logosu hem i\u00e7 tabana hem de dile s\u00fcslenmi\u015ftir. Nike Air Jordan 1 Mid SE Craft White Cement Grey Black, 29 A\u011fustos 2023 tarihinde 135 dolarl\u0131k perakende fiyat\u0131yla piyasaya s\u00fcr\u00fcld\u00fc.<\/p>\n","protected":false},"featured_media":207787,"template":"","meta":{"_acf_changed":false},"product_brand":[2041,2019,2087,1928],"product_cat":[1577,96,944,1580,74,1569],"product_tag":[1334],"class_list":{"0":"post-207793","1":"product","2":"type-product","3":"status-publish","4":"has-post-thumbnail","6":"product_brand-air-jordan-en","7":"product_brand-air-jordan","8":"product_brand-nike-en","9":"product_brand-nike","10":"product_cat-air-jordan-en","11":"product_cat-air-jordan","12":"product_cat-mid","13":"product_cat-mid-en","14":"product_cat-sneakers","15":"product_cat-sneakers-en","16":"product_tag-gri","18":"first","19":"instock","20":"shipping-taxable","21":"purchasable","22":"product-type-variable"},"acf":[],"_links":{"self":[{"href":"https:\/\/sutore.com\/en\/wp-json\/wp\/v2\/product\/207793","targetHints":{"allow":["GET"]}}],"collection":[{"href":"https:\/\/sutore.com\/en\/wp-json\/wp\/v2\/product"}],"about":[{"href":"https:\/\/sutore.com\/en\/wp-json\/wp\/v2\/types\/product"}],"wp:featuredmedia":[{"embeddable":true,"href":"https:\/\/sutore.com\/en\/wp-json\/wp\/v2\/media\/207787"}],"wp:attachment":[{"href":"https:\/\/sutore.com\/en\/wp-json\/wp\/v2\/media?parent=207793"}],"wp:term":[{"taxonomy":"product_brand","embeddable":true,"href":"https:\/\/sutore.com\/en\/wp-json\/wp\/v2\/product_brand?post=207793"},{"taxonomy":"product_cat","embeddable":true,"href":"https:\/\/sutore.com\/en\/wp-json\/wp\/v2\/product_cat?post=207793"},{"taxonomy":"product_tag","embeddable":true,"href":"https:\/\/sutore.com\/en\/wp-json\/wp\/v2\/product_tag?post=207793"}],"curies":[{"name":"wp","href":"https:\/\/api.w.org\/{rel}","templated":true}]}}