{"id":208252,"date":"2024-04-15T18:15:55","date_gmt":"2024-04-15T15:15:55","guid":{"rendered":"https:\/\/sutore.com\/?post_type=product&#038;p=208252"},"modified":"2026-03-30T16:39:16","modified_gmt":"2026-03-30T13:39:16","slug":"converse-chuck-taylor-all-star-70-ox-comme-des-garcons-play-multi-heart-milk","status":"publish","type":"product","link":"https:\/\/sutore.com\/en\/product\/converse-chuck-taylor-all-star-70-ox-comme-des-garcons-play-multi-heart-milk\/","title":{"rendered":"Converse Chuck Taylor All Star 70 Ox Comme des Garcons PLAY Multi-Heart Milk"},"content":{"rendered":"<p style=\"text-align: center;\">Klasik bir sneaker silueti olan Converse Chuck Taylor All Star 70 Ox ile Paris merkezli Japon moda markas\u0131 Comme des Garcons PLAY&#8217;in birle\u015fim \u00fcr\u00fcn\u00fc olan Multi-Heart Milk, dayan\u0131kl\u0131 ve hafif bir yap\u0131ya sahip kremsi beyaz renkte kanvas \u00fcst y\u00fczeyi ile dikkat \u00e7ekiyor. Tonal lastik burun k\u0131sm\u0131 destek ve imza stili sunuyor. Dantelli kapanma, s\u0131k\u0131 bir uyum sa\u011flarken, off-white i\u00e7 taban \u00e7ift markay\u0131 sergileyen bir tasar\u0131ma sahip. Topuk k\u0131sm\u0131nda siyah renkte imza Converse topuk deste\u011fi ve off-white renkte kabartmal\u0131 lastik bir plaka bulunuyor. Kahverengi lastik d\u0131\u015f taban, dayan\u0131kl\u0131 bir \u00e7eki\u015f g\u00fcc\u00fc sa\u011flar. Sneaker&#8217;\u0131n en sevdi\u011fimiz \u00f6zelli\u011fi ise yan paneller boyunca uzanan siyah PLAY kalp logolar\u0131d\u0131r. 26 Ekim 2023&#8217;te piyasaya s\u00fcr\u00fclen Converse Chuck Taylor All Star 70 Ox Comme des Garcons PLAY Multi-Heart Milk, perakende sat\u0131\u015f fiyat\u0131 150$&#8217;d\u0131r.<\/p>\n","protected":false},"excerpt":{"rendered":"<p style=\"text-align: center;\">Klasik bir sneaker silueti olan Converse Chuck Taylor All Star 70 Ox ile Paris merkezli Japon moda markas\u0131 Comme des Garcons PLAY&#8217;in birle\u015fim \u00fcr\u00fcn\u00fc olan Multi-Heart Milk, dayan\u0131kl\u0131 ve hafif bir yap\u0131ya sahip kremsi beyaz renkte kanvas \u00fcst y\u00fczeyi ile dikkat \u00e7ekiyor. Tonal lastik burun k\u0131sm\u0131 destek ve imza stili sunuyor. Dantelli kapanma, s\u0131k\u0131 bir uyum sa\u011flarken, off-white i\u00e7 taban \u00e7ift markay\u0131 sergileyen bir tasar\u0131ma sahip. Topuk k\u0131sm\u0131nda siyah renkte imza Converse topuk deste\u011fi ve off-white renkte kabartmal\u0131 lastik bir plaka bulunuyor. Kahverengi lastik d\u0131\u015f taban, dayan\u0131kl\u0131 bir \u00e7eki\u015f g\u00fcc\u00fc sa\u011flar. Sneaker&#8217;\u0131n en sevdi\u011fimiz \u00f6zelli\u011fi ise yan paneller boyunca uzanan siyah PLAY kalp logolar\u0131d\u0131r. 26 Ekim 2023&#8217;te piyasaya s\u00fcr\u00fclen Converse Chuck Taylor All Star 70 Ox Comme des Garcons PLAY Multi-Heart Milk, perakende sat\u0131\u015f fiyat\u0131 150$&#8217;d\u0131r.<\/p>\n","protected":false},"featured_media":209100,"template":"","meta":{"_acf_changed":false},"product_brand":[2213,2212,1902,2055],"product_cat":[2158,2182,74,1569],"product_tag":[1328],"class_list":{"0":"post-208252","1":"product","2":"type-product","3":"status-publish","4":"has-post-thumbnail","6":"product_brand-comme-des-garcons-en","7":"product_brand-comme-des-garcons","8":"product_brand-converse","9":"product_brand-converse-en","10":"product_cat-others","11":"product_cat-others-en","12":"product_cat-sneakers","13":"product_cat-sneakers-en","14":"product_tag-beyaz","16":"first","17":"instock","18":"shipping-taxable","19":"purchasable","20":"product-type-variable"},"acf":[],"_links":{"self":[{"href":"https:\/\/sutore.com\/en\/wp-json\/wp\/v2\/product\/208252","targetHints":{"allow":["GET"]}}],"collection":[{"href":"https:\/\/sutore.com\/en\/wp-json\/wp\/v2\/product"}],"about":[{"href":"https:\/\/sutore.com\/en\/wp-json\/wp\/v2\/types\/product"}],"wp:featuredmedia":[{"embeddable":true,"href":"https:\/\/sutore.com\/en\/wp-json\/wp\/v2\/media\/209100"}],"wp:attachment":[{"href":"https:\/\/sutore.com\/en\/wp-json\/wp\/v2\/media?parent=208252"}],"wp:term":[{"taxonomy":"product_brand","embeddable":true,"href":"https:\/\/sutore.com\/en\/wp-json\/wp\/v2\/product_brand?post=208252"},{"taxonomy":"product_cat","embeddable":true,"href":"https:\/\/sutore.com\/en\/wp-json\/wp\/v2\/product_cat?post=208252"},{"taxonomy":"product_tag","embeddable":true,"href":"https:\/\/sutore.com\/en\/wp-json\/wp\/v2\/product_tag?post=208252"}],"curies":[{"name":"wp","href":"https:\/\/api.w.org\/{rel}","templated":true}]}}