{"id":209448,"date":"2024-05-23T14:26:03","date_gmt":"2024-05-23T11:26:03","guid":{"rendered":"https:\/\/sutore.com\/?post_type=product&#038;p=209448"},"modified":"2026-04-02T18:35:45","modified_gmt":"2026-04-02T15:35:45","slug":"adidas-handball-spezial-sporty-rich-brown","status":"publish","type":"product","link":"https:\/\/sutore.com\/en\/product\/adidas-handball-spezial-sporty-rich-brown\/","title":{"rendered":"adidas Handball Spezial Sporty &#038; Rich Brown"},"content":{"rendered":"<p style=\"text-align: center;\">\u0130yi tasarlanm\u0131\u015f ve konforlu adidas Handball Spezial Sporty &amp; Rich Brown, aktif bir ya\u015fam tarz\u0131n\u0131 s\u00fcrd\u00fcrmek i\u00e7in idealdir. Bu adidas modeli, benzersiz stilleri ve premium kalitesi ile handball sahalar\u0131 i\u00e7in vazge\u00e7ilmez olmu\u015ftur. Dayan\u0131kl\u0131l\u0131\u011f\u0131 ve y\u00fcksek performans\u0131 ile \u00f6n plana \u00e7\u0131kar. Hem y\u00fcksek kaliteyi hem de \u015f\u0131k bir g\u00f6r\u00fcn\u00fcm\u00fc bir arada bulabilece\u011finiz bu \u00fcr\u00fcn ile spor deneyimlerinizi bir \u00fcst seviyeye \u00e7\u0131kar\u0131n.<\/p>\n","protected":false},"excerpt":{"rendered":"<p style=\"text-align: center;\">\u0130yi tasarlanm\u0131\u015f ve konforlu adidas Handball Spezial Sporty &amp; Rich Brown, aktif bir ya\u015fam tarz\u0131n\u0131 s\u00fcrd\u00fcrmek i\u00e7in idealdir. Bu adidas modeli, benzersiz stilleri ve premium kalitesi ile handball sahalar\u0131 i\u00e7in vazge\u00e7ilmez olmu\u015ftur. Dayan\u0131kl\u0131l\u0131\u011f\u0131 ve y\u00fcksek performans\u0131 ile \u00f6n plana \u00e7\u0131kar. Hem y\u00fcksek kaliteyi hem de \u015f\u0131k bir g\u00f6r\u00fcn\u00fcm\u00fc bir arada bulabilece\u011finiz bu \u00fcr\u00fcn ile spor deneyimlerinizi bir \u00fcst seviyeye \u00e7\u0131kar\u0131n.<\/p>\n","protected":false},"featured_media":209452,"template":"","meta":{"_acf_changed":false},"product_brand":[2127,1927,1938,2109],"product_cat":[71,1570,74,1569,1930,1935],"product_tag":[1338],"class_list":{"0":"post-209448","1":"product","2":"type-product","3":"status-publish","4":"has-post-thumbnail","6":"product_brand-adidas-en","7":"product_brand-adidas","8":"product_brand-sporty-rich","9":"product_brand-sporty-rich-en","10":"product_cat-adidas","11":"product_cat-adidas-en","12":"product_cat-sneakers","13":"product_cat-sneakers-en","14":"product_cat-spezial","15":"product_cat-spezial-en","16":"product_tag-kahverengi","18":"first","19":"instock","20":"shipping-taxable","21":"purchasable","22":"product-type-variable"},"acf":[],"_links":{"self":[{"href":"https:\/\/sutore.com\/en\/wp-json\/wp\/v2\/product\/209448","targetHints":{"allow":["GET"]}}],"collection":[{"href":"https:\/\/sutore.com\/en\/wp-json\/wp\/v2\/product"}],"about":[{"href":"https:\/\/sutore.com\/en\/wp-json\/wp\/v2\/types\/product"}],"wp:featuredmedia":[{"embeddable":true,"href":"https:\/\/sutore.com\/en\/wp-json\/wp\/v2\/media\/209452"}],"wp:attachment":[{"href":"https:\/\/sutore.com\/en\/wp-json\/wp\/v2\/media?parent=209448"}],"wp:term":[{"taxonomy":"product_brand","embeddable":true,"href":"https:\/\/sutore.com\/en\/wp-json\/wp\/v2\/product_brand?post=209448"},{"taxonomy":"product_cat","embeddable":true,"href":"https:\/\/sutore.com\/en\/wp-json\/wp\/v2\/product_cat?post=209448"},{"taxonomy":"product_tag","embeddable":true,"href":"https:\/\/sutore.com\/en\/wp-json\/wp\/v2\/product_tag?post=209448"}],"curies":[{"name":"wp","href":"https:\/\/api.w.org\/{rel}","templated":true}]}}