{"id":210994,"date":"2024-05-01T17:47:05","date_gmt":"2024-05-01T14:47:05","guid":{"rendered":"https:\/\/sutore.com\/?post_type=product&#038;p=210994"},"modified":"2026-03-24T16:28:30","modified_gmt":"2026-03-24T13:28:30","slug":"supreme-ducati-logo-tee-white","status":"publish","type":"product","link":"https:\/\/sutore.com\/en\/product\/supreme-ducati-logo-tee-white\/","title":{"rendered":"Supreme Ducati Logo Tee White"},"content":{"rendered":"<p style=\"text-align: center;\">Supreme Ducati Logo Tee White, zarafet ve konforun m\u00fckemmel kombinasyonunu sunan ba\u015f d\u00f6nd\u00fcr\u00fcc\u00fc bir \u00fcr\u00fcn. Supreme markas\u0131n\u0131n kalite ve tarz\u0131n\u0131 yans\u0131tan bu beyaz tee, sade ve zarif bir Ducati logosuna sahip. Her gard\u0131rop i\u00e7in m\u00fckemmel bir ekleme olan bu \u00fcst\u00fcn tee, en iyi moda trendlerini yans\u0131tmaktad\u0131r. Kusursuz bir Supreme deneyimi i\u00e7in Ducati logo tee&#8217;yi tercih edin.<\/p>\n","protected":false},"excerpt":{"rendered":"<p style=\"text-align: center;\">Supreme Ducati Logo Tee White, zarafet ve konforun m\u00fckemmel kombinasyonunu sunan ba\u015f d\u00f6nd\u00fcr\u00fcc\u00fc bir \u00fcr\u00fcn. Supreme markas\u0131n\u0131n kalite ve tarz\u0131n\u0131 yans\u0131tan bu beyaz tee, sade ve zarif bir Ducati logosuna sahip. Her gard\u0131rop i\u00e7in m\u00fckemmel bir ekleme olan bu \u00fcst\u00fcn tee, en iyi moda trendlerini yans\u0131tmaktad\u0131r. Kusursuz bir Supreme deneyimi i\u00e7in Ducati logo tee&#8217;yi tercih edin.<\/p>\n","protected":false},"featured_media":211089,"template":"","meta":{"_acf_changed":false},"product_brand":[1942,1986],"product_cat":[1564,714,2179,2155],"product_tag":[1328],"class_list":{"0":"post-210994","1":"product","2":"type-product","3":"status-publish","4":"has-post-thumbnail","6":"product_brand-supreme","7":"product_brand-supreme-en","8":"product_cat-apparels-en","9":"product_cat-apparels","10":"product_cat-tops-en","11":"product_cat-tops","12":"product_tag-beyaz","14":"first","15":"instock","16":"shipping-taxable","17":"purchasable","18":"product-type-variable"},"acf":[],"_links":{"self":[{"href":"https:\/\/sutore.com\/en\/wp-json\/wp\/v2\/product\/210994","targetHints":{"allow":["GET"]}}],"collection":[{"href":"https:\/\/sutore.com\/en\/wp-json\/wp\/v2\/product"}],"about":[{"href":"https:\/\/sutore.com\/en\/wp-json\/wp\/v2\/types\/product"}],"wp:featuredmedia":[{"embeddable":true,"href":"https:\/\/sutore.com\/en\/wp-json\/wp\/v2\/media\/211089"}],"wp:attachment":[{"href":"https:\/\/sutore.com\/en\/wp-json\/wp\/v2\/media?parent=210994"}],"wp:term":[{"taxonomy":"product_brand","embeddable":true,"href":"https:\/\/sutore.com\/en\/wp-json\/wp\/v2\/product_brand?post=210994"},{"taxonomy":"product_cat","embeddable":true,"href":"https:\/\/sutore.com\/en\/wp-json\/wp\/v2\/product_cat?post=210994"},{"taxonomy":"product_tag","embeddable":true,"href":"https:\/\/sutore.com\/en\/wp-json\/wp\/v2\/product_tag?post=210994"}],"curies":[{"name":"wp","href":"https:\/\/api.w.org\/{rel}","templated":true}]}}