{"id":211005,"date":"2024-05-01T17:47:07","date_gmt":"2024-05-01T14:47:07","guid":{"rendered":"https:\/\/sutore.com\/?post_type=product&#038;p=211005"},"modified":"2026-03-22T04:39:49","modified_gmt":"2026-03-22T01:39:49","slug":"fear-of-god-essentials-cream-drawstring-sweatshort-jet-black","status":"publish","type":"product","link":"https:\/\/sutore.com\/en\/product\/fear-of-god-essentials-cream-drawstring-sweatshort-jet-black\/","title":{"rendered":"Fear of God Essentials Cream Drawstring Sweatshort Jet Black"},"content":{"rendered":"<p style=\"text-align: center;\">Fear of God Essentials Cream Drawstring Sweatshort Jet Black, k\u0131rp\u0131lm\u0131\u015f, rahat bir bacak kesimiyle yeniden tasarland\u0131. Fear of God Essentials logosu, eski moda ilham alsa da yumu\u015fak dokulu kau\u00e7uk uygulanmas\u0131yla g\u00fcncellendi. Ek \u00f6zellikler aras\u0131nda yeni a\u011f\u0131r bir ip ba\u011fl\u0131 elastik bel band\u0131 ve yan diki\u015f cebi bulunur. Merkezi b\u00f6l\u00fcmde yeni bir Fear of God kau\u00e7uk etiketi bulunur. K\u0131sa bir a\u00e7\u0131klama olarak; fear-of-god s\u00f6zc\u00fcklerini i\u00e7eren, yenilik\u00e7i tasar\u0131m\u0131yla dikkat \u00e7eken bu \u00fcr\u00fcn, konfor ve \u015f\u0131kl\u0131\u011f\u0131 bir arada sunar.<\/p>\n","protected":false},"excerpt":{"rendered":"<p style=\"text-align: center;\">Fear of God Essentials Cream Drawstring Sweatshort Jet Black, k\u0131rp\u0131lm\u0131\u015f, rahat bir bacak kesimiyle yeniden tasarland\u0131. Fear of God Essentials logosu, eski moda ilham alsa da yumu\u015fak dokulu kau\u00e7uk uygulanmas\u0131yla g\u00fcncellendi. Ek \u00f6zellikler aras\u0131nda yeni a\u011f\u0131r bir ip ba\u011fl\u0131 elastik bel band\u0131 ve yan diki\u015f cebi bulunur. Merkezi b\u00f6l\u00fcmde yeni bir Fear of God kau\u00e7uk etiketi bulunur. K\u0131sa bir a\u00e7\u0131klama olarak; fear-of-god s\u00f6zc\u00fcklerini i\u00e7eren, yenilik\u00e7i tasar\u0131m\u0131yla dikkat \u00e7eken bu \u00fcr\u00fcn, konfor ve \u015f\u0131kl\u0131\u011f\u0131 bir arada sunar.<\/p>\n","protected":false},"featured_media":411379,"template":"","meta":{"_acf_changed":false},"product_brand":[1973,2063,1974,2064],"product_cat":[2152,1564,2175,714],"product_tag":[1327],"class_list":{"0":"post-211005","1":"product","2":"type-product","3":"status-publish","4":"has-post-thumbnail","6":"product_brand-essentials","7":"product_brand-essentials-en","8":"product_brand-fear-of-god","9":"product_brand-fear-of-god-en","10":"product_cat-bottoms","11":"product_cat-apparels-en","12":"product_cat-bottoms-en","13":"product_cat-apparels","14":"product_tag-siyah","16":"first","17":"outofstock","18":"shipping-taxable","19":"product-type-variable"},"acf":[],"_links":{"self":[{"href":"https:\/\/sutore.com\/en\/wp-json\/wp\/v2\/product\/211005","targetHints":{"allow":["GET"]}}],"collection":[{"href":"https:\/\/sutore.com\/en\/wp-json\/wp\/v2\/product"}],"about":[{"href":"https:\/\/sutore.com\/en\/wp-json\/wp\/v2\/types\/product"}],"wp:featuredmedia":[{"embeddable":true,"href":"https:\/\/sutore.com\/en\/wp-json\/wp\/v2\/media\/411379"}],"wp:attachment":[{"href":"https:\/\/sutore.com\/en\/wp-json\/wp\/v2\/media?parent=211005"}],"wp:term":[{"taxonomy":"product_brand","embeddable":true,"href":"https:\/\/sutore.com\/en\/wp-json\/wp\/v2\/product_brand?post=211005"},{"taxonomy":"product_cat","embeddable":true,"href":"https:\/\/sutore.com\/en\/wp-json\/wp\/v2\/product_cat?post=211005"},{"taxonomy":"product_tag","embeddable":true,"href":"https:\/\/sutore.com\/en\/wp-json\/wp\/v2\/product_tag?post=211005"}],"curies":[{"name":"wp","href":"https:\/\/api.w.org\/{rel}","templated":true}]}}