{"id":212612,"date":"2024-03-14T01:45:35","date_gmt":"2024-03-13T22:45:35","guid":{"rendered":"https:\/\/sutore.com\/?post_type=product&#038;p=212612"},"modified":"2026-03-26T16:31:57","modified_gmt":"2026-03-26T13:31:57","slug":"supreme-new-era-box-logo-beanie-fw23-black","status":"publish","type":"product","link":"https:\/\/sutore.com\/en\/product\/supreme-new-era-box-logo-beanie-fw23-black\/","title":{"rendered":"Supreme New Era Box Logo Beanie (FW23) Black"},"content":{"rendered":"<p style=\"text-align: center;\">Supreme New Era Box Logo Beanie (FW23) Black, Supreme&#8217;in Sonbahar K\u0131\u015f 2023 koleksiyonundan bir \u00f6rg\u00fc \u015fapkad\u0131r. Ayn\u0131 zamanda Supreme ile New York merkezli bir sokak giyim markas\u0131 olan ve \u015fapkalar\u0131 ve spor markalar\u0131yla ortakl\u0131klar\u0131yla tan\u0131nan New Era aras\u0131ndaki bir i\u015fbirli\u011fini temsil eder.<\/p>\n","protected":false},"excerpt":{"rendered":"<p style=\"text-align: center;\">Supreme New Era Box Logo Beanie (FW23) Black, Supreme&#8217;in Sonbahar K\u0131\u015f 2023 koleksiyonundan bir \u00f6rg\u00fc \u015fapkad\u0131r. Ayn\u0131 zamanda Supreme ile New York merkezli bir sokak giyim markas\u0131 olan ve \u015fapkalar\u0131 ve spor markalar\u0131yla ortakl\u0131klar\u0131yla tan\u0131nan New Era aras\u0131ndaki bir i\u015fbirli\u011fini temsil eder.<\/p>\n","protected":false},"featured_media":212629,"template":"","meta":{"_acf_changed":false},"product_brand":[2196,2201,1942,1986],"product_cat":[1561,362,2172,2139],"product_tag":[],"class_list":{"0":"post-212612","1":"product","2":"type-product","3":"status-publish","4":"has-post-thumbnail","6":"product_brand-new-era","7":"product_brand-new-era-en","8":"product_brand-supreme","9":"product_brand-supreme-en","10":"product_cat-accessories-en","11":"product_cat-accessories","12":"product_cat-hats-en","13":"product_cat-hats","15":"first","16":"instock","17":"shipping-taxable","18":"purchasable","19":"product-type-variable"},"acf":[],"_links":{"self":[{"href":"https:\/\/sutore.com\/en\/wp-json\/wp\/v2\/product\/212612","targetHints":{"allow":["GET"]}}],"collection":[{"href":"https:\/\/sutore.com\/en\/wp-json\/wp\/v2\/product"}],"about":[{"href":"https:\/\/sutore.com\/en\/wp-json\/wp\/v2\/types\/product"}],"wp:featuredmedia":[{"embeddable":true,"href":"https:\/\/sutore.com\/en\/wp-json\/wp\/v2\/media\/212629"}],"wp:attachment":[{"href":"https:\/\/sutore.com\/en\/wp-json\/wp\/v2\/media?parent=212612"}],"wp:term":[{"taxonomy":"product_brand","embeddable":true,"href":"https:\/\/sutore.com\/en\/wp-json\/wp\/v2\/product_brand?post=212612"},{"taxonomy":"product_cat","embeddable":true,"href":"https:\/\/sutore.com\/en\/wp-json\/wp\/v2\/product_cat?post=212612"},{"taxonomy":"product_tag","embeddable":true,"href":"https:\/\/sutore.com\/en\/wp-json\/wp\/v2\/product_tag?post=212612"}],"curies":[{"name":"wp","href":"https:\/\/api.w.org\/{rel}","templated":true}]}}