{"id":219455,"date":"2024-04-21T16:48:07","date_gmt":"2024-04-21T13:48:07","guid":{"rendered":"https:\/\/sutore.com\/?post_type=product&#038;p=219455"},"modified":"2026-03-25T18:15:07","modified_gmt":"2026-03-25T15:15:07","slug":"adidas-yeezy-500-stone-salt","status":"publish","type":"product","link":"https:\/\/sutore.com\/en\/product\/adidas-yeezy-500-stone-salt\/","title":{"rendered":"adidas Yeezy 500 Stone Salt"},"content":{"rendered":"<p style=\"text-align: center;\">adidas Yeezy 500 &#8216;Stone Salt&#8217;, havadar gri file saya ile s\u00fcetin kar\u0131\u015f\u0131m\u0131ndan olu\u015fan kontrast kaplamalar\u0131 bir araya getirir. Yans\u0131t\u0131c\u0131 biye vurgular\u0131 d\u00fc\u015f\u00fck \u0131\u015f\u0131k ko\u015fullar\u0131nda g\u00f6r\u00fcn\u00fcrl\u00fc\u011fe yard\u0131mc\u0131 olurken, dolgulu yaka ve Ortholite tabanl\u0131k her y\u00f6nden pel\u00fc\u015f bir his i\u00e7in bir araya gelir. A\u015f\u0131nmaya dayan\u0131kl\u0131 kau\u00e7uk sarg\u0131, d\u0131\u015f taban\u0131nda Feet You Wear teknolojisinden esinlenilerek modellenen podlara sahip adiPRENE+ orta tabanla e\u015fle\u015fir.<\/p>\n","protected":false},"excerpt":{"rendered":"<p style=\"text-align: center;\">adidas Yeezy 500 &#8216;Stone Salt&#8217;, havadar gri file saya ile s\u00fcetin kar\u0131\u015f\u0131m\u0131ndan olu\u015fan kontrast kaplamalar\u0131 bir araya getirir. Yans\u0131t\u0131c\u0131 biye vurgular\u0131 d\u00fc\u015f\u00fck \u0131\u015f\u0131k ko\u015fullar\u0131nda g\u00f6r\u00fcn\u00fcrl\u00fc\u011fe yard\u0131mc\u0131 olurken, dolgulu yaka ve Ortholite tabanl\u0131k her y\u00f6nden pel\u00fc\u015f bir his i\u00e7in bir araya gelir. A\u015f\u0131nmaya dayan\u0131kl\u0131 kau\u00e7uk sarg\u0131, d\u0131\u015f taban\u0131nda Feet You Wear teknolojisinden esinlenilerek modellenen podlara sahip adiPRENE+ orta tabanla e\u015fle\u015fir.<\/p>\n","protected":false},"featured_media":219444,"template":"","meta":{"_acf_changed":false},"product_brand":[2127,1927,2003,2126],"product_cat":[1574,102,71,1570,74,1569,1571,72],"product_tag":[1334],"class_list":{"0":"post-219455","1":"product","2":"type-product","3":"status-publish","4":"has-post-thumbnail","6":"product_brand-adidas-en","7":"product_brand-adidas","8":"product_brand-yeezy","9":"product_brand-yeezy-en","10":"product_cat-500-en","11":"product_cat-102","12":"product_cat-adidas","13":"product_cat-adidas-en","14":"product_cat-sneakers","15":"product_cat-sneakers-en","16":"product_cat-yeezy-en","17":"product_cat-yeezy","18":"product_tag-gri","20":"first","21":"instock","22":"shipping-taxable","23":"purchasable","24":"product-type-variable"},"acf":[],"_links":{"self":[{"href":"https:\/\/sutore.com\/en\/wp-json\/wp\/v2\/product\/219455","targetHints":{"allow":["GET"]}}],"collection":[{"href":"https:\/\/sutore.com\/en\/wp-json\/wp\/v2\/product"}],"about":[{"href":"https:\/\/sutore.com\/en\/wp-json\/wp\/v2\/types\/product"}],"wp:featuredmedia":[{"embeddable":true,"href":"https:\/\/sutore.com\/en\/wp-json\/wp\/v2\/media\/219444"}],"wp:attachment":[{"href":"https:\/\/sutore.com\/en\/wp-json\/wp\/v2\/media?parent=219455"}],"wp:term":[{"taxonomy":"product_brand","embeddable":true,"href":"https:\/\/sutore.com\/en\/wp-json\/wp\/v2\/product_brand?post=219455"},{"taxonomy":"product_cat","embeddable":true,"href":"https:\/\/sutore.com\/en\/wp-json\/wp\/v2\/product_cat?post=219455"},{"taxonomy":"product_tag","embeddable":true,"href":"https:\/\/sutore.com\/en\/wp-json\/wp\/v2\/product_tag?post=219455"}],"curies":[{"name":"wp","href":"https:\/\/api.w.org\/{rel}","templated":true}]}}