{"id":219956,"date":"2024-05-01T13:53:43","date_gmt":"2024-05-01T10:53:43","guid":{"rendered":"https:\/\/sutore.com\/?post_type=product&#038;p=219956"},"modified":"2026-04-02T17:20:45","modified_gmt":"2026-04-02T14:20:45","slug":"adidas-koln-24-almost-yellow","status":"publish","type":"product","link":"https:\/\/sutore.com\/en\/product\/adidas-koln-24-almost-yellow\/","title":{"rendered":"adidas Koln 24 Almost Yellow"},"content":{"rendered":"<p style=\"text-align: center;\">G\u00f6z al\u0131c\u0131 pigmentlere sahip adidas Koln 24 &#8220;Almost Yellow&#8221;, Alman \u015fehrinin canl\u0131 atmosferini yans\u0131t\u0131yor. D\u00fc\u015f\u00fck profilli spor ayakkab\u0131, 70&#8217;lerin sonlar\u0131ndan kalma \u00fcnl\u00fc City Serisi modellerinden biridir ve son zamanlarda teras ayakkab\u0131lar\u0131n\u0131n yeniden canlanmas\u0131 sayesinde dikkat \u00e7ekmektedir. Bu adidas Koln 24 rengi, UEFA Euro 2024&#8217;e ev sahipli\u011fi yapan d\u00fcnya standar\u0131lar\u0131ndaki Alman stadyumlar\u0131ndan birini kutluyor.<\/p>\n","protected":false},"excerpt":{"rendered":"<p style=\"text-align: center;\">G\u00f6z al\u0131c\u0131 pigmentlere sahip adidas Koln 24 &#8220;Almost Yellow&#8221;, Alman \u015fehrinin canl\u0131 atmosferini yans\u0131t\u0131yor. D\u00fc\u015f\u00fck profilli spor ayakkab\u0131, 70&#8217;lerin sonlar\u0131ndan kalma \u00fcnl\u00fc City Serisi modellerinden biridir ve son zamanlarda teras ayakkab\u0131lar\u0131n\u0131n yeniden canlanmas\u0131 sayesinde dikkat \u00e7ekmektedir. Bu adidas Koln 24 rengi, UEFA Euro 2024&#8217;e ev sahipli\u011fi yapan d\u00fcnya standar\u0131lar\u0131ndaki Alman stadyumlar\u0131ndan birini kutluyor.<\/p>\n","protected":false},"featured_media":219954,"template":"","meta":{"_acf_changed":false},"product_brand":[2127,1927],"product_cat":[71,1570,74,1569],"product_tag":[],"class_list":{"0":"post-219956","1":"product","2":"type-product","3":"status-publish","4":"has-post-thumbnail","6":"product_brand-adidas-en","7":"product_brand-adidas","8":"product_cat-adidas","9":"product_cat-adidas-en","10":"product_cat-sneakers","11":"product_cat-sneakers-en","13":"first","14":"instock","15":"shipping-taxable","16":"purchasable","17":"product-type-variable"},"acf":[],"_links":{"self":[{"href":"https:\/\/sutore.com\/en\/wp-json\/wp\/v2\/product\/219956","targetHints":{"allow":["GET"]}}],"collection":[{"href":"https:\/\/sutore.com\/en\/wp-json\/wp\/v2\/product"}],"about":[{"href":"https:\/\/sutore.com\/en\/wp-json\/wp\/v2\/types\/product"}],"wp:featuredmedia":[{"embeddable":true,"href":"https:\/\/sutore.com\/en\/wp-json\/wp\/v2\/media\/219954"}],"wp:attachment":[{"href":"https:\/\/sutore.com\/en\/wp-json\/wp\/v2\/media?parent=219956"}],"wp:term":[{"taxonomy":"product_brand","embeddable":true,"href":"https:\/\/sutore.com\/en\/wp-json\/wp\/v2\/product_brand?post=219956"},{"taxonomy":"product_cat","embeddable":true,"href":"https:\/\/sutore.com\/en\/wp-json\/wp\/v2\/product_cat?post=219956"},{"taxonomy":"product_tag","embeddable":true,"href":"https:\/\/sutore.com\/en\/wp-json\/wp\/v2\/product_tag?post=219956"}],"curies":[{"name":"wp","href":"https:\/\/api.w.org\/{rel}","templated":true}]}}