{"id":219958,"date":"2024-03-29T13:53:44","date_gmt":"2024-03-29T10:53:44","guid":{"rendered":"https:\/\/sutore.com\/?post_type=product&#038;p=219958"},"modified":"2026-04-02T17:25:54","modified_gmt":"2026-04-02T14:25:54","slug":"adidas-yeezy-boost-350-v2-sulfur","status":"publish","type":"product","link":"https:\/\/sutore.com\/en\/product\/adidas-yeezy-boost-350-v2-sulfur\/","title":{"rendered":"adidas Yeezy Boost 350 V2 Sulfur"},"content":{"rendered":"<p style=\"text-align: center;\">Yeezy, StockX&#8217;te sat\u0131\u015fa sunulan adidas Yeezy 350 V2 Sulfur ile en pop\u00fcler tasar\u0131m\u0131na bir renk daha ekliyor. Bu 350 V2, Yeezy&#8217;nin imza paletine sad\u0131k kalarak do\u011fal bir his veren a\u00e7\u0131k toprak tonlar\u0131na sahip. Bu Yeezy 350 V2, tonal file yan \u015feritli S\u00fclf\u00fcr Primeknit \u00fcst k\u0131s\u0131mdan olu\u015fur. S\u00fclf\u00fcr Boost yast\u0131klamal\u0131 orta taban ve a\u00e7\u0131k kahverengi d\u0131\u015f taban tasar\u0131m\u0131 tamamlar.<\/p>\n","protected":false},"excerpt":{"rendered":"<p style=\"text-align: center;\">Yeezy, StockX&#8217;te sat\u0131\u015fa sunulan adidas Yeezy 350 V2 Sulfur ile en pop\u00fcler tasar\u0131m\u0131na bir renk daha ekliyor. Bu 350 V2, Yeezy&#8217;nin imza paletine sad\u0131k kalarak do\u011fal bir his veren a\u00e7\u0131k toprak tonlar\u0131na sahip. Bu Yeezy 350 V2, tonal file yan \u015feritli S\u00fclf\u00fcr Primeknit \u00fcst k\u0131s\u0131mdan olu\u015fur. S\u00fclf\u00fcr Boost yast\u0131klamal\u0131 orta taban ve a\u00e7\u0131k kahverengi d\u0131\u015f taban tasar\u0131m\u0131 tamamlar.<\/p>\n","protected":false},"featured_media":219950,"template":"","meta":{"_acf_changed":false},"product_brand":[2127,1927,2003,2126],"product_cat":[73,1572,71,1570,74,1569,1571,72],"product_tag":[1335],"class_list":{"0":"post-219958","1":"product","2":"type-product","3":"status-publish","4":"has-post-thumbnail","6":"product_brand-adidas-en","7":"product_brand-adidas","8":"product_brand-yeezy","9":"product_brand-yeezy-en","10":"product_cat-73","11":"product_cat-350-en","12":"product_cat-adidas","13":"product_cat-adidas-en","14":"product_cat-sneakers","15":"product_cat-sneakers-en","16":"product_cat-yeezy-en","17":"product_cat-yeezy","18":"product_tag-sari","20":"first","21":"instock","22":"shipping-taxable","23":"purchasable","24":"product-type-variable"},"acf":[],"_links":{"self":[{"href":"https:\/\/sutore.com\/en\/wp-json\/wp\/v2\/product\/219958","targetHints":{"allow":["GET"]}}],"collection":[{"href":"https:\/\/sutore.com\/en\/wp-json\/wp\/v2\/product"}],"about":[{"href":"https:\/\/sutore.com\/en\/wp-json\/wp\/v2\/types\/product"}],"wp:featuredmedia":[{"embeddable":true,"href":"https:\/\/sutore.com\/en\/wp-json\/wp\/v2\/media\/219950"}],"wp:attachment":[{"href":"https:\/\/sutore.com\/en\/wp-json\/wp\/v2\/media?parent=219958"}],"wp:term":[{"taxonomy":"product_brand","embeddable":true,"href":"https:\/\/sutore.com\/en\/wp-json\/wp\/v2\/product_brand?post=219958"},{"taxonomy":"product_cat","embeddable":true,"href":"https:\/\/sutore.com\/en\/wp-json\/wp\/v2\/product_cat?post=219958"},{"taxonomy":"product_tag","embeddable":true,"href":"https:\/\/sutore.com\/en\/wp-json\/wp\/v2\/product_tag?post=219958"}],"curies":[{"name":"wp","href":"https:\/\/api.w.org\/{rel}","templated":true}]}}