{"id":219959,"date":"2024-04-29T13:53:44","date_gmt":"2024-04-29T10:53:44","guid":{"rendered":"https:\/\/sutore.com\/?post_type=product&#038;p=219959"},"modified":"2026-03-20T23:58:01","modified_gmt":"2026-03-20T20:58:01","slug":"new-balance-530-white-blue-haze","status":"publish","type":"product","link":"https:\/\/sutore.com\/en\/product\/new-balance-530-white-blue-haze\/","title":{"rendered":"New Balance 530 White Blue Haze"},"content":{"rendered":"<p style=\"text-align: center;\">New Balance MR530BB spor ayakkab\u0131s\u0131 beyaz\/bebek mavisi rengiyle geliyor. 530 modeli, ilk olarak 1990&#8217;larda tan\u0131t\u0131lan retro esintili bir ko\u015fu ayakkab\u0131s\u0131d\u0131r. \u015e\u0131k tasar\u0131m\u0131 ve rahat oturu\u015fu ile bilinir. Ayakkab\u0131n\u0131n yast\u0131klamal\u0131 orta taban\u0131 ve destekleyici \u00fcst k\u0131sm\u0131, onu hem g\u00fcndelik giyim hem de atletik aktiviteler i\u00e7in pop\u00fcler bir se\u00e7im haline getiriyor.<\/p>\n","protected":false},"excerpt":{"rendered":"<p style=\"text-align: center;\">New Balance MR530BB spor ayakkab\u0131s\u0131 beyaz\/bebek mavisi rengiyle geliyor. 530 modeli, ilk olarak 1990&#8217;larda tan\u0131t\u0131lan retro esintili bir ko\u015fu ayakkab\u0131s\u0131d\u0131r. \u015e\u0131k tasar\u0131m\u0131 ve rahat oturu\u015fu ile bilinir. Ayakkab\u0131n\u0131n yast\u0131klamal\u0131 orta taban\u0131 ve destekleyici \u00fcst k\u0131sm\u0131, onu hem g\u00fcndelik giyim hem de atletik aktiviteler i\u00e7in pop\u00fcler bir se\u00e7im haline getiriyor.<\/p>\n","protected":false},"featured_media":219948,"template":"","meta":{"_acf_changed":false},"product_brand":[1980,2086],"product_cat":[1800,1808,109,1588,74,1569],"product_tag":[1328],"class_list":{"0":"post-219959","1":"product","2":"type-product","3":"status-publish","4":"has-post-thumbnail","6":"product_brand-new-balance","7":"product_brand-new-balance-en","8":"product_cat-1800","9":"product_cat-530-en","10":"product_cat-new-balance","11":"product_cat-new-balance-en","12":"product_cat-sneakers","13":"product_cat-sneakers-en","14":"product_tag-beyaz","16":"first","17":"instock","18":"shipping-taxable","19":"purchasable","20":"product-type-variable"},"acf":[],"_links":{"self":[{"href":"https:\/\/sutore.com\/en\/wp-json\/wp\/v2\/product\/219959","targetHints":{"allow":["GET"]}}],"collection":[{"href":"https:\/\/sutore.com\/en\/wp-json\/wp\/v2\/product"}],"about":[{"href":"https:\/\/sutore.com\/en\/wp-json\/wp\/v2\/types\/product"}],"wp:featuredmedia":[{"embeddable":true,"href":"https:\/\/sutore.com\/en\/wp-json\/wp\/v2\/media\/219948"}],"wp:attachment":[{"href":"https:\/\/sutore.com\/en\/wp-json\/wp\/v2\/media?parent=219959"}],"wp:term":[{"taxonomy":"product_brand","embeddable":true,"href":"https:\/\/sutore.com\/en\/wp-json\/wp\/v2\/product_brand?post=219959"},{"taxonomy":"product_cat","embeddable":true,"href":"https:\/\/sutore.com\/en\/wp-json\/wp\/v2\/product_cat?post=219959"},{"taxonomy":"product_tag","embeddable":true,"href":"https:\/\/sutore.com\/en\/wp-json\/wp\/v2\/product_tag?post=219959"}],"curies":[{"name":"wp","href":"https:\/\/api.w.org\/{rel}","templated":true}]}}