{"id":221757,"date":"2024-06-08T00:03:29","date_gmt":"2024-06-07T21:03:29","guid":{"rendered":"https:\/\/sutore.com\/?post_type=product&#038;p=221757"},"modified":"2026-03-30T16:39:15","modified_gmt":"2026-03-30T13:39:15","slug":"new-balance-530-white-blue-oasis","status":"publish","type":"product","link":"https:\/\/sutore.com\/en\/product\/new-balance-530-white-blue-oasis\/","title":{"rendered":"New Balance 530 White Blue Oasis"},"content":{"rendered":"<p style=\"text-align: center;\">New Balance 530, g\u00fcnl\u00fck stili ABZORB yast\u0131klaman\u0131n modern teknolojisiyle birle\u015ftiren 2000&#8217;lerin esteti\u011fine sahiptir. \u00dcst k\u0131sm\u0131 beyaz, g\u00fcm\u00fc\u015f ve mavi kar\u0131\u015f\u0131m\u0131yla donat\u0131lan bu NB 530, vintage sararm\u0131\u015f orta tabana, ayarlanabilir ba\u011fc\u0131kl\u0131 kapa\u011fa sahiptir ve maksimum konfor i\u00e7in sentetik ve file kar\u0131\u015f\u0131m\u0131yla \u00fcretilmi\u015ftir.<\/p>\n","protected":false},"excerpt":{"rendered":"<p style=\"text-align: center;\">New Balance 530, g\u00fcnl\u00fck stili ABZORB yast\u0131klaman\u0131n modern teknolojisiyle birle\u015ftiren 2000&#8217;lerin esteti\u011fine sahiptir. \u00dcst k\u0131sm\u0131 beyaz, g\u00fcm\u00fc\u015f ve mavi kar\u0131\u015f\u0131m\u0131yla donat\u0131lan bu NB 530, vintage sararm\u0131\u015f orta tabana, ayarlanabilir ba\u011fc\u0131kl\u0131 kapa\u011fa sahiptir ve maksimum konfor i\u00e7in sentetik ve file kar\u0131\u015f\u0131m\u0131yla \u00fcretilmi\u015ftir.<\/p>\n","protected":false},"featured_media":221750,"template":"","meta":{"_acf_changed":false},"product_brand":[1980,2086],"product_cat":[1800,1808,109,1588,74,1569],"product_tag":[1328],"class_list":{"0":"post-221757","1":"product","2":"type-product","3":"status-publish","4":"has-post-thumbnail","6":"product_brand-new-balance","7":"product_brand-new-balance-en","8":"product_cat-1800","9":"product_cat-530-en","10":"product_cat-new-balance","11":"product_cat-new-balance-en","12":"product_cat-sneakers","13":"product_cat-sneakers-en","14":"product_tag-beyaz","16":"first","17":"instock","18":"shipping-taxable","19":"purchasable","20":"product-type-variable"},"acf":[],"_links":{"self":[{"href":"https:\/\/sutore.com\/en\/wp-json\/wp\/v2\/product\/221757","targetHints":{"allow":["GET"]}}],"collection":[{"href":"https:\/\/sutore.com\/en\/wp-json\/wp\/v2\/product"}],"about":[{"href":"https:\/\/sutore.com\/en\/wp-json\/wp\/v2\/types\/product"}],"wp:featuredmedia":[{"embeddable":true,"href":"https:\/\/sutore.com\/en\/wp-json\/wp\/v2\/media\/221750"}],"wp:attachment":[{"href":"https:\/\/sutore.com\/en\/wp-json\/wp\/v2\/media?parent=221757"}],"wp:term":[{"taxonomy":"product_brand","embeddable":true,"href":"https:\/\/sutore.com\/en\/wp-json\/wp\/v2\/product_brand?post=221757"},{"taxonomy":"product_cat","embeddable":true,"href":"https:\/\/sutore.com\/en\/wp-json\/wp\/v2\/product_cat?post=221757"},{"taxonomy":"product_tag","embeddable":true,"href":"https:\/\/sutore.com\/en\/wp-json\/wp\/v2\/product_tag?post=221757"}],"curies":[{"name":"wp","href":"https:\/\/api.w.org\/{rel}","templated":true}]}}