{"id":222699,"date":"2024-07-13T17:15:07","date_gmt":"2024-07-13T14:15:07","guid":{"rendered":"https:\/\/sutore.com\/?post_type=product&#038;p=222699"},"modified":"2026-03-27T14:02:55","modified_gmt":"2026-03-27T11:02:55","slug":"nike-dunk-low-next-nature-summit-white-baroque-brown","status":"publish","type":"product","link":"https:\/\/sutore.com\/en\/product\/nike-dunk-low-next-nature-summit-white-baroque-brown\/","title":{"rendered":"Nike Dunk Low Next Nature Summit White Baroque Brown"},"content":{"rendered":"<p style=\"text-align: center;\">Nike Dunk Low Next Nature &#8220;Summit White Baroque Brown&#8221;, kirli beyaz sentetik deri kaplamalara sahip kahverengi eskitme deri \u00fcst k\u0131sma sahiptir. N\u00f6tr ten rengi vurgular, Swoosh ve Nike markal\u0131 arka \u00e7\u0131k\u0131nt\u0131ya vurur. Eskitilmi\u015f orta taban, diki\u015fli yan duvarlar arac\u0131l\u0131\u011f\u0131yla tutturulur ve barok kahverengi kau\u00e7uk d\u0131\u015f tabanla sabitlenir.<\/p>\n","protected":false},"excerpt":{"rendered":"<p style=\"text-align: center;\">Nike Dunk Low Next Nature &#8220;Summit White Baroque Brown&#8221;, kirli beyaz sentetik deri kaplamalara sahip kahverengi eskitme deri \u00fcst k\u0131sma sahiptir. N\u00f6tr ten rengi vurgular, Swoosh ve Nike markal\u0131 arka \u00e7\u0131k\u0131nt\u0131ya vurur. Eskitilmi\u015f orta taban, diki\u015fli yan duvarlar arac\u0131l\u0131\u011f\u0131yla tutturulur ve barok kahverengi kau\u00e7uk d\u0131\u015f tabanla sabitlenir.<\/p>\n","protected":false},"featured_media":222700,"template":"","meta":{"_acf_changed":false},"product_brand":[2087,1928],"product_cat":[1585,100,1582,98,74,1569],"product_tag":[1338],"class_list":{"0":"post-222699","1":"product","2":"type-product","3":"status-publish","4":"has-post-thumbnail","6":"product_brand-nike-en","7":"product_brand-nike","8":"product_cat-dunk-en","9":"product_cat-dunk","10":"product_cat-nike-en","11":"product_cat-nike","12":"product_cat-sneakers","13":"product_cat-sneakers-en","14":"product_tag-kahverengi","16":"first","17":"instock","18":"shipping-taxable","19":"purchasable","20":"product-type-variable"},"acf":[],"_links":{"self":[{"href":"https:\/\/sutore.com\/en\/wp-json\/wp\/v2\/product\/222699","targetHints":{"allow":["GET"]}}],"collection":[{"href":"https:\/\/sutore.com\/en\/wp-json\/wp\/v2\/product"}],"about":[{"href":"https:\/\/sutore.com\/en\/wp-json\/wp\/v2\/types\/product"}],"wp:featuredmedia":[{"embeddable":true,"href":"https:\/\/sutore.com\/en\/wp-json\/wp\/v2\/media\/222700"}],"wp:attachment":[{"href":"https:\/\/sutore.com\/en\/wp-json\/wp\/v2\/media?parent=222699"}],"wp:term":[{"taxonomy":"product_brand","embeddable":true,"href":"https:\/\/sutore.com\/en\/wp-json\/wp\/v2\/product_brand?post=222699"},{"taxonomy":"product_cat","embeddable":true,"href":"https:\/\/sutore.com\/en\/wp-json\/wp\/v2\/product_cat?post=222699"},{"taxonomy":"product_tag","embeddable":true,"href":"https:\/\/sutore.com\/en\/wp-json\/wp\/v2\/product_tag?post=222699"}],"curies":[{"name":"wp","href":"https:\/\/api.w.org\/{rel}","templated":true}]}}