{"id":222857,"date":"2024-07-15T18:18:55","date_gmt":"2024-07-15T15:18:55","guid":{"rendered":"https:\/\/sutore.com\/?post_type=product&#038;p=222857"},"modified":"2026-04-04T05:15:17","modified_gmt":"2026-04-04T02:15:17","slug":"crocs-classic-clog-minions","status":"publish","type":"product","link":"https:\/\/sutore.com\/en\/product\/crocs-classic-clog-minions\/","title":{"rendered":"Crocs Classic Clog Minions"},"content":{"rendered":"<p style=\"text-align: center;\">Minions Classic Clog, bask\u0131l\u0131 kot tulumuyla en sevdi\u011finiz sar\u0131 karaktere benzeyecek \u015fekilde tasarlanm\u0131\u015ft\u0131r. Ayak bile\u011fi kay\u0131\u015f\u0131, temel Minions g\u00f6r\u00fcn\u00fcm\u00fcn\u00fc tamamlamak i\u00e7in g\u00f6zl\u00fckl\u00fc bir g\u00f6z k\u00fcresine sahiptir. Minions logolar\u0131 per\u00e7in ve topu\u011fu s\u00fcslerken, t\u00fcm tasar\u0131m Crocs&#8217;un ikonik konforuyla desteklenir.<\/p>\n","protected":false},"excerpt":{"rendered":"<p style=\"text-align: center;\">Minions Classic Clog, bask\u0131l\u0131 kot tulumuyla en sevdi\u011finiz sar\u0131 karaktere benzeyecek \u015fekilde tasarlanm\u0131\u015ft\u0131r. Ayak bile\u011fi kay\u0131\u015f\u0131, temel Minions g\u00f6r\u00fcn\u00fcm\u00fcn\u00fc tamamlamak i\u00e7in g\u00f6zl\u00fckl\u00fc bir g\u00f6z k\u00fcresine sahiptir. Minions logolar\u0131 per\u00e7in ve topu\u011fu s\u00fcslerken, t\u00fcm tasar\u0131m Crocs&#8217;un ikonik konforuyla desteklenir.<\/p>\n","protected":false},"featured_media":222858,"template":"","meta":{"_acf_changed":false},"product_brand":[2057,1901],"product_cat":[2158,2182,74,1569],"product_tag":[1335],"class_list":{"0":"post-222857","1":"product","2":"type-product","3":"status-publish","4":"has-post-thumbnail","6":"product_brand-crocs-en","7":"product_brand-crocs","8":"product_cat-others","9":"product_cat-others-en","10":"product_cat-sneakers","11":"product_cat-sneakers-en","12":"product_tag-sari","14":"first","15":"instock","16":"shipping-taxable","17":"purchasable","18":"product-type-variable"},"acf":[],"_links":{"self":[{"href":"https:\/\/sutore.com\/en\/wp-json\/wp\/v2\/product\/222857","targetHints":{"allow":["GET"]}}],"collection":[{"href":"https:\/\/sutore.com\/en\/wp-json\/wp\/v2\/product"}],"about":[{"href":"https:\/\/sutore.com\/en\/wp-json\/wp\/v2\/types\/product"}],"wp:featuredmedia":[{"embeddable":true,"href":"https:\/\/sutore.com\/en\/wp-json\/wp\/v2\/media\/222858"}],"wp:attachment":[{"href":"https:\/\/sutore.com\/en\/wp-json\/wp\/v2\/media?parent=222857"}],"wp:term":[{"taxonomy":"product_brand","embeddable":true,"href":"https:\/\/sutore.com\/en\/wp-json\/wp\/v2\/product_brand?post=222857"},{"taxonomy":"product_cat","embeddable":true,"href":"https:\/\/sutore.com\/en\/wp-json\/wp\/v2\/product_cat?post=222857"},{"taxonomy":"product_tag","embeddable":true,"href":"https:\/\/sutore.com\/en\/wp-json\/wp\/v2\/product_tag?post=222857"}],"curies":[{"name":"wp","href":"https:\/\/api.w.org\/{rel}","templated":true}]}}