{"id":223755,"date":"2024-07-24T01:44:52","date_gmt":"2024-07-23T22:44:52","guid":{"rendered":"https:\/\/sutore.com\/?post_type=product&#038;p=223755"},"modified":"2026-03-27T14:00:57","modified_gmt":"2026-03-27T11:00:57","slug":"nike-dunk-low-neapolitan-womens","status":"publish","type":"product","link":"https:\/\/sutore.com\/en\/product\/nike-dunk-low-neapolitan-womens\/","title":{"rendered":"Nike Dunk Low Neapolitan (W)"},"content":{"rendered":"<p style=\"text-align: center;\">Nike Women&#8217;s Dunk Low \u201cNeapolitan\u201d, Cacao Wow renginde deri \u00fcst k\u0131sma ve \u00f6n ayak ile topukta Pembe s\u00fcet kaplamalara sahiptir. Beyaz deri Swoosh ve k\u0131pk\u0131rm\u0131z\u0131 s\u00fcet arka \u00e7\u0131k\u0131nt\u0131ya i\u015flenmi\u015f Nike logosu, marka unsurlar\u0131 aras\u0131nda yer al\u0131r.<\/p>\n","protected":false},"excerpt":{"rendered":"<p style=\"text-align: center;\">Nike Women&#8217;s Dunk Low \u201cNeapolitan\u201d, Cacao Wow renginde deri \u00fcst k\u0131sma ve \u00f6n ayak ile topukta Pembe s\u00fcet kaplamalara sahiptir. Beyaz deri Swoosh ve k\u0131pk\u0131rm\u0131z\u0131 s\u00fcet arka \u00e7\u0131k\u0131nt\u0131ya i\u015flenmi\u015f Nike logosu, marka unsurlar\u0131 aras\u0131nda yer al\u0131r.<\/p>\n","protected":false},"featured_media":223735,"template":"","meta":{"_acf_changed":false},"product_brand":[1928,2087],"product_cat":[100,1585,98,1582,74,1569],"product_tag":[1330],"class_list":{"0":"post-223755","1":"product","2":"type-product","3":"status-publish","4":"has-post-thumbnail","6":"product_brand-nike","7":"product_brand-nike-en","8":"product_cat-dunk","9":"product_cat-dunk-en","10":"product_cat-nike","11":"product_cat-nike-en","12":"product_cat-sneakers","13":"product_cat-sneakers-en","14":"product_tag-pembe","16":"first","17":"instock","18":"shipping-taxable","19":"purchasable","20":"product-type-variable"},"acf":[],"_links":{"self":[{"href":"https:\/\/sutore.com\/en\/wp-json\/wp\/v2\/product\/223755","targetHints":{"allow":["GET"]}}],"collection":[{"href":"https:\/\/sutore.com\/en\/wp-json\/wp\/v2\/product"}],"about":[{"href":"https:\/\/sutore.com\/en\/wp-json\/wp\/v2\/types\/product"}],"wp:featuredmedia":[{"embeddable":true,"href":"https:\/\/sutore.com\/en\/wp-json\/wp\/v2\/media\/223735"}],"wp:attachment":[{"href":"https:\/\/sutore.com\/en\/wp-json\/wp\/v2\/media?parent=223755"}],"wp:term":[{"taxonomy":"product_brand","embeddable":true,"href":"https:\/\/sutore.com\/en\/wp-json\/wp\/v2\/product_brand?post=223755"},{"taxonomy":"product_cat","embeddable":true,"href":"https:\/\/sutore.com\/en\/wp-json\/wp\/v2\/product_cat?post=223755"},{"taxonomy":"product_tag","embeddable":true,"href":"https:\/\/sutore.com\/en\/wp-json\/wp\/v2\/product_tag?post=223755"}],"curies":[{"name":"wp","href":"https:\/\/api.w.org\/{rel}","templated":true}]}}