{"id":225057,"date":"2024-07-06T18:02:12","date_gmt":"2024-07-06T15:02:12","guid":{"rendered":"https:\/\/sutore.com\/?post_type=product&#038;p=225057"},"modified":"2026-04-04T05:15:26","modified_gmt":"2026-04-04T02:15:26","slug":"adidas-gazelle-indoor-core-black","status":"publish","type":"product","link":"https:\/\/sutore.com\/en\/product\/adidas-gazelle-indoor-core-black\/","title":{"rendered":"adidas Gazelle Indoor Core Black"},"content":{"rendered":"<p style=\"text-align: center;\">Bir zamanlar antrenman ayakkab\u0131s\u0131yken \u015fimdi zamans\u0131z bir ikon haline gelen bu adidas Gazelle ayakkab\u0131lar, s\u00fcet sayay\u0131 kau\u00e7uk d\u0131\u015f tabanla bir araya getirerek g\u00fcndelik kullan\u0131m i\u00e7in m\u00fckemmel bir retro g\u00f6r\u00fcn\u00fcm sunar. Kontrast topuk t\u0131rna\u011f\u0131 ve 3-Stripes \u015f\u0131k tasar\u0131m\u0131 tamamlar.<\/p>\n","protected":false},"excerpt":{"rendered":"<p style=\"text-align: center;\">Bir zamanlar antrenman ayakkab\u0131s\u0131yken \u015fimdi zamans\u0131z bir ikon haline gelen bu adidas Gazelle ayakkab\u0131lar, s\u00fcet sayay\u0131 kau\u00e7uk d\u0131\u015f tabanla bir araya getirerek g\u00fcndelik kullan\u0131m i\u00e7in m\u00fckemmel bir retro g\u00f6r\u00fcn\u00fcm sunar. Kontrast topuk t\u0131rna\u011f\u0131 ve 3-Stripes \u015f\u0131k tasar\u0131m\u0131 tamamlar.<\/p>\n","protected":false},"featured_media":225040,"template":"","meta":{"_acf_changed":false},"product_brand":[2127,1927],"product_cat":[71,1570,1929,1936,74,1569],"product_tag":[1327],"class_list":{"0":"post-225057","1":"product","2":"type-product","3":"status-publish","4":"has-post-thumbnail","6":"product_brand-adidas-en","7":"product_brand-adidas","8":"product_cat-adidas","9":"product_cat-adidas-en","10":"product_cat-gazelle","11":"product_cat-gazelle-en","12":"product_cat-sneakers","13":"product_cat-sneakers-en","14":"product_tag-siyah","16":"first","17":"instock","18":"shipping-taxable","19":"purchasable","20":"product-type-variable"},"acf":[],"_links":{"self":[{"href":"https:\/\/sutore.com\/en\/wp-json\/wp\/v2\/product\/225057","targetHints":{"allow":["GET"]}}],"collection":[{"href":"https:\/\/sutore.com\/en\/wp-json\/wp\/v2\/product"}],"about":[{"href":"https:\/\/sutore.com\/en\/wp-json\/wp\/v2\/types\/product"}],"wp:featuredmedia":[{"embeddable":true,"href":"https:\/\/sutore.com\/en\/wp-json\/wp\/v2\/media\/225040"}],"wp:attachment":[{"href":"https:\/\/sutore.com\/en\/wp-json\/wp\/v2\/media?parent=225057"}],"wp:term":[{"taxonomy":"product_brand","embeddable":true,"href":"https:\/\/sutore.com\/en\/wp-json\/wp\/v2\/product_brand?post=225057"},{"taxonomy":"product_cat","embeddable":true,"href":"https:\/\/sutore.com\/en\/wp-json\/wp\/v2\/product_cat?post=225057"},{"taxonomy":"product_tag","embeddable":true,"href":"https:\/\/sutore.com\/en\/wp-json\/wp\/v2\/product_tag?post=225057"}],"curies":[{"name":"wp","href":"https:\/\/api.w.org\/{rel}","templated":true}]}}