{"id":226000,"date":"2024-05-01T02:34:51","date_gmt":"2024-04-30T23:34:51","guid":{"rendered":"https:\/\/sutore.com\/?post_type=product&#038;p=226000"},"modified":"2026-04-02T17:21:25","modified_gmt":"2026-04-02T14:21:25","slug":"nike-air-jordan-1-mid-jade-smoke-womens","status":"publish","type":"product","link":"https:\/\/sutore.com\/en\/product\/nike-air-jordan-1-mid-jade-smoke-womens\/","title":{"rendered":"Nike Air Jordan 1 Mid Jade Smoke (W)"},"content":{"rendered":"<p style=\"text-align: center;\">Jordan 1 Mid Jade Smoke (Women&#8217;s), orijinali Peter Moore taraf\u0131ndan haz\u0131rlanm\u0131\u015f klasik bir tasar\u0131m\u0131 renk bloklar\u0131yla s\u00fcsleyerek sunuyor. Bu spor ayakkab\u0131 kad\u0131nlar i\u00e7in \u00f6zel olarak tasarlanm\u0131\u015ft\u0131r. Bu ikonik orta \u00fcst ayakkab\u0131n\u0131n \u00fcst k\u0131sm\u0131, d\u00fcz beyaz deri taban\u0131 kaplayan Jade Smoke deri kaplamalara sahiptir. Burun k\u0131sm\u0131ndaki ikonik delikler daha fazla havaland\u0131rma ve daha fazla konfor sunar. Jade Smoke d\u00fcz ba\u011fc\u0131klar, beyaz naylon dilin \u00fczerinden ge\u00e7erek rahat bir kapan\u0131\u015f sunar.<\/p>\n","protected":false},"excerpt":{"rendered":"<p style=\"text-align: center;\">Jordan 1 Mid Jade Smoke (Women&#8217;s), orijinali Peter Moore taraf\u0131ndan haz\u0131rlanm\u0131\u015f klasik bir tasar\u0131m\u0131 renk bloklar\u0131yla s\u00fcsleyerek sunuyor. Bu spor ayakkab\u0131 kad\u0131nlar i\u00e7in \u00f6zel olarak tasarlanm\u0131\u015ft\u0131r. Bu ikonik orta \u00fcst ayakkab\u0131n\u0131n \u00fcst k\u0131sm\u0131, d\u00fcz beyaz deri taban\u0131 kaplayan Jade Smoke deri kaplamalara sahiptir. Burun k\u0131sm\u0131ndaki ikonik delikler daha fazla havaland\u0131rma ve daha fazla konfor sunar. Jade Smoke d\u00fcz ba\u011fc\u0131klar, beyaz naylon dilin \u00fczerinden ge\u00e7erek rahat bir kapan\u0131\u015f sunar.<\/p>\n","protected":false},"featured_media":226049,"template":"","meta":{"_acf_changed":false},"product_brand":[2041,2019,2087,1928],"product_cat":[1577,96,944,1580,74,1569],"product_tag":[],"class_list":{"0":"post-226000","1":"product","2":"type-product","3":"status-publish","4":"has-post-thumbnail","6":"product_brand-air-jordan-en","7":"product_brand-air-jordan","8":"product_brand-nike-en","9":"product_brand-nike","10":"product_cat-air-jordan-en","11":"product_cat-air-jordan","12":"product_cat-mid","13":"product_cat-mid-en","14":"product_cat-sneakers","15":"product_cat-sneakers-en","17":"first","18":"instock","19":"shipping-taxable","20":"purchasable","21":"product-type-variable"},"acf":[],"_links":{"self":[{"href":"https:\/\/sutore.com\/en\/wp-json\/wp\/v2\/product\/226000","targetHints":{"allow":["GET"]}}],"collection":[{"href":"https:\/\/sutore.com\/en\/wp-json\/wp\/v2\/product"}],"about":[{"href":"https:\/\/sutore.com\/en\/wp-json\/wp\/v2\/types\/product"}],"wp:featuredmedia":[{"embeddable":true,"href":"https:\/\/sutore.com\/en\/wp-json\/wp\/v2\/media\/226049"}],"wp:attachment":[{"href":"https:\/\/sutore.com\/en\/wp-json\/wp\/v2\/media?parent=226000"}],"wp:term":[{"taxonomy":"product_brand","embeddable":true,"href":"https:\/\/sutore.com\/en\/wp-json\/wp\/v2\/product_brand?post=226000"},{"taxonomy":"product_cat","embeddable":true,"href":"https:\/\/sutore.com\/en\/wp-json\/wp\/v2\/product_cat?post=226000"},{"taxonomy":"product_tag","embeddable":true,"href":"https:\/\/sutore.com\/en\/wp-json\/wp\/v2\/product_tag?post=226000"}],"curies":[{"name":"wp","href":"https:\/\/api.w.org\/{rel}","templated":true}]}}