{"id":226001,"date":"2024-08-11T02:34:52","date_gmt":"2024-08-10T23:34:52","guid":{"rendered":"https:\/\/sutore.com\/?post_type=product&#038;p=226001"},"modified":"2026-04-04T05:13:43","modified_gmt":"2026-04-04T02:13:43","slug":"nike-air-jordan-1-mid-se-oxidized-green","status":"publish","type":"product","link":"https:\/\/sutore.com\/en\/product\/nike-air-jordan-1-mid-se-oxidized-green\/","title":{"rendered":"Nike Air Jordan 1 Mid SE Oxidized Green"},"content":{"rendered":"<p style=\"text-align: center;\">Yeni renkler ve taze dokular, bu \u00e7ok sevilen ayakkab\u0131y\u0131 klasik g\u00f6r\u00fcn\u00fcm\u00fcn\u00fc ve tan\u0131d\u0131k hissini kaybetmeden g\u00fcncelliyor. Birinci s\u0131n\u0131f malzemelerden \u00fcretilen ve konforlu Nike Air yast\u0131klama \u00f6zelli\u011fine sahip olan bu ayakkab\u0131, ince ayr\u0131nt\u0131lar\u0131yla modern bir ifadeye sahip temel bir spor ayakkab\u0131d\u0131r.<\/p>\n","protected":false},"excerpt":{"rendered":"<p style=\"text-align: center;\">Yeni renkler ve taze dokular, bu \u00e7ok sevilen ayakkab\u0131y\u0131 klasik g\u00f6r\u00fcn\u00fcm\u00fcn\u00fc ve tan\u0131d\u0131k hissini kaybetmeden g\u00fcncelliyor. Birinci s\u0131n\u0131f malzemelerden \u00fcretilen ve konforlu Nike Air yast\u0131klama \u00f6zelli\u011fine sahip olan bu ayakkab\u0131, ince ayr\u0131nt\u0131lar\u0131yla modern bir ifadeye sahip temel bir spor ayakkab\u0131d\u0131r.<\/p>\n","protected":false},"featured_media":226041,"template":"","meta":{"_acf_changed":false},"product_brand":[2041,2019,1928,2087],"product_cat":[1577,96,944,1580,74,1569],"product_tag":[1331],"class_list":{"0":"post-226001","1":"product","2":"type-product","3":"status-publish","4":"has-post-thumbnail","6":"product_brand-air-jordan-en","7":"product_brand-air-jordan","8":"product_brand-nike","9":"product_brand-nike-en","10":"product_cat-air-jordan-en","11":"product_cat-air-jordan","12":"product_cat-mid","13":"product_cat-mid-en","14":"product_cat-sneakers","15":"product_cat-sneakers-en","16":"product_tag-yesil","18":"first","19":"instock","20":"shipping-taxable","21":"purchasable","22":"product-type-variable"},"acf":[],"_links":{"self":[{"href":"https:\/\/sutore.com\/en\/wp-json\/wp\/v2\/product\/226001","targetHints":{"allow":["GET"]}}],"collection":[{"href":"https:\/\/sutore.com\/en\/wp-json\/wp\/v2\/product"}],"about":[{"href":"https:\/\/sutore.com\/en\/wp-json\/wp\/v2\/types\/product"}],"wp:featuredmedia":[{"embeddable":true,"href":"https:\/\/sutore.com\/en\/wp-json\/wp\/v2\/media\/226041"}],"wp:attachment":[{"href":"https:\/\/sutore.com\/en\/wp-json\/wp\/v2\/media?parent=226001"}],"wp:term":[{"taxonomy":"product_brand","embeddable":true,"href":"https:\/\/sutore.com\/en\/wp-json\/wp\/v2\/product_brand?post=226001"},{"taxonomy":"product_cat","embeddable":true,"href":"https:\/\/sutore.com\/en\/wp-json\/wp\/v2\/product_cat?post=226001"},{"taxonomy":"product_tag","embeddable":true,"href":"https:\/\/sutore.com\/en\/wp-json\/wp\/v2\/product_tag?post=226001"}],"curies":[{"name":"wp","href":"https:\/\/api.w.org\/{rel}","templated":true}]}}