{"id":226742,"date":"2024-08-02T13:42:58","date_gmt":"2024-08-02T10:42:58","guid":{"rendered":"https:\/\/sutore.com\/?post_type=product&#038;p=226742"},"modified":"2026-04-02T17:05:15","modified_gmt":"2026-04-02T14:05:15","slug":"adidas-samba-light-blue-floral-core-black-womens","status":"publish","type":"product","link":"https:\/\/sutore.com\/en\/product\/adidas-samba-light-blue-floral-core-black-womens\/","title":{"rendered":"adidas Samba Light Blue Floral Core Black (W)"},"content":{"rendered":"<p style=\"text-align: center;\">Sofistike ve \u015f\u0131k Samba OG W, \u00e7i\u00e7ek severler i\u00e7in m\u00fckemmel olan g\u00fczel \u00e7i\u00e7ek i\u015flemelerine sahiptir. Bu b\u00fcy\u00fcleyici tasar\u0131mla herhangi bir k\u0131yafete \u00e7ekicilik ve zarafet kat\u0131n.<\/p>\n","protected":false},"excerpt":{"rendered":"<p style=\"text-align: center;\">Sofistike ve \u015f\u0131k Samba OG W, \u00e7i\u00e7ek severler i\u00e7in m\u00fckemmel olan g\u00fczel \u00e7i\u00e7ek i\u015flemelerine sahiptir. Bu b\u00fcy\u00fcleyici tasar\u0131mla herhangi bir k\u0131yafete \u00e7ekicilik ve zarafet kat\u0131n.<\/p>\n","protected":false},"featured_media":226837,"template":"","meta":{"_acf_changed":false},"product_brand":[2127,1927],"product_cat":[71,1570,1799,1804,74,1569],"product_tag":[1327],"class_list":{"0":"post-226742","1":"product","2":"type-product","3":"status-publish","4":"has-post-thumbnail","6":"product_brand-adidas-en","7":"product_brand-adidas","8":"product_cat-adidas","9":"product_cat-adidas-en","10":"product_cat-samba","11":"product_cat-samba-en","12":"product_cat-sneakers","13":"product_cat-sneakers-en","14":"product_tag-siyah","16":"first","17":"instock","18":"shipping-taxable","19":"purchasable","20":"product-type-variable"},"acf":[],"_links":{"self":[{"href":"https:\/\/sutore.com\/en\/wp-json\/wp\/v2\/product\/226742","targetHints":{"allow":["GET"]}}],"collection":[{"href":"https:\/\/sutore.com\/en\/wp-json\/wp\/v2\/product"}],"about":[{"href":"https:\/\/sutore.com\/en\/wp-json\/wp\/v2\/types\/product"}],"wp:featuredmedia":[{"embeddable":true,"href":"https:\/\/sutore.com\/en\/wp-json\/wp\/v2\/media\/226837"}],"wp:attachment":[{"href":"https:\/\/sutore.com\/en\/wp-json\/wp\/v2\/media?parent=226742"}],"wp:term":[{"taxonomy":"product_brand","embeddable":true,"href":"https:\/\/sutore.com\/en\/wp-json\/wp\/v2\/product_brand?post=226742"},{"taxonomy":"product_cat","embeddable":true,"href":"https:\/\/sutore.com\/en\/wp-json\/wp\/v2\/product_cat?post=226742"},{"taxonomy":"product_tag","embeddable":true,"href":"https:\/\/sutore.com\/en\/wp-json\/wp\/v2\/product_tag?post=226742"}],"curies":[{"name":"wp","href":"https:\/\/api.w.org\/{rel}","templated":true}]}}