{"id":227457,"date":"2024-01-01T13:43:21","date_gmt":"2024-01-01T10:43:21","guid":{"rendered":"https:\/\/sutore.com\/?post_type=product&#038;p=227457"},"modified":"2026-03-27T14:27:01","modified_gmt":"2026-03-27T11:27:01","slug":"new-balance-530-beige-red","status":"publish","type":"product","link":"https:\/\/sutore.com\/en\/product\/new-balance-530-beige-red\/","title":{"rendered":"New Balance 530 Beige Red"},"content":{"rendered":"<p style=\"text-align: center;\">New Balance 530 &#8211; zamans\u0131z haval\u0131l\u0131\u011fa ve sportif zarafete bir \u00f6vg\u00fc. Bu ayakkab\u0131 vintage hisleri modern performansla birle\u015ftirir. G\u00f6z al\u0131c\u0131 tasar\u0131m\u0131 ve yenilik\u00e7i yast\u0131klamas\u0131 onu \u015fehrin olmazsa olmaz\u0131 haline getiriyor. \u0130ster sokaklar\u0131 fethediyor ister \u015fehri ke\u015ffediyor olun, New Balance 530 size stil ve konforla e\u015flik edecek. Moda ve i\u015flevsellik a\u00e7\u0131s\u0131ndan bir ad\u0131m \u00f6nde.<\/p>\n","protected":false},"excerpt":{"rendered":"<p style=\"text-align: center;\">New Balance 530 &#8211; zamans\u0131z haval\u0131l\u0131\u011fa ve sportif zarafete bir \u00f6vg\u00fc. Bu ayakkab\u0131 vintage hisleri modern performansla birle\u015ftirir. G\u00f6z al\u0131c\u0131 tasar\u0131m\u0131 ve yenilik\u00e7i yast\u0131klamas\u0131 onu \u015fehrin olmazsa olmaz\u0131 haline getiriyor. \u0130ster sokaklar\u0131 fethediyor ister \u015fehri ke\u015ffediyor olun, New Balance 530 size stil ve konforla e\u015flik edecek. Moda ve i\u015flevsellik a\u00e7\u0131s\u0131ndan bir ad\u0131m \u00f6nde.<\/p>\n","protected":false},"featured_media":227403,"template":"","meta":{"_acf_changed":false},"product_brand":[1980,2086],"product_cat":[1800,1808,109,1588,74,1569],"product_tag":[1329],"class_list":{"0":"post-227457","1":"product","2":"type-product","3":"status-publish","4":"has-post-thumbnail","6":"product_brand-new-balance","7":"product_brand-new-balance-en","8":"product_cat-1800","9":"product_cat-530-en","10":"product_cat-new-balance","11":"product_cat-new-balance-en","12":"product_cat-sneakers","13":"product_cat-sneakers-en","14":"product_tag-kirmizi","16":"first","17":"instock","18":"shipping-taxable","19":"purchasable","20":"product-type-variable"},"acf":[],"_links":{"self":[{"href":"https:\/\/sutore.com\/en\/wp-json\/wp\/v2\/product\/227457","targetHints":{"allow":["GET"]}}],"collection":[{"href":"https:\/\/sutore.com\/en\/wp-json\/wp\/v2\/product"}],"about":[{"href":"https:\/\/sutore.com\/en\/wp-json\/wp\/v2\/types\/product"}],"wp:featuredmedia":[{"embeddable":true,"href":"https:\/\/sutore.com\/en\/wp-json\/wp\/v2\/media\/227403"}],"wp:attachment":[{"href":"https:\/\/sutore.com\/en\/wp-json\/wp\/v2\/media?parent=227457"}],"wp:term":[{"taxonomy":"product_brand","embeddable":true,"href":"https:\/\/sutore.com\/en\/wp-json\/wp\/v2\/product_brand?post=227457"},{"taxonomy":"product_cat","embeddable":true,"href":"https:\/\/sutore.com\/en\/wp-json\/wp\/v2\/product_cat?post=227457"},{"taxonomy":"product_tag","embeddable":true,"href":"https:\/\/sutore.com\/en\/wp-json\/wp\/v2\/product_tag?post=227457"}],"curies":[{"name":"wp","href":"https:\/\/api.w.org\/{rel}","templated":true}]}}