{"id":239523,"date":"2024-01-13T19:07:01","date_gmt":"2024-01-13T16:07:01","guid":{"rendered":"https:\/\/sutore.com\/?post_type=product&#038;p=239523"},"modified":"2026-04-02T17:36:03","modified_gmt":"2026-04-02T14:36:03","slug":"new-balance-9060-varsity-gold","status":"publish","type":"product","link":"https:\/\/sutore.com\/en\/product\/new-balance-9060-varsity-gold\/","title":{"rendered":"New Balance 9060 Varsity Gold"},"content":{"rendered":"<p style=\"text-align: center;\">New Balance 9060 Varsity Gold ayakkab\u0131, modern tarz\u0131 ve \u00fcst\u00fcn rahatl\u0131\u011f\u0131yla \u00f6ne \u00e7\u0131k\u0131yor. Dayan\u0131kl\u0131 materyaller ile uzun s\u00fcreli kullan\u0131ma uygun olan bu model, konforlu taban\u0131 sayesinde her ad\u0131mda destek sa\u011flar. \u015e\u0131k Varsity Gold rengi ile dikkat \u00e7eken bu new-balance 9060, g\u00fcnl\u00fck kullan\u0131mda ve spor aktivitelerinde tercih edilecek m\u00fckemmel bir se\u00e7enektir.<\/p>\n","protected":false},"excerpt":{"rendered":"<p style=\"text-align: center;\">New Balance 9060 Varsity Gold ayakkab\u0131, modern tarz\u0131 ve \u00fcst\u00fcn rahatl\u0131\u011f\u0131yla \u00f6ne \u00e7\u0131k\u0131yor. Dayan\u0131kl\u0131 materyaller ile uzun s\u00fcreli kullan\u0131ma uygun olan bu model, konforlu taban\u0131 sayesinde her ad\u0131mda destek sa\u011flar. \u015e\u0131k Varsity Gold rengi ile dikkat \u00e7eken bu new-balance 9060, g\u00fcnl\u00fck kullan\u0131mda ve spor aktivitelerinde tercih edilecek m\u00fckemmel bir se\u00e7enektir.<\/p>\n","protected":false},"featured_media":239520,"template":"","meta":{"_acf_changed":false},"product_brand":[1980,2086],"product_cat":[1802,1806,109,1588,74,1569],"product_tag":[1335],"class_list":{"0":"post-239523","1":"product","2":"type-product","3":"status-publish","4":"has-post-thumbnail","6":"product_brand-new-balance","7":"product_brand-new-balance-en","8":"product_cat-1802","9":"product_cat-9060-en","10":"product_cat-new-balance","11":"product_cat-new-balance-en","12":"product_cat-sneakers","13":"product_cat-sneakers-en","14":"product_tag-sari","16":"first","17":"instock","18":"shipping-taxable","19":"purchasable","20":"product-type-variable"},"acf":[],"_links":{"self":[{"href":"https:\/\/sutore.com\/en\/wp-json\/wp\/v2\/product\/239523","targetHints":{"allow":["GET"]}}],"collection":[{"href":"https:\/\/sutore.com\/en\/wp-json\/wp\/v2\/product"}],"about":[{"href":"https:\/\/sutore.com\/en\/wp-json\/wp\/v2\/types\/product"}],"wp:featuredmedia":[{"embeddable":true,"href":"https:\/\/sutore.com\/en\/wp-json\/wp\/v2\/media\/239520"}],"wp:attachment":[{"href":"https:\/\/sutore.com\/en\/wp-json\/wp\/v2\/media?parent=239523"}],"wp:term":[{"taxonomy":"product_brand","embeddable":true,"href":"https:\/\/sutore.com\/en\/wp-json\/wp\/v2\/product_brand?post=239523"},{"taxonomy":"product_cat","embeddable":true,"href":"https:\/\/sutore.com\/en\/wp-json\/wp\/v2\/product_cat?post=239523"},{"taxonomy":"product_tag","embeddable":true,"href":"https:\/\/sutore.com\/en\/wp-json\/wp\/v2\/product_tag?post=239523"}],"curies":[{"name":"wp","href":"https:\/\/api.w.org\/{rel}","templated":true}]}}