{"id":240732,"date":"2024-09-24T18:17:13","date_gmt":"2024-09-24T15:17:13","guid":{"rendered":"https:\/\/sutore.com\/?post_type=product&#038;p=240732"},"modified":"2026-04-02T16:57:46","modified_gmt":"2026-04-02T13:57:46","slug":"nike-air-jordan-3-retro-og-sp-a-ma-maniere-while-you-were-sleeping-womens","status":"publish","type":"product","link":"https:\/\/sutore.com\/en\/product\/nike-air-jordan-3-retro-og-sp-a-ma-maniere-while-you-were-sleeping-womens\/","title":{"rendered":"Nike Air Jordan 3 Retro OG SP A Ma Mani\u00e9re While You Were Sleeping (W)"},"content":{"rendered":"<p style=\"text-align: center;\">Nike Air Jordan 3 Retro OG SP A Ma Mani\u00e9re While You Were Sleeping, etkileyici siyah, violet ore ve flat pewter renk kombinasyonuyla dikkat \u00e7ekiyor. A Ma Mani\u00e9re&#8217;nin l\u00fcks ve zanaatkarl\u0131k miras\u0131na sad\u0131k kalan bu sneaker, premium s\u00fcet ve t\u0131rt\u0131kl\u0131 deri detaylarla zenginle\u015fiyor. Vintage ilhaml\u0131 orta taban ve d\u0131\u015f taban, zaman\u0131n \u00f6tesinde bir g\u00f6r\u00fcn\u00fcm sunuyor. Nike Air logolu topuk k\u0131sm\u0131 ve Jumpman ile A Ma Mani\u00e9re logolar\u0131yla tasar\u0131m\u0131 tamamlan\u0131yor. 20 A\u011fustos 2024&#8217;te piyasaya s\u00fcr\u00fclen bu Air Jordan, hem koleksiyoncular hem de tarz\u0131n\u0131 y\u00fckseltmek isteyenler i\u00e7in vazge\u00e7ilmez bir par\u00e7a.<\/p>\n","protected":false},"excerpt":{"rendered":"<p style=\"text-align: center;\">Nike Air Jordan 3 Retro OG SP A Ma Mani\u00e9re While You Were Sleeping, etkileyici siyah, violet ore ve flat pewter renk kombinasyonuyla dikkat \u00e7ekiyor. A Ma Mani\u00e9re&#8217;nin l\u00fcks ve zanaatkarl\u0131k miras\u0131na sad\u0131k kalan bu sneaker, premium s\u00fcet ve t\u0131rt\u0131kl\u0131 deri detaylarla zenginle\u015fiyor. Vintage ilhaml\u0131 orta taban ve d\u0131\u015f taban, zaman\u0131n \u00f6tesinde bir g\u00f6r\u00fcn\u00fcm sunuyor. Nike Air logolu topuk k\u0131sm\u0131 ve Jumpman ile A Ma Mani\u00e9re logolar\u0131yla tasar\u0131m\u0131 tamamlan\u0131yor. 20 A\u011fustos 2024&#8217;te piyasaya s\u00fcr\u00fclen bu Air Jordan, hem koleksiyoncular hem de tarz\u0131n\u0131 y\u00fckseltmek isteyenler i\u00e7in vazge\u00e7ilmez bir par\u00e7a.<\/p>\n","protected":false},"featured_media":240727,"template":"","meta":{"_acf_changed":false},"product_brand":[2016,2034,2041,2019,2087,1928],"product_cat":[1577,96,946,1581,74,1569],"product_tag":[1338],"class_list":{"0":"post-240732","1":"product","2":"type-product","3":"status-publish","4":"has-post-thumbnail","6":"product_brand-a-ma-maniere","7":"product_brand-a-ma-maniere-en","8":"product_brand-air-jordan-en","9":"product_brand-air-jordan","10":"product_brand-nike-en","11":"product_brand-nike","12":"product_cat-air-jordan-en","13":"product_cat-air-jordan","14":"product_cat-others-air-jordan","15":"product_cat-others-air-jordan-en","16":"product_cat-sneakers","17":"product_cat-sneakers-en","18":"product_tag-kahverengi","20":"first","21":"instock","22":"shipping-taxable","23":"purchasable","24":"product-type-variable"},"acf":[],"_links":{"self":[{"href":"https:\/\/sutore.com\/en\/wp-json\/wp\/v2\/product\/240732","targetHints":{"allow":["GET"]}}],"collection":[{"href":"https:\/\/sutore.com\/en\/wp-json\/wp\/v2\/product"}],"about":[{"href":"https:\/\/sutore.com\/en\/wp-json\/wp\/v2\/types\/product"}],"wp:featuredmedia":[{"embeddable":true,"href":"https:\/\/sutore.com\/en\/wp-json\/wp\/v2\/media\/240727"}],"wp:attachment":[{"href":"https:\/\/sutore.com\/en\/wp-json\/wp\/v2\/media?parent=240732"}],"wp:term":[{"taxonomy":"product_brand","embeddable":true,"href":"https:\/\/sutore.com\/en\/wp-json\/wp\/v2\/product_brand?post=240732"},{"taxonomy":"product_cat","embeddable":true,"href":"https:\/\/sutore.com\/en\/wp-json\/wp\/v2\/product_cat?post=240732"},{"taxonomy":"product_tag","embeddable":true,"href":"https:\/\/sutore.com\/en\/wp-json\/wp\/v2\/product_tag?post=240732"}],"curies":[{"name":"wp","href":"https:\/\/api.w.org\/{rel}","templated":true}]}}