{"id":240949,"date":"2024-09-26T17:11:01","date_gmt":"2024-09-26T14:11:01","guid":{"rendered":"https:\/\/sutore.com\/?post_type=product&#038;p=240949"},"modified":"2026-04-04T07:06:26","modified_gmt":"2026-04-04T04:06:26","slug":"nike-air-jordan-1-retro-low-og-sp-travis-scott-medium-olive","status":"publish","type":"product","link":"https:\/\/sutore.com\/en\/product\/nike-air-jordan-1-retro-low-og-sp-travis-scott-medium-olive\/","title":{"rendered":"Nike Air Jordan 1 Retro Low OG SP Travis Scott Medium Olive"},"content":{"rendered":"<p style=\"text-align: center;\">Nike Air Jordan 1 Retro Low OG SP Travis Scott Medium Olive, Travis Scott ve Jordan i\u015f birli\u011finin ikonik bir par\u00e7as\u0131 olarak \u00f6ne \u00e7\u0131k\u0131yor. Orta ye\u015fil, siyah, sail ve muslin renklerindeki bu air-jordan modeli, ters swoosh detay\u0131yla dikkat \u00e7ekiyor. Premium deri ve s\u00fcet yap\u0131s\u0131, k\u0131rm\u0131z\u0131 Jordan wings logosu ve Cactus Jack markas\u0131yla ayakkab\u0131ya modern bir sokak stili kazand\u0131r\u0131yor. Nike Air Jordan severler ve koleksiyoncular i\u00e7in vazge\u00e7ilmez olan bu d\u00fc\u015f\u00fck profilli tasar\u0131m, sneaker k\u00fclt\u00fcr\u00fcnde \u00f6nemli bir yer edinmi\u015ftir.<\/p>\n","protected":false},"excerpt":{"rendered":"<p style=\"text-align: center;\">Nike Air Jordan 1 Retro Low OG SP Travis Scott Medium Olive, Travis Scott ve Jordan i\u015f birli\u011finin ikonik bir par\u00e7as\u0131 olarak \u00f6ne \u00e7\u0131k\u0131yor. Orta ye\u015fil, siyah, sail ve muslin renklerindeki bu air-jordan modeli, ters swoosh detay\u0131yla dikkat \u00e7ekiyor. Premium deri ve s\u00fcet yap\u0131s\u0131, k\u0131rm\u0131z\u0131 Jordan wings logosu ve Cactus Jack markas\u0131yla ayakkab\u0131ya modern bir sokak stili kazand\u0131r\u0131yor. Nike Air Jordan severler ve koleksiyoncular i\u00e7in vazge\u00e7ilmez olan bu d\u00fc\u015f\u00fck profilli tasar\u0131m, sneaker k\u00fclt\u00fcr\u00fcnde \u00f6nemli bir yer edinmi\u015ftir.<\/p>\n","protected":false},"featured_media":240947,"template":"","meta":{"_acf_changed":false},"product_brand":[2019,2041,1928,2087,2117,2008],"product_cat":[1577,96,943,1579,74,1569],"product_tag":[1331],"class_list":{"0":"post-240949","1":"product","2":"type-product","3":"status-publish","4":"has-post-thumbnail","6":"product_brand-air-jordan","7":"product_brand-air-jordan-en","8":"product_brand-nike","9":"product_brand-nike-en","10":"product_brand-travis-scott-en","11":"product_brand-travis-scott","12":"product_cat-air-jordan-en","13":"product_cat-air-jordan","14":"product_cat-low","15":"product_cat-low-en","16":"product_cat-sneakers","17":"product_cat-sneakers-en","18":"product_tag-yesil","20":"first","21":"instock","22":"shipping-taxable","23":"purchasable","24":"product-type-variable"},"acf":[],"_links":{"self":[{"href":"https:\/\/sutore.com\/en\/wp-json\/wp\/v2\/product\/240949","targetHints":{"allow":["GET"]}}],"collection":[{"href":"https:\/\/sutore.com\/en\/wp-json\/wp\/v2\/product"}],"about":[{"href":"https:\/\/sutore.com\/en\/wp-json\/wp\/v2\/types\/product"}],"wp:featuredmedia":[{"embeddable":true,"href":"https:\/\/sutore.com\/en\/wp-json\/wp\/v2\/media\/240947"}],"wp:attachment":[{"href":"https:\/\/sutore.com\/en\/wp-json\/wp\/v2\/media?parent=240949"}],"wp:term":[{"taxonomy":"product_brand","embeddable":true,"href":"https:\/\/sutore.com\/en\/wp-json\/wp\/v2\/product_brand?post=240949"},{"taxonomy":"product_cat","embeddable":true,"href":"https:\/\/sutore.com\/en\/wp-json\/wp\/v2\/product_cat?post=240949"},{"taxonomy":"product_tag","embeddable":true,"href":"https:\/\/sutore.com\/en\/wp-json\/wp\/v2\/product_tag?post=240949"}],"curies":[{"name":"wp","href":"https:\/\/api.w.org\/{rel}","templated":true}]}}