{"id":242948,"date":"2024-09-14T19:19:57","date_gmt":"2024-09-14T16:19:57","guid":{"rendered":"https:\/\/sutore.com\/?post_type=product&#038;p=242948"},"modified":"2025-10-22T00:21:47","modified_gmt":"2025-10-21T21:21:47","slug":"longchamp-le-pliage-s-hand-bag-green","status":"publish","type":"product","link":"https:\/\/sutore.com\/en\/product\/longchamp-le-pliage-s-hand-bag-green\/","title":{"rendered":"Longchamp Le Pliage S Hand Bag Green"},"content":{"rendered":"<p style=\"text-align: center;\">Boyutlar: 23 cm (\u00e7antan\u0131n taban\u0131ndan \u00f6l\u00e7\u00fcl\u00fcr) x 22 cm x 14 cm<br \/>\nMalzeme : En az %70 oran\u0131nda geri d\u00f6n\u00fc\u015ft\u00fcr\u00fclm\u00fc\u015f elyaf i\u00e7eren, i\u00e7ten emdirilmi\u015f poliamid kuma\u015f<br \/>\nMetalik Donan\u0131m: Alt\u0131n rengi<br \/>\nS\u00fcsleme : Deri<br \/>\nA\u011f\u0131rl\u0131k : 178 g<br \/>\nKapan\u0131\u015f : Fermuarl\u0131 ve \u00e7\u0131t\u00e7\u0131tl\u0131<br \/>\nDI\u015e DETAYLAR<br \/>\nSap Y\u00fcksekli\u011fi : 9 cm<br \/>\n\u0130\u00c7 DETAYLAR<br \/>\nD\u00fcz cep : 2<\/p>\n","protected":false},"excerpt":{"rendered":"<p style=\"text-align: center;\">Boyutlar: 23 cm (\u00e7antan\u0131n taban\u0131ndan \u00f6l\u00e7\u00fcl\u00fcr) x 22 cm x 14 cm<br \/>\nMalzeme : En az %70 oran\u0131nda geri d\u00f6n\u00fc\u015ft\u00fcr\u00fclm\u00fc\u015f elyaf i\u00e7eren, i\u00e7ten emdirilmi\u015f poliamid kuma\u015f<br \/>\nMetalik Donan\u0131m: Alt\u0131n rengi<br \/>\nS\u00fcsleme : Deri<br \/>\nA\u011f\u0131rl\u0131k : 178 g<br \/>\nKapan\u0131\u015f : Fermuarl\u0131 ve \u00e7\u0131t\u00e7\u0131tl\u0131<br \/>\nDI\u015e DETAYLAR<br \/>\nSap Y\u00fcksekli\u011fi : 9 cm<br \/>\n\u0130\u00c7 DETAYLAR<br \/>\nD\u00fcz cep : 2<\/p>\n","protected":false},"featured_media":242949,"template":"","meta":{"_acf_changed":false},"product_brand":[1977,2080],"product_cat":[1561,362,2166,2134],"product_tag":[1331],"class_list":{"0":"post-242948","1":"product","2":"type-product","3":"status-publish","4":"has-post-thumbnail","6":"product_brand-longchamp","7":"product_brand-longchamp-en","8":"product_cat-accessories-en","9":"product_cat-accessories","10":"product_cat-bags-en","11":"product_cat-bags","12":"product_tag-yesil","14":"first","15":"outofstock","16":"shipping-taxable","17":"purchasable","18":"product-type-variable"},"acf":[],"_links":{"self":[{"href":"https:\/\/sutore.com\/en\/wp-json\/wp\/v2\/product\/242948","targetHints":{"allow":["GET"]}}],"collection":[{"href":"https:\/\/sutore.com\/en\/wp-json\/wp\/v2\/product"}],"about":[{"href":"https:\/\/sutore.com\/en\/wp-json\/wp\/v2\/types\/product"}],"wp:featuredmedia":[{"embeddable":true,"href":"https:\/\/sutore.com\/en\/wp-json\/wp\/v2\/media\/242949"}],"wp:attachment":[{"href":"https:\/\/sutore.com\/en\/wp-json\/wp\/v2\/media?parent=242948"}],"wp:term":[{"taxonomy":"product_brand","embeddable":true,"href":"https:\/\/sutore.com\/en\/wp-json\/wp\/v2\/product_brand?post=242948"},{"taxonomy":"product_cat","embeddable":true,"href":"https:\/\/sutore.com\/en\/wp-json\/wp\/v2\/product_cat?post=242948"},{"taxonomy":"product_tag","embeddable":true,"href":"https:\/\/sutore.com\/en\/wp-json\/wp\/v2\/product_tag?post=242948"}],"curies":[{"name":"wp","href":"https:\/\/api.w.org\/{rel}","templated":true}]}}