{"id":25003,"date":"2018-06-23T22:35:50","date_gmt":"2018-06-23T19:35:50","guid":{"rendered":"https:\/\/sutore.com\/?post_type=product&#038;p=25003"},"modified":"2026-03-21T02:03:26","modified_gmt":"2026-03-20T23:03:26","slug":"nike-air-jordan-1-retro-high-off-white-university-blue","status":"publish","type":"product","link":"https:\/\/sutore.com\/en\/product\/nike-air-jordan-1-retro-high-off-white-university-blue\/","title":{"rendered":"Nike Air Jordan 1 Retro High Off-White University Blue"},"content":{"rendered":"<p style=\"text-align: center\">Off-White, \u015fimdi HYPIECE\u2019te bulunan Nike Air Jordan 4 Retro Off-White Sail (W) ile Nike\u2019la olan i\u015f birli\u011fini yineliyor. Virgil Abloh, Off-White FW2020 Women&#8217;s Show&#8217;da sunduktan sonra sonunda 2020&#8217;nin en \u00e7ok beklenen modelini bizlere sunuyor.<\/p>\n<p>&nbsp;<\/p>\n<p style=\"text-align: center\">Bu Jordan 4, \u00f6rg\u00fc detaylariyla birlikte tah\u0131l rengi bir \u00fcst deri i\u00e7eriyor. Yar\u0131 saydam taban ve yandaki imza Off-White metni tasar\u0131m\u0131 tamaml\u0131yor. Temmuz 2020&#8217;de piyasaya s\u00fcr\u00fclen bu model 200 dolar fiyat etiketiyle vitrinlerdeki yerini ald\u0131. Nesillere meydan okuyacak bu klasi\u011fi stoklar erimeden hemen sat\u0131n al.<\/p>\n<p>&nbsp;<\/p>\n<p style=\"text-align: center\">\u00dcr\u00fcn hakk\u0131nda daha fazla bilgi almak ve \u00fcr\u00fcn\u00fcn g\u00fcncel global piyasa de\u011ferini takip etmek i\u00e7in <a href=\"https:\/\/stockx.com\/air-jordan-4-retro-off-white-sail-w\" target=\"_blank\" rel=\"noopener noreferrer\">StockX<\/a> adresini ziyaret edebilirsiniz.<\/p>\n","protected":false},"excerpt":{"rendered":"<p style=\"text-align: center\">\u00dcr\u00fcn hakk\u0131nda daha fazla bilgi almak ve \u00fcr\u00fcn\u00fcn g\u00fcncel global piyasa de\u011ferini takip etmek i\u00e7in <a href=\"https:\/\/stockx.com\/air-jordan-1-retro-high-off-white-university-blue\" target=\"_blank\" rel=\"noopener noreferrer\">StockX<\/a> adresini ziyaret edebilirsiniz.<\/p>\n","protected":false},"featured_media":25020,"template":"","meta":{"_acf_changed":false},"product_brand":[2019,2041,1928,2087,1984,2088],"product_cat":[74,96,1577,945,1578,1569],"product_tag":[1332],"class_list":{"0":"post-25003","1":"product","2":"type-product","3":"status-publish","4":"has-post-thumbnail","6":"product_brand-air-jordan","7":"product_brand-air-jordan-en","8":"product_brand-nike","9":"product_brand-nike-en","10":"product_brand-off-white","11":"product_brand-off-white-en","12":"product_cat-sneakers","13":"product_cat-air-jordan","14":"product_cat-air-jordan-en","15":"product_cat-high","16":"product_cat-high-en","17":"product_cat-sneakers-en","18":"product_tag-mavi","20":"first","21":"instock","22":"shipping-taxable","23":"purchasable","24":"product-type-variable"},"acf":[],"_links":{"self":[{"href":"https:\/\/sutore.com\/en\/wp-json\/wp\/v2\/product\/25003","targetHints":{"allow":["GET"]}}],"collection":[{"href":"https:\/\/sutore.com\/en\/wp-json\/wp\/v2\/product"}],"about":[{"href":"https:\/\/sutore.com\/en\/wp-json\/wp\/v2\/types\/product"}],"wp:featuredmedia":[{"embeddable":true,"href":"https:\/\/sutore.com\/en\/wp-json\/wp\/v2\/media\/25020"}],"wp:attachment":[{"href":"https:\/\/sutore.com\/en\/wp-json\/wp\/v2\/media?parent=25003"}],"wp:term":[{"taxonomy":"product_brand","embeddable":true,"href":"https:\/\/sutore.com\/en\/wp-json\/wp\/v2\/product_brand?post=25003"},{"taxonomy":"product_cat","embeddable":true,"href":"https:\/\/sutore.com\/en\/wp-json\/wp\/v2\/product_cat?post=25003"},{"taxonomy":"product_tag","embeddable":true,"href":"https:\/\/sutore.com\/en\/wp-json\/wp\/v2\/product_tag?post=25003"}],"curies":[{"name":"wp","href":"https:\/\/api.w.org\/{rel}","templated":true}]}}