{"id":250869,"date":"2024-01-16T21:08:44","date_gmt":"2024-01-16T18:08:44","guid":{"rendered":"https:\/\/sutore.com\/?post_type=product&#038;p=250869"},"modified":"2026-04-03T16:45:07","modified_gmt":"2026-04-03T13:45:07","slug":"fear-of-god-essentials-relaxed-1977-sweatpants-iron","status":"publish","type":"product","link":"https:\/\/sutore.com\/en\/product\/fear-of-god-essentials-relaxed-1977-sweatpants-iron\/","title":{"rendered":"Fear of God Essentials Relaxed 1977 Sweatpants Iron"},"content":{"rendered":"<p style=\"text-align: center;\">Fear of God Essentials Relaxed 1977 Sweatpants Iron, ilkbahar\/yaz 2022 koleksiyonunda vintage atletik \u015fekillerden ilham alarak tasarland\u0131. Rahat ve d\u00fcz pa\u00e7a silueti ile dikkat \u00e7eken bu e\u015fofman alt\u0131, sol bacakta kadifemsi bir Fear of God Essentials logosu ve a\u011f k\u0131sm\u0131nda kau\u00e7uk bir logo bar\u0131nd\u0131r\u0131yor. &#8220;Fear of God&#8221; markas\u0131n\u0131n ikonik tarz\u0131n\u0131 yans\u0131tan bu e\u015fofmanlar, tarz\u0131n\u0131za sofistike bir dokunu\u015f katarken konforu maksimuma \u00e7\u0131kar\u0131r. Trendlerle uyumlu, \u015f\u0131k bir g\u00f6r\u00fcn\u00fcm arayanlar i\u00e7in idealdir.<\/p>\n","protected":false},"excerpt":{"rendered":"<p style=\"text-align: center;\">Fear of God Essentials Relaxed 1977 Sweatpants Iron, ilkbahar\/yaz 2022 koleksiyonunda vintage atletik \u015fekillerden ilham alarak tasarland\u0131. Rahat ve d\u00fcz pa\u00e7a silueti ile dikkat \u00e7eken bu e\u015fofman alt\u0131, sol bacakta kadifemsi bir Fear of God Essentials logosu ve a\u011f k\u0131sm\u0131nda kau\u00e7uk bir logo bar\u0131nd\u0131r\u0131yor. &#8220;Fear of God&#8221; markas\u0131n\u0131n ikonik tarz\u0131n\u0131 yans\u0131tan bu e\u015fofmanlar, tarz\u0131n\u0131za sofistike bir dokunu\u015f katarken konforu maksimuma \u00e7\u0131kar\u0131r. Trendlerle uyumlu, \u015f\u0131k bir g\u00f6r\u00fcn\u00fcm arayanlar i\u00e7in idealdir.<\/p>\n","protected":false},"featured_media":251045,"template":"","meta":{"_acf_changed":false},"product_brand":[2063,1973,2064,1974],"product_cat":[2152,1564,2175,714],"product_tag":[1327],"class_list":{"0":"post-250869","1":"product","2":"type-product","3":"status-publish","4":"has-post-thumbnail","6":"product_brand-essentials-en","7":"product_brand-essentials","8":"product_brand-fear-of-god-en","9":"product_brand-fear-of-god","10":"product_cat-bottoms","11":"product_cat-apparels-en","12":"product_cat-bottoms-en","13":"product_cat-apparels","14":"product_tag-siyah","16":"first","17":"outofstock","18":"shipping-taxable","19":"product-type-variable"},"acf":[],"_links":{"self":[{"href":"https:\/\/sutore.com\/en\/wp-json\/wp\/v2\/product\/250869","targetHints":{"allow":["GET"]}}],"collection":[{"href":"https:\/\/sutore.com\/en\/wp-json\/wp\/v2\/product"}],"about":[{"href":"https:\/\/sutore.com\/en\/wp-json\/wp\/v2\/types\/product"}],"wp:featuredmedia":[{"embeddable":true,"href":"https:\/\/sutore.com\/en\/wp-json\/wp\/v2\/media\/251045"}],"wp:attachment":[{"href":"https:\/\/sutore.com\/en\/wp-json\/wp\/v2\/media?parent=250869"}],"wp:term":[{"taxonomy":"product_brand","embeddable":true,"href":"https:\/\/sutore.com\/en\/wp-json\/wp\/v2\/product_brand?post=250869"},{"taxonomy":"product_cat","embeddable":true,"href":"https:\/\/sutore.com\/en\/wp-json\/wp\/v2\/product_cat?post=250869"},{"taxonomy":"product_tag","embeddable":true,"href":"https:\/\/sutore.com\/en\/wp-json\/wp\/v2\/product_tag?post=250869"}],"curies":[{"name":"wp","href":"https:\/\/api.w.org\/{rel}","templated":true}]}}