{"id":250884,"date":"2024-03-08T21:08:47","date_gmt":"2024-03-08T18:08:47","guid":{"rendered":"https:\/\/sutore.com\/?post_type=product&#038;p=250884"},"modified":"2026-04-03T16:45:07","modified_gmt":"2026-04-03T13:45:07","slug":"fear-of-god-essentials-hoodie-plum","status":"publish","type":"product","link":"https:\/\/sutore.com\/en\/product\/fear-of-god-essentials-hoodie-plum\/","title":{"rendered":"Fear of God Essentials Hoodie Plum"},"content":{"rendered":"<p style=\"text-align: center;\">Fear of God Essentials Hoodie Plum, koleksiyonun \u00f6ne \u00e7\u0131kan par\u00e7as\u0131 olarak modern ve rahat tarz\u0131yla dikkat \u00e7ekiyor. pamuk ve polyester kar\u0131\u015f\u0131m\u0131, konfor ve dayan\u0131kl\u0131l\u0131\u011f\u0131 bir araya getiriyor. Geni\u015f kesim ve kap\u00fc\u015fonlu tasar\u0131m\u0131yla Fear of God hoodie, &#8220;ESSENTIALS&#8221; grafi\u011fi ve kap\u00fc\u015fondaki kau\u00e7uk marka logosu ile \u015f\u0131kl\u0131k kat\u0131yor. Kanguru cepli, ribana man\u015fetli ve etekli yap\u0131s\u0131yla pratikli\u011fi \u00f6n planda tutuyor. Solid renk paleti sayesinde her duruma uygun bu fear-of-god tasar\u0131m\u0131, hem g\u00fcnl\u00fck hem de sofistike kullan\u0131ma hitap ediyor.<\/p>\n","protected":false},"excerpt":{"rendered":"<p style=\"text-align: center;\">Fear of God Essentials Hoodie Plum, koleksiyonun \u00f6ne \u00e7\u0131kan par\u00e7as\u0131 olarak modern ve rahat tarz\u0131yla dikkat \u00e7ekiyor. pamuk ve polyester kar\u0131\u015f\u0131m\u0131, konfor ve dayan\u0131kl\u0131l\u0131\u011f\u0131 bir araya getiriyor. Geni\u015f kesim ve kap\u00fc\u015fonlu tasar\u0131m\u0131yla Fear of God hoodie, &#8220;ESSENTIALS&#8221; grafi\u011fi ve kap\u00fc\u015fondaki kau\u00e7uk marka logosu ile \u015f\u0131kl\u0131k kat\u0131yor. Kanguru cepli, ribana man\u015fetli ve etekli yap\u0131s\u0131yla pratikli\u011fi \u00f6n planda tutuyor. Solid renk paleti sayesinde her duruma uygun bu fear-of-god tasar\u0131m\u0131, hem g\u00fcnl\u00fck hem de sofistike kullan\u0131ma hitap ediyor.<\/p>\n","protected":false},"featured_media":251003,"template":"","meta":{"_acf_changed":false},"product_brand":[1973,2063,1974,2064],"product_cat":[1564,714,2179,2155],"product_tag":[1333],"class_list":{"0":"post-250884","1":"product","2":"type-product","3":"status-publish","4":"has-post-thumbnail","6":"product_brand-essentials","7":"product_brand-essentials-en","8":"product_brand-fear-of-god","9":"product_brand-fear-of-god-en","10":"product_cat-apparels-en","11":"product_cat-apparels","12":"product_cat-tops-en","13":"product_cat-tops","14":"product_tag-mor","16":"first","17":"outofstock","18":"shipping-taxable","19":"product-type-variable"},"acf":[],"_links":{"self":[{"href":"https:\/\/sutore.com\/en\/wp-json\/wp\/v2\/product\/250884","targetHints":{"allow":["GET"]}}],"collection":[{"href":"https:\/\/sutore.com\/en\/wp-json\/wp\/v2\/product"}],"about":[{"href":"https:\/\/sutore.com\/en\/wp-json\/wp\/v2\/types\/product"}],"wp:featuredmedia":[{"embeddable":true,"href":"https:\/\/sutore.com\/en\/wp-json\/wp\/v2\/media\/251003"}],"wp:attachment":[{"href":"https:\/\/sutore.com\/en\/wp-json\/wp\/v2\/media?parent=250884"}],"wp:term":[{"taxonomy":"product_brand","embeddable":true,"href":"https:\/\/sutore.com\/en\/wp-json\/wp\/v2\/product_brand?post=250884"},{"taxonomy":"product_cat","embeddable":true,"href":"https:\/\/sutore.com\/en\/wp-json\/wp\/v2\/product_cat?post=250884"},{"taxonomy":"product_tag","embeddable":true,"href":"https:\/\/sutore.com\/en\/wp-json\/wp\/v2\/product_tag?post=250884"}],"curies":[{"name":"wp","href":"https:\/\/api.w.org\/{rel}","templated":true}]}}