{"id":250887,"date":"2024-04-16T21:08:47","date_gmt":"2024-04-16T18:08:47","guid":{"rendered":"https:\/\/sutore.com\/?post_type=product&#038;p=250887"},"modified":"2026-04-03T16:45:07","modified_gmt":"2026-04-03T13:45:07","slug":"fear-of-god-essentials-hoodie-ss24-seal","status":"publish","type":"product","link":"https:\/\/sutore.com\/en\/product\/fear-of-god-essentials-hoodie-ss24-seal\/","title":{"rendered":"Fear of God Essentials Hoodie (SS24) Seal"},"content":{"rendered":"<p style=\"text-align: center;\">Fear of God Essentials Hoodie (SS24) Seal, rahatl\u0131k ve tarz\u0131 bir araya getiriyor. Kaliteli kuma\u015f\u0131 ile dikkat \u00e7eken bu hoodie, serin havalarda stilinizi tamamlamak i\u00e7in ideal bir \u00fcr\u00fcn.<\/p>\n","protected":false},"excerpt":{"rendered":"<p style=\"text-align: center;\">Fear of God Essentials Hoodie (SS24) Seal, rahatl\u0131k ve tarz\u0131 bir araya getiriyor. Kaliteli kuma\u015f\u0131 ile dikkat \u00e7eken bu hoodie, serin havalarda stilinizi tamamlamak i\u00e7in ideal bir \u00fcr\u00fcn.<\/p>\n","protected":false},"featured_media":250987,"template":"","meta":{"_acf_changed":false},"product_brand":[2063,1973,2064,1974],"product_cat":[1564,714,2179,2155],"product_tag":[1334],"class_list":{"0":"post-250887","1":"product","2":"type-product","3":"status-publish","4":"has-post-thumbnail","6":"product_brand-essentials-en","7":"product_brand-essentials","8":"product_brand-fear-of-god-en","9":"product_brand-fear-of-god","10":"product_cat-apparels-en","11":"product_cat-apparels","12":"product_cat-tops-en","13":"product_cat-tops","14":"product_tag-gri","16":"first","17":"outofstock","18":"shipping-taxable","19":"product-type-variable"},"acf":[],"_links":{"self":[{"href":"https:\/\/sutore.com\/en\/wp-json\/wp\/v2\/product\/250887","targetHints":{"allow":["GET"]}}],"collection":[{"href":"https:\/\/sutore.com\/en\/wp-json\/wp\/v2\/product"}],"about":[{"href":"https:\/\/sutore.com\/en\/wp-json\/wp\/v2\/types\/product"}],"wp:featuredmedia":[{"embeddable":true,"href":"https:\/\/sutore.com\/en\/wp-json\/wp\/v2\/media\/250987"}],"wp:attachment":[{"href":"https:\/\/sutore.com\/en\/wp-json\/wp\/v2\/media?parent=250887"}],"wp:term":[{"taxonomy":"product_brand","embeddable":true,"href":"https:\/\/sutore.com\/en\/wp-json\/wp\/v2\/product_brand?post=250887"},{"taxonomy":"product_cat","embeddable":true,"href":"https:\/\/sutore.com\/en\/wp-json\/wp\/v2\/product_cat?post=250887"},{"taxonomy":"product_tag","embeddable":true,"href":"https:\/\/sutore.com\/en\/wp-json\/wp\/v2\/product_tag?post=250887"}],"curies":[{"name":"wp","href":"https:\/\/api.w.org\/{rel}","templated":true}]}}