{"id":250892,"date":"2024-02-16T21:08:48","date_gmt":"2024-02-16T18:08:48","guid":{"rendered":"https:\/\/sutore.com\/?post_type=product&#038;p=250892"},"modified":"2026-04-03T16:45:07","modified_gmt":"2026-04-03T13:45:07","slug":"fear-of-god-essentials-pullover-hoodie-fw23-dark-heather-oatmeal","status":"publish","type":"product","link":"https:\/\/sutore.com\/en\/product\/fear-of-god-essentials-pullover-hoodie-fw23-dark-heather-oatmeal\/","title":{"rendered":"Fear of God Essentials Pullover Hoodie (FW23) Dark Heather Oatmeal"},"content":{"rendered":"<p style=\"text-align: center;\">Fear of God Essentials Pullover Hoodie (FW23) Dark Heather Oatmeal, geni\u015f ve yuvarlak bir siluet i\u00e7in tasarlanm\u0131\u015f \u00e7ekirdek fleece malzemeden \u00fcretilmi\u015ftir. Mock yaka, yan diki\u015f cepleri, ribana man\u015fetler ve bel kenar\u0131 ile dikkat \u00e7eker. Minimalist tasar\u0131m\u0131yla \u00f6ne \u00e7\u0131kan hoodie&#8217;nin \u00f6n k\u0131sm\u0131nda siyah renkli kau\u00e7uk bir Essentials fear-of-god \u00e7ubu\u011fu yer al\u0131r. Kap\u00fc\u015fonda ise Fear of God kau\u00e7uk etiket bulunmaktad\u0131r. Bu modern ve \u015f\u0131k hoodie, rahatl\u0131k ve stil arayanlar i\u00e7in m\u00fckemmel bir se\u00e7imdir.<\/p>\n","protected":false},"excerpt":{"rendered":"<p style=\"text-align: center;\">Fear of God Essentials Pullover Hoodie (FW23) Dark Heather Oatmeal, geni\u015f ve yuvarlak bir siluet i\u00e7in tasarlanm\u0131\u015f \u00e7ekirdek fleece malzemeden \u00fcretilmi\u015ftir. Mock yaka, yan diki\u015f cepleri, ribana man\u015fetler ve bel kenar\u0131 ile dikkat \u00e7eker. Minimalist tasar\u0131m\u0131yla \u00f6ne \u00e7\u0131kan hoodie&#8217;nin \u00f6n k\u0131sm\u0131nda siyah renkli kau\u00e7uk bir Essentials fear-of-god \u00e7ubu\u011fu yer al\u0131r. Kap\u00fc\u015fonda ise Fear of God kau\u00e7uk etiket bulunmaktad\u0131r. Bu modern ve \u015f\u0131k hoodie, rahatl\u0131k ve stil arayanlar i\u00e7in m\u00fckemmel bir se\u00e7imdir.<\/p>\n","protected":false},"featured_media":250967,"template":"","meta":{"_acf_changed":false},"product_brand":[1973,2063,1974,2064],"product_cat":[1564,714,2179,2155],"product_tag":[1334],"class_list":{"0":"post-250892","1":"product","2":"type-product","3":"status-publish","4":"has-post-thumbnail","6":"product_brand-essentials","7":"product_brand-essentials-en","8":"product_brand-fear-of-god","9":"product_brand-fear-of-god-en","10":"product_cat-apparels-en","11":"product_cat-apparels","12":"product_cat-tops-en","13":"product_cat-tops","14":"product_tag-gri","16":"first","17":"outofstock","18":"shipping-taxable","19":"product-type-variable"},"acf":[],"_links":{"self":[{"href":"https:\/\/sutore.com\/en\/wp-json\/wp\/v2\/product\/250892","targetHints":{"allow":["GET"]}}],"collection":[{"href":"https:\/\/sutore.com\/en\/wp-json\/wp\/v2\/product"}],"about":[{"href":"https:\/\/sutore.com\/en\/wp-json\/wp\/v2\/types\/product"}],"wp:featuredmedia":[{"embeddable":true,"href":"https:\/\/sutore.com\/en\/wp-json\/wp\/v2\/media\/250967"}],"wp:attachment":[{"href":"https:\/\/sutore.com\/en\/wp-json\/wp\/v2\/media?parent=250892"}],"wp:term":[{"taxonomy":"product_brand","embeddable":true,"href":"https:\/\/sutore.com\/en\/wp-json\/wp\/v2\/product_brand?post=250892"},{"taxonomy":"product_cat","embeddable":true,"href":"https:\/\/sutore.com\/en\/wp-json\/wp\/v2\/product_cat?post=250892"},{"taxonomy":"product_tag","embeddable":true,"href":"https:\/\/sutore.com\/en\/wp-json\/wp\/v2\/product_tag?post=250892"}],"curies":[{"name":"wp","href":"https:\/\/api.w.org\/{rel}","templated":true}]}}