{"id":251496,"date":"2024-09-25T19:31:02","date_gmt":"2024-09-25T16:31:02","guid":{"rendered":"https:\/\/sutore.com\/?post_type=product&#038;p=251496"},"modified":"2026-03-03T14:02:46","modified_gmt":"2026-03-03T11:02:46","slug":"stanley-x-starbucks-flowstate-quencher-40oz-tumbler-spring-blue","status":"publish","type":"product","link":"https:\/\/sutore.com\/en\/product\/stanley-x-starbucks-flowstate-quencher-40oz-tumbler-spring-blue\/","title":{"rendered":"Stanley x Starbucks Flowstate Quencher 40oz Tumbler Spring Blue"},"content":{"rendered":"<p style=\"text-align: center;\">Stanley x Starbucks Flowstate Quencher 40oz Tumbler Spring Blue, dayan\u0131kl\u0131 paslanmaz \u00e7elikten \u00fcretilmi\u015ftir ve bu nedenle uzun \u00f6m\u00fcrl\u00fcd\u00fcr. Stanley\u2019nin \u00e7ift izolasyon teknolojisi, i\u00e7eceklerinizi 11 saat so\u011fuk, 2 g\u00fcn boyunca serin tutar. Flowstate kapak, s\u0131\u00e7ramaya dayan\u0131kl\u0131 yeniden kullan\u0131labilir pipet, tam kapak ve i\u00e7ecek a\u00e7\u0131kl\u0131\u011f\u0131 sunar. BPA i\u00e7ermez ve geri d\u00f6n\u00fc\u015ft\u00fcr\u00fclm\u00fc\u015f paslanmaz \u00e7elikten yap\u0131lm\u0131\u015ft\u0131r. 1.5 pound a\u011f\u0131rl\u0131\u011f\u0131 ile ta\u015f\u0131nabilir ve dengelidir. Bu tasar\u0131m\u0131n\u0131 Stanley x Starbucks i\u015fbirli\u011fi olarak 9 Nisan 2024&#8217;te piyasaya sunmu\u015ftur. Stanley x Starbucks Flowstate Quencher 40oz Tumbler Spring Blue ile i\u00e7ecek deneyiminizi bir \u00fcst seviyeye ta\u015f\u0131y\u0131n!<\/p>\n","protected":false},"excerpt":{"rendered":"<p style=\"text-align: center;\">Stanley x Starbucks Flowstate Quencher 40oz Tumbler Spring Blue, dayan\u0131kl\u0131 paslanmaz \u00e7elikten \u00fcretilmi\u015ftir ve bu nedenle uzun \u00f6m\u00fcrl\u00fcd\u00fcr. Stanley\u2019nin \u00e7ift izolasyon teknolojisi, i\u00e7eceklerinizi 11 saat so\u011fuk, 2 g\u00fcn boyunca serin tutar. Flowstate kapak, s\u0131\u00e7ramaya dayan\u0131kl\u0131 yeniden kullan\u0131labilir pipet, tam kapak ve i\u00e7ecek a\u00e7\u0131kl\u0131\u011f\u0131 sunar. BPA i\u00e7ermez ve geri d\u00f6n\u00fc\u015ft\u00fcr\u00fclm\u00fc\u015f paslanmaz \u00e7elikten yap\u0131lm\u0131\u015ft\u0131r. 1.5 pound a\u011f\u0131rl\u0131\u011f\u0131 ile ta\u015f\u0131nabilir ve dengelidir. Bu tasar\u0131m\u0131n\u0131 Stanley x Starbucks i\u015fbirli\u011fi olarak 9 Nisan 2024&#8217;te piyasaya sunmu\u015ftur. Stanley x Starbucks Flowstate Quencher 40oz Tumbler Spring Blue ile i\u00e7ecek deneyiminizi bir \u00fcst seviyeye ta\u015f\u0131y\u0131n!<\/p>\n","protected":false},"featured_media":251487,"template":"","meta":{"_acf_changed":false},"product_brand":[1920,2110,2221,2222],"product_cat":[1561,362,2137,2165],"product_tag":[1332],"class_list":{"0":"post-251496","1":"product","2":"type-product","3":"status-publish","4":"has-post-thumbnail","6":"product_brand-stanley","7":"product_brand-stanley-en","8":"product_brand-starbucks","9":"product_brand-starbucks-en","10":"product_cat-accessories-en","11":"product_cat-accessories","12":"product_cat-others-accessories","13":"product_cat-others-accessories-en","14":"product_tag-mavi","16":"first","17":"outofstock","18":"shipping-taxable","19":"product-type-variable"},"acf":[],"_links":{"self":[{"href":"https:\/\/sutore.com\/en\/wp-json\/wp\/v2\/product\/251496","targetHints":{"allow":["GET"]}}],"collection":[{"href":"https:\/\/sutore.com\/en\/wp-json\/wp\/v2\/product"}],"about":[{"href":"https:\/\/sutore.com\/en\/wp-json\/wp\/v2\/types\/product"}],"wp:featuredmedia":[{"embeddable":true,"href":"https:\/\/sutore.com\/en\/wp-json\/wp\/v2\/media\/251487"}],"wp:attachment":[{"href":"https:\/\/sutore.com\/en\/wp-json\/wp\/v2\/media?parent=251496"}],"wp:term":[{"taxonomy":"product_brand","embeddable":true,"href":"https:\/\/sutore.com\/en\/wp-json\/wp\/v2\/product_brand?post=251496"},{"taxonomy":"product_cat","embeddable":true,"href":"https:\/\/sutore.com\/en\/wp-json\/wp\/v2\/product_cat?post=251496"},{"taxonomy":"product_tag","embeddable":true,"href":"https:\/\/sutore.com\/en\/wp-json\/wp\/v2\/product_tag?post=251496"}],"curies":[{"name":"wp","href":"https:\/\/api.w.org\/{rel}","templated":true}]}}