{"id":251551,"date":"2024-10-01T22:40:40","date_gmt":"2024-10-01T19:40:40","guid":{"rendered":"https:\/\/sutore.com\/?post_type=product&#038;p=251551"},"modified":"2026-03-03T14:02:47","modified_gmt":"2026-03-03T11:02:47","slug":"rhode-peptide-lip-tint-espresso","status":"publish","type":"product","link":"https:\/\/sutore.com\/en\/product\/rhode-peptide-lip-tint-espresso\/","title":{"rendered":"Rhode Peptide Lip Tint Espresso"},"content":{"rendered":"<p style=\"text-align: center;\">Lip Tint ile tan\u0131\u015f\u0131n. Bir miktar renk tonu ve zengin, parlak bir g\u00f6r\u00fcn\u00fcm i\u00e7in dudaklarda eriyen, \u015feffaf ama geli\u015ftirilebilir renk. Besleyici, kokusuz form\u00fcl\u00fc dudaklar\u0131 nemlendirir ve g\u00f6zle g\u00f6r\u00fcl\u00fcr \u015fekilde dolgunla\u015ft\u0131r\u0131r. Boyut: 10ml \/ .3 fl oz.<\/p>\n","protected":false},"excerpt":{"rendered":"<p style=\"text-align: center;\">Lip Tint ile tan\u0131\u015f\u0131n. Bir miktar renk tonu ve zengin, parlak bir g\u00f6r\u00fcn\u00fcm i\u00e7in dudaklarda eriyen, \u015feffaf ama geli\u015ftirilebilir renk. Besleyici, kokusuz form\u00fcl\u00fc dudaklar\u0131 nemlendirir ve g\u00f6zle g\u00f6r\u00fcl\u00fcr \u015fekilde dolgunla\u015ft\u0131r\u0131r. Boyut: 10ml \/ .3 fl oz.<\/p>\n","protected":false},"featured_media":251576,"template":"","meta":{"_acf_changed":false},"product_brand":[1982,2102],"product_cat":[2159,2144,2141,2160],"product_tag":[],"class_list":{"0":"post-251551","1":"product","2":"type-product","3":"status-publish","4":"has-post-thumbnail","6":"product_brand-rhode","7":"product_brand-rhode-en","8":"product_cat-cosmetics-en","9":"product_cat-lip","10":"product_cat-cosmetics","11":"product_cat-lip-en","13":"first","14":"instock","15":"shipping-taxable","16":"purchasable","17":"product-type-variable"},"acf":[],"_links":{"self":[{"href":"https:\/\/sutore.com\/en\/wp-json\/wp\/v2\/product\/251551","targetHints":{"allow":["GET"]}}],"collection":[{"href":"https:\/\/sutore.com\/en\/wp-json\/wp\/v2\/product"}],"about":[{"href":"https:\/\/sutore.com\/en\/wp-json\/wp\/v2\/types\/product"}],"wp:featuredmedia":[{"embeddable":true,"href":"https:\/\/sutore.com\/en\/wp-json\/wp\/v2\/media\/251576"}],"wp:attachment":[{"href":"https:\/\/sutore.com\/en\/wp-json\/wp\/v2\/media?parent=251551"}],"wp:term":[{"taxonomy":"product_brand","embeddable":true,"href":"https:\/\/sutore.com\/en\/wp-json\/wp\/v2\/product_brand?post=251551"},{"taxonomy":"product_cat","embeddable":true,"href":"https:\/\/sutore.com\/en\/wp-json\/wp\/v2\/product_cat?post=251551"},{"taxonomy":"product_tag","embeddable":true,"href":"https:\/\/sutore.com\/en\/wp-json\/wp\/v2\/product_tag?post=251551"}],"curies":[{"name":"wp","href":"https:\/\/api.w.org\/{rel}","templated":true}]}}