{"id":251738,"date":"2024-09-06T02:12:51","date_gmt":"2024-09-05T23:12:51","guid":{"rendered":"https:\/\/sutore.com\/?post_type=product&#038;p=251738"},"modified":"2026-04-04T05:12:01","modified_gmt":"2026-04-04T02:12:01","slug":"nike-kobe-8-protro-lakers-home","status":"publish","type":"product","link":"https:\/\/sutore.com\/en\/product\/nike-kobe-8-protro-lakers-home\/","title":{"rendered":"Nike Kobe 8 Protro Lakers Home"},"content":{"rendered":"<p style=\"text-align: center;\">Nike Kobe 8 Protro Lakers Home, Staples Center&#8217;\u0131n enerjisini aya\u011f\u0131n\u0131za ta\u015f\u0131yor. Lakers\u2019\u0131n ikonik beyaz formas\u0131na at\u0131fta bulunan bu model, beyaz \u00fcst y\u00fczey, orta taban ve d\u0131\u015f taban ile dikkat \u00e7ekiyor. Mor Nike swoosh ve alt\u0131n renkli Kobe logosu tasar\u0131ma zarif bir kontrast sa\u011flarken, modern performans teknolojisini ikonik bir stil ile birle\u015ftiriyor. Hafif yap\u0131s\u0131 ve konforlu yast\u0131klamas\u0131yla hem sahada hem de sokakta kullan\u0131m i\u00e7in ideal. Kobe Bryant ve Lakers tarihine sayg\u0131 duru\u015fu niteli\u011findeki bu koleksiyon par\u00e7as\u0131, performans ve tarz\u0131 bir arada sunuyor.<\/p>\n","protected":false},"excerpt":{"rendered":"<p style=\"text-align: center;\">Nike Kobe 8 Protro Lakers Home, Staples Center&#8217;\u0131n enerjisini aya\u011f\u0131n\u0131za ta\u015f\u0131yor. Lakers\u2019\u0131n ikonik beyaz formas\u0131na at\u0131fta bulunan bu model, beyaz \u00fcst y\u00fczey, orta taban ve d\u0131\u015f taban ile dikkat \u00e7ekiyor. Mor Nike swoosh ve alt\u0131n renkli Kobe logosu tasar\u0131ma zarif bir kontrast sa\u011flarken, modern performans teknolojisini ikonik bir stil ile birle\u015ftiriyor. Hafif yap\u0131s\u0131 ve konforlu yast\u0131klamas\u0131yla hem sahada hem de sokakta kullan\u0131m i\u00e7in ideal. Kobe Bryant ve Lakers tarihine sayg\u0131 duru\u015fu niteli\u011findeki bu koleksiyon par\u00e7as\u0131, performans ve tarz\u0131 bir arada sunuyor.<\/p>\n","protected":false},"featured_media":251689,"template":"","meta":{"_acf_changed":false},"product_brand":[1928,2087],"product_cat":[1880,1885,98,1582,74,1569],"product_tag":[1328],"class_list":{"0":"post-251738","1":"product","2":"type-product","3":"status-publish","4":"has-post-thumbnail","6":"product_brand-nike","7":"product_brand-nike-en","8":"product_cat-kobe","9":"product_cat-kobe-en","10":"product_cat-nike","11":"product_cat-nike-en","12":"product_cat-sneakers","13":"product_cat-sneakers-en","14":"product_tag-beyaz","16":"first","17":"instock","18":"shipping-taxable","19":"purchasable","20":"product-type-variable"},"acf":[],"_links":{"self":[{"href":"https:\/\/sutore.com\/en\/wp-json\/wp\/v2\/product\/251738","targetHints":{"allow":["GET"]}}],"collection":[{"href":"https:\/\/sutore.com\/en\/wp-json\/wp\/v2\/product"}],"about":[{"href":"https:\/\/sutore.com\/en\/wp-json\/wp\/v2\/types\/product"}],"wp:featuredmedia":[{"embeddable":true,"href":"https:\/\/sutore.com\/en\/wp-json\/wp\/v2\/media\/251689"}],"wp:attachment":[{"href":"https:\/\/sutore.com\/en\/wp-json\/wp\/v2\/media?parent=251738"}],"wp:term":[{"taxonomy":"product_brand","embeddable":true,"href":"https:\/\/sutore.com\/en\/wp-json\/wp\/v2\/product_brand?post=251738"},{"taxonomy":"product_cat","embeddable":true,"href":"https:\/\/sutore.com\/en\/wp-json\/wp\/v2\/product_cat?post=251738"},{"taxonomy":"product_tag","embeddable":true,"href":"https:\/\/sutore.com\/en\/wp-json\/wp\/v2\/product_tag?post=251738"}],"curies":[{"name":"wp","href":"https:\/\/api.w.org\/{rel}","templated":true}]}}