{"id":251744,"date":"2024-09-18T02:12:56","date_gmt":"2024-09-17T23:12:56","guid":{"rendered":"https:\/\/sutore.com\/?post_type=product&#038;p=251744"},"modified":"2026-04-04T05:12:37","modified_gmt":"2026-04-04T02:12:37","slug":"nike-kd-16-nrg-aunt-pearl","status":"publish","type":"product","link":"https:\/\/sutore.com\/en\/product\/nike-kd-16-nrg-aunt-pearl\/","title":{"rendered":"Nike KD 16 NRG Aunt Pearl"},"content":{"rendered":"<p style=\"text-align: center;\">Nike KD 16 NRG Aunt Pearl, Kevin Durant\u2019\u0131n teyzesi Pearl&#8217;e sayg\u0131 duru\u015funda bulunurken, zarif tasar\u0131m\u0131yla dikkat \u00e7ekiyor. \u00c7i\u00e7ek desenli kabartmal\u0131 \u00fcst k\u0131sm\u0131 ve paisley desenleri ile \u00f6ne \u00e7\u0131k\u0131yor. Dayan\u0131kl\u0131 TPU kanatlar, alt k\u0131s\u0131mla b\u00fct\u00fcnle\u015firken, Phylon orta taban, \u00f6n k\u0131s\u0131mda Zoom Air ve topuk alt\u0131nda Air Strobel \u00fcnitesi i\u00e7eriyor. \u00dcr\u00fcn, White, Fierce Pink, Pink Foam ve Hyper Pink tonlar\u0131nda sunuluyor. Fuzzy laces gibi \u015f\u0131k detaylar ile tamamlanan Nike KD 16 NRG Aunt Pearl, kullan\u0131c\u0131lar\u0131na konfor ve stil sunan bu \u00f6zel tasar\u0131m, 2023 y\u0131l\u0131nda piyasaya \u00e7\u0131kt\u0131.<\/p>\n","protected":false},"excerpt":{"rendered":"<p style=\"text-align: center;\">Nike KD 16 NRG Aunt Pearl, Kevin Durant\u2019\u0131n teyzesi Pearl&#8217;e sayg\u0131 duru\u015funda bulunurken, zarif tasar\u0131m\u0131yla dikkat \u00e7ekiyor. \u00c7i\u00e7ek desenli kabartmal\u0131 \u00fcst k\u0131sm\u0131 ve paisley desenleri ile \u00f6ne \u00e7\u0131k\u0131yor. Dayan\u0131kl\u0131 TPU kanatlar, alt k\u0131s\u0131mla b\u00fct\u00fcnle\u015firken, Phylon orta taban, \u00f6n k\u0131s\u0131mda Zoom Air ve topuk alt\u0131nda Air Strobel \u00fcnitesi i\u00e7eriyor. \u00dcr\u00fcn, White, Fierce Pink, Pink Foam ve Hyper Pink tonlar\u0131nda sunuluyor. Fuzzy laces gibi \u015f\u0131k detaylar ile tamamlanan Nike KD 16 NRG Aunt Pearl, kullan\u0131c\u0131lar\u0131na konfor ve stil sunan bu \u00f6zel tasar\u0131m, 2023 y\u0131l\u0131nda piyasaya \u00e7\u0131kt\u0131.<\/p>\n","protected":false},"featured_media":251641,"template":"","meta":{"_acf_changed":false},"product_brand":[1928,2087],"product_cat":[2362,2363,98,1582,74,1569],"product_tag":[1330],"class_list":{"0":"post-251744","1":"product","2":"type-product","3":"status-publish","4":"has-post-thumbnail","6":"product_brand-nike","7":"product_brand-nike-en","8":"product_cat-kd","9":"product_cat-kd-en","10":"product_cat-nike","11":"product_cat-nike-en","12":"product_cat-sneakers","13":"product_cat-sneakers-en","14":"product_tag-pembe","16":"first","17":"instock","18":"shipping-taxable","19":"purchasable","20":"product-type-variable"},"acf":[],"_links":{"self":[{"href":"https:\/\/sutore.com\/en\/wp-json\/wp\/v2\/product\/251744","targetHints":{"allow":["GET"]}}],"collection":[{"href":"https:\/\/sutore.com\/en\/wp-json\/wp\/v2\/product"}],"about":[{"href":"https:\/\/sutore.com\/en\/wp-json\/wp\/v2\/types\/product"}],"wp:featuredmedia":[{"embeddable":true,"href":"https:\/\/sutore.com\/en\/wp-json\/wp\/v2\/media\/251641"}],"wp:attachment":[{"href":"https:\/\/sutore.com\/en\/wp-json\/wp\/v2\/media?parent=251744"}],"wp:term":[{"taxonomy":"product_brand","embeddable":true,"href":"https:\/\/sutore.com\/en\/wp-json\/wp\/v2\/product_brand?post=251744"},{"taxonomy":"product_cat","embeddable":true,"href":"https:\/\/sutore.com\/en\/wp-json\/wp\/v2\/product_cat?post=251744"},{"taxonomy":"product_tag","embeddable":true,"href":"https:\/\/sutore.com\/en\/wp-json\/wp\/v2\/product_tag?post=251744"}],"curies":[{"name":"wp","href":"https:\/\/api.w.org\/{rel}","templated":true}]}}