{"id":251748,"date":"2024-09-27T02:12:58","date_gmt":"2024-09-26T23:12:58","guid":{"rendered":"https:\/\/sutore.com\/?post_type=product&#038;p=251748"},"modified":"2026-04-02T16:55:40","modified_gmt":"2026-04-02T13:55:40","slug":"adidas-samba-og-dia-de-muertos-pack-black","status":"publish","type":"product","link":"https:\/\/sutore.com\/en\/product\/adidas-samba-og-dia-de-muertos-pack-black\/","title":{"rendered":"adidas Samba OG D\u00eda de Muertos Pack Black"},"content":{"rendered":"<p style=\"text-align: center;\">adidas Samba OG D\u00eda de Muertos Pack Black, unutulmaz \u015f\u0131kl\u0131\u011f\u0131 ve konforu bir araya getiriyor. adidas\u2019\u0131n \u00f6zg\u00fcn tasar\u0131m\u0131 Samba, D\u00eda de Muertos koleksiyonunun \u00f6zel siyah detaylar\u0131yla dikkat \u00e7ekiyor.<\/p>\n","protected":false},"excerpt":{"rendered":"<p style=\"text-align: center;\">adidas Samba OG D\u00eda de Muertos Pack Black, unutulmaz \u015f\u0131kl\u0131\u011f\u0131 ve konforu bir araya getiriyor. adidas\u2019\u0131n \u00f6zg\u00fcn tasar\u0131m\u0131 Samba, D\u00eda de Muertos koleksiyonunun \u00f6zel siyah detaylar\u0131yla dikkat \u00e7ekiyor.<\/p>\n","protected":false},"featured_media":251617,"template":"","meta":{"_acf_changed":false},"product_brand":[2127,1927],"product_cat":[1570,71,1799,1804,74,1569],"product_tag":[1327],"class_list":{"0":"post-251748","1":"product","2":"type-product","3":"status-publish","4":"has-post-thumbnail","6":"product_brand-adidas-en","7":"product_brand-adidas","8":"product_cat-adidas-en","9":"product_cat-adidas","10":"product_cat-samba","11":"product_cat-samba-en","12":"product_cat-sneakers","13":"product_cat-sneakers-en","14":"product_tag-siyah","16":"first","17":"instock","18":"shipping-taxable","19":"purchasable","20":"product-type-variable"},"acf":[],"_links":{"self":[{"href":"https:\/\/sutore.com\/en\/wp-json\/wp\/v2\/product\/251748","targetHints":{"allow":["GET"]}}],"collection":[{"href":"https:\/\/sutore.com\/en\/wp-json\/wp\/v2\/product"}],"about":[{"href":"https:\/\/sutore.com\/en\/wp-json\/wp\/v2\/types\/product"}],"wp:featuredmedia":[{"embeddable":true,"href":"https:\/\/sutore.com\/en\/wp-json\/wp\/v2\/media\/251617"}],"wp:attachment":[{"href":"https:\/\/sutore.com\/en\/wp-json\/wp\/v2\/media?parent=251748"}],"wp:term":[{"taxonomy":"product_brand","embeddable":true,"href":"https:\/\/sutore.com\/en\/wp-json\/wp\/v2\/product_brand?post=251748"},{"taxonomy":"product_cat","embeddable":true,"href":"https:\/\/sutore.com\/en\/wp-json\/wp\/v2\/product_cat?post=251748"},{"taxonomy":"product_tag","embeddable":true,"href":"https:\/\/sutore.com\/en\/wp-json\/wp\/v2\/product_tag?post=251748"}],"curies":[{"name":"wp","href":"https:\/\/api.w.org\/{rel}","templated":true}]}}