{"id":25242,"date":"2021-04-17T00:01:04","date_gmt":"2021-04-16T21:01:04","guid":{"rendered":"https:\/\/sutore.com\/?post_type=product&#038;p=25242"},"modified":"2026-04-02T18:05:38","modified_gmt":"2026-04-02T15:05:38","slug":"nike-air-jordan-1-retro-high-og-hyper-royal","status":"publish","type":"product","link":"https:\/\/sutore.com\/en\/product\/nike-air-jordan-1-retro-high-og-hyper-royal\/","title":{"rendered":"Nike Air Jordan 1 Retro High OG Hyper Royal"},"content":{"rendered":"<p style=\"text-align: center\">Jordan Ailesi, \u015fimdi sutore\u2019de bulunan Nike Air Jordan 1 Retro High Tokyo Bio Hack ile pop\u00fcler \u00e7izgisini geni\u015fletiyor. Tokyo&#8217;daki h\u0131zl\u0131 ya\u015famdan ilham al\u0131narak \u00fcretilen bu Jordan 1, modern tonlu bloklarla geleneksel tasar\u0131mlardan uzakla\u015f\u0131yor.<\/p>\n<p>&nbsp;<\/p>\n<p style=\"text-align: center\">Bu Jordan 1, renkli s\u00fcet kaplamalarla bezenmi\u015f bir \u00fcst i\u00e7eriyor. Al\u0131\u015f\u0131k olmad\u0131k bir \u015fekilde Baroque Brown ve Racer Pink renk gruplar\u0131n\u0131n bir araya getiren bu model, cesur bir ad\u0131m at\u0131yor. Eyl\u00fcl 2020\u2019de piyasaya s\u00fcr\u00fclen bu model 170 dolar fiyat etiketiyle vitrinlerdeki yerini ald\u0131. Bu \u00e7arp\u0131c\u0131 modeli stoklar yanmadan hemen sat\u0131n al.<\/p>\n<p>&nbsp;<\/p>\n<p style=\"text-align: center\">\u00dcr\u00fcn hakk\u0131nda daha fazla bilgi almak ve \u00fcr\u00fcn\u00fcn g\u00fcncel global piyasa de\u011ferini takip etmek i\u00e7in <a href=\"https:\/\/stockx.com\/air-jordan-1-retro-high-hyper-royal-smoke-grey\" target=\"_blank\" rel=\"noopener noreferrer\">StockX<\/a> adresini ziyaret edebilirsiniz.<\/p>\n","protected":false},"excerpt":{"rendered":"<p style=\"text-align: center\">\u00dcr\u00fcn hakk\u0131nda daha fazla bilgi almak ve \u00fcr\u00fcn\u00fcn g\u00fcncel global piyasa de\u011ferini takip etmek i\u00e7in <a href=\"https:\/\/stockx.com\/air-jordan-1-retro-high-hyper-royal-smoke-grey\" target=\"_blank\" rel=\"noopener noreferrer\">StockX<\/a> adresini ziyaret edebilirsiniz.<\/p>\n","protected":false},"featured_media":25266,"template":"","meta":{"_acf_changed":false},"product_brand":[2041,2019,2087,1928],"product_cat":[74,96,1577,945,1578,1569],"product_tag":[1332],"class_list":{"0":"post-25242","1":"product","2":"type-product","3":"status-publish","4":"has-post-thumbnail","6":"product_brand-air-jordan-en","7":"product_brand-air-jordan","8":"product_brand-nike-en","9":"product_brand-nike","10":"product_cat-sneakers","11":"product_cat-air-jordan","12":"product_cat-air-jordan-en","13":"product_cat-high","14":"product_cat-high-en","15":"product_cat-sneakers-en","16":"product_tag-mavi","18":"first","19":"instock","20":"shipping-taxable","21":"purchasable","22":"product-type-variable"},"acf":[],"_links":{"self":[{"href":"https:\/\/sutore.com\/en\/wp-json\/wp\/v2\/product\/25242","targetHints":{"allow":["GET"]}}],"collection":[{"href":"https:\/\/sutore.com\/en\/wp-json\/wp\/v2\/product"}],"about":[{"href":"https:\/\/sutore.com\/en\/wp-json\/wp\/v2\/types\/product"}],"wp:featuredmedia":[{"embeddable":true,"href":"https:\/\/sutore.com\/en\/wp-json\/wp\/v2\/media\/25266"}],"wp:attachment":[{"href":"https:\/\/sutore.com\/en\/wp-json\/wp\/v2\/media?parent=25242"}],"wp:term":[{"taxonomy":"product_brand","embeddable":true,"href":"https:\/\/sutore.com\/en\/wp-json\/wp\/v2\/product_brand?post=25242"},{"taxonomy":"product_cat","embeddable":true,"href":"https:\/\/sutore.com\/en\/wp-json\/wp\/v2\/product_cat?post=25242"},{"taxonomy":"product_tag","embeddable":true,"href":"https:\/\/sutore.com\/en\/wp-json\/wp\/v2\/product_tag?post=25242"}],"curies":[{"name":"wp","href":"https:\/\/api.w.org\/{rel}","templated":true}]}}