{"id":252589,"date":"2024-07-27T17:57:57","date_gmt":"2024-07-27T14:57:57","guid":{"rendered":"https:\/\/sutore.com\/?post_type=product&#038;p=252589"},"modified":"2026-04-04T05:16:04","modified_gmt":"2026-04-04T02:16:04","slug":"nike-air-jordan-4-retro-se-paris-olympics-wet-cement","status":"publish","type":"product","link":"https:\/\/sutore.com\/en\/product\/nike-air-jordan-4-retro-se-paris-olympics-wet-cement\/","title":{"rendered":"Nike Air Jordan 4 Retro SE Paris Olympics Wet Cement"},"content":{"rendered":"<p style=\"text-align: center;\">Nike Air Jordan 4 Retro SE Paris Olympics Wet Cement, klasik tarz\u0131 sporseverlerle bulu\u015fturuyor. Bu ikonik air-jordan model, yumu\u015fak s\u00fcet ve p\u00fcr\u00fczs\u00fcz deri y\u00fczeyi ile dikkat \u00e7ekiyor. Monokrom gri tasar\u0131m\u0131, her ortamda \u015f\u0131kl\u0131k vadediyor. \u0130lk defa 1989&#8217;da piyasaya s\u00fcr\u00fclen Nike Air Jordan 4, sneaker hayranlar\u0131n\u0131n favorisi haline gelmi\u015ftir. Paris&#8217;in ta\u015f sokaklar\u0131ndan ilham alan bu stil, 2017&#8217;deki AJ4 KAWS&#8217;a g\u00f6nderme yap\u0131yor. 27 Temmuz 2024&#8217;te piyasaya \u00e7\u0131kan bu nadir AJ4 modelini ka\u00e7\u0131rmay\u0131n; sneaker koleksiyonlar\u0131na de\u011fer kat\u0131yor.<\/p>\n","protected":false},"excerpt":{"rendered":"<p style=\"text-align: center;\">Nike Air Jordan 4 Retro SE Paris Olympics Wet Cement, klasik tarz\u0131 sporseverlerle bulu\u015fturuyor. Bu ikonik air-jordan model, yumu\u015fak s\u00fcet ve p\u00fcr\u00fczs\u00fcz deri y\u00fczeyi ile dikkat \u00e7ekiyor. Monokrom gri tasar\u0131m\u0131, her ortamda \u015f\u0131kl\u0131k vadediyor. \u0130lk defa 1989&#8217;da piyasaya s\u00fcr\u00fclen Nike Air Jordan 4, sneaker hayranlar\u0131n\u0131n favorisi haline gelmi\u015ftir. Paris&#8217;in ta\u015f sokaklar\u0131ndan ilham alan bu stil, 2017&#8217;deki AJ4 KAWS&#8217;a g\u00f6nderme yap\u0131yor. 27 Temmuz 2024&#8217;te piyasaya \u00e7\u0131kan bu nadir AJ4 modelini ka\u00e7\u0131rmay\u0131n; sneaker koleksiyonlar\u0131na de\u011fer kat\u0131yor.<\/p>\n","protected":false},"featured_media":252510,"template":"","meta":{"_acf_changed":false},"product_brand":[2041,2019,2087,1928],"product_cat":[96,1577,946,1581,74,1569],"product_tag":[1334],"class_list":{"0":"post-252589","1":"product","2":"type-product","3":"status-publish","4":"has-post-thumbnail","6":"product_brand-air-jordan-en","7":"product_brand-air-jordan","8":"product_brand-nike-en","9":"product_brand-nike","10":"product_cat-air-jordan","11":"product_cat-air-jordan-en","12":"product_cat-others-air-jordan","13":"product_cat-others-air-jordan-en","14":"product_cat-sneakers","15":"product_cat-sneakers-en","16":"product_tag-gri","18":"first","19":"instock","20":"shipping-taxable","21":"purchasable","22":"product-type-variable"},"acf":[],"_links":{"self":[{"href":"https:\/\/sutore.com\/en\/wp-json\/wp\/v2\/product\/252589","targetHints":{"allow":["GET"]}}],"collection":[{"href":"https:\/\/sutore.com\/en\/wp-json\/wp\/v2\/product"}],"about":[{"href":"https:\/\/sutore.com\/en\/wp-json\/wp\/v2\/types\/product"}],"wp:featuredmedia":[{"embeddable":true,"href":"https:\/\/sutore.com\/en\/wp-json\/wp\/v2\/media\/252510"}],"wp:attachment":[{"href":"https:\/\/sutore.com\/en\/wp-json\/wp\/v2\/media?parent=252589"}],"wp:term":[{"taxonomy":"product_brand","embeddable":true,"href":"https:\/\/sutore.com\/en\/wp-json\/wp\/v2\/product_brand?post=252589"},{"taxonomy":"product_cat","embeddable":true,"href":"https:\/\/sutore.com\/en\/wp-json\/wp\/v2\/product_cat?post=252589"},{"taxonomy":"product_tag","embeddable":true,"href":"https:\/\/sutore.com\/en\/wp-json\/wp\/v2\/product_tag?post=252589"}],"curies":[{"name":"wp","href":"https:\/\/api.w.org\/{rel}","templated":true}]}}