{"id":254380,"date":"2024-10-31T22:51:13","date_gmt":"2024-10-31T19:51:13","guid":{"rendered":"https:\/\/sutore.com\/?post_type=product&#038;p=254380"},"modified":"2026-04-02T16:53:32","modified_gmt":"2026-04-02T13:53:32","slug":"adidas-samba-og-mineral-green-off-white-putty-grey-gs","status":"publish","type":"product","link":"https:\/\/sutore.com\/en\/product\/adidas-samba-og-mineral-green-off-white-putty-grey-gs\/","title":{"rendered":"adidas Samba OG Mineral Green Off White Putty Grey (GS)"},"content":{"rendered":"<p style=\"text-align: center;\">adidas Samba OG Mineral Green Off White Putty Grey (GS) ayakkab\u0131lar\u0131, klasik tarz\u0131 modern bir dokunu\u015fla sunuyor. \u0130konik adidas Samba tasar\u0131m\u0131, Mineral Green ve Off-White renkleriyle estetik ve \u015f\u0131kl\u0131\u011f\u0131 bir araya getiriyor. G\u00fcnl\u00fck stilini y\u00fckseltmek isteyen gen\u00e7ler i\u00e7in ideal olan bu model, rahat ve dayan\u0131kl\u0131 yap\u0131s\u0131yla \u00f6ne \u00e7\u0131k\u0131yor.<\/p>\n","protected":false},"excerpt":{"rendered":"<p style=\"text-align: center;\">adidas Samba OG Mineral Green Off White Putty Grey (GS) ayakkab\u0131lar\u0131, klasik tarz\u0131 modern bir dokunu\u015fla sunuyor. \u0130konik adidas Samba tasar\u0131m\u0131, Mineral Green ve Off-White renkleriyle estetik ve \u015f\u0131kl\u0131\u011f\u0131 bir araya getiriyor. G\u00fcnl\u00fck stilini y\u00fckseltmek isteyen gen\u00e7ler i\u00e7in ideal olan bu model, rahat ve dayan\u0131kl\u0131 yap\u0131s\u0131yla \u00f6ne \u00e7\u0131k\u0131yor.<\/p>\n","protected":false},"featured_media":254390,"template":"","meta":{"_acf_changed":false},"product_brand":[2127,1927],"product_cat":[71,1570,1799,1804,74,1569],"product_tag":[1331],"class_list":{"0":"post-254380","1":"product","2":"type-product","3":"status-publish","4":"has-post-thumbnail","6":"product_brand-adidas-en","7":"product_brand-adidas","8":"product_cat-adidas","9":"product_cat-adidas-en","10":"product_cat-samba","11":"product_cat-samba-en","12":"product_cat-sneakers","13":"product_cat-sneakers-en","14":"product_tag-yesil","16":"first","17":"instock","18":"shipping-taxable","19":"purchasable","20":"product-type-variable"},"acf":[],"_links":{"self":[{"href":"https:\/\/sutore.com\/en\/wp-json\/wp\/v2\/product\/254380","targetHints":{"allow":["GET"]}}],"collection":[{"href":"https:\/\/sutore.com\/en\/wp-json\/wp\/v2\/product"}],"about":[{"href":"https:\/\/sutore.com\/en\/wp-json\/wp\/v2\/types\/product"}],"wp:featuredmedia":[{"embeddable":true,"href":"https:\/\/sutore.com\/en\/wp-json\/wp\/v2\/media\/254390"}],"wp:attachment":[{"href":"https:\/\/sutore.com\/en\/wp-json\/wp\/v2\/media?parent=254380"}],"wp:term":[{"taxonomy":"product_brand","embeddable":true,"href":"https:\/\/sutore.com\/en\/wp-json\/wp\/v2\/product_brand?post=254380"},{"taxonomy":"product_cat","embeddable":true,"href":"https:\/\/sutore.com\/en\/wp-json\/wp\/v2\/product_cat?post=254380"},{"taxonomy":"product_tag","embeddable":true,"href":"https:\/\/sutore.com\/en\/wp-json\/wp\/v2\/product_tag?post=254380"}],"curies":[{"name":"wp","href":"https:\/\/api.w.org\/{rel}","templated":true}]}}