{"id":254381,"date":"2024-09-30T22:51:13","date_gmt":"2024-09-30T19:51:13","guid":{"rendered":"https:\/\/sutore.com\/?post_type=product&#038;p=254381"},"modified":"2026-04-02T16:59:27","modified_gmt":"2026-04-02T13:59:27","slug":"adidas-samba-og-brown-putty-grey","status":"publish","type":"product","link":"https:\/\/sutore.com\/en\/product\/adidas-samba-og-brown-putty-grey\/","title":{"rendered":"adidas Samba OG Brown Putty Grey"},"content":{"rendered":"<p style=\"text-align: center;\">adidas Samba OG Brown Putty Grey, zamans\u0131z adidas tasar\u0131m\u0131 ve futbol ayakkab\u0131lar\u0131ndan ilham alan \u015f\u0131kl\u0131\u011f\u0131 ile dikkat \u00e7eker.<\/p>\n","protected":false},"excerpt":{"rendered":"<p style=\"text-align: center;\">adidas Samba OG Brown Putty Grey, zamans\u0131z adidas tasar\u0131m\u0131 ve futbol ayakkab\u0131lar\u0131ndan ilham alan \u015f\u0131kl\u0131\u011f\u0131 ile dikkat \u00e7eker.<\/p>\n","protected":false},"featured_media":254382,"template":"","meta":{"_acf_changed":false},"product_brand":[2127,1927],"product_cat":[71,1570,1799,1804,74,1569],"product_tag":[1338],"class_list":{"0":"post-254381","1":"product","2":"type-product","3":"status-publish","4":"has-post-thumbnail","6":"product_brand-adidas-en","7":"product_brand-adidas","8":"product_cat-adidas","9":"product_cat-adidas-en","10":"product_cat-samba","11":"product_cat-samba-en","12":"product_cat-sneakers","13":"product_cat-sneakers-en","14":"product_tag-kahverengi","16":"first","17":"instock","18":"shipping-taxable","19":"purchasable","20":"product-type-variable"},"acf":[],"_links":{"self":[{"href":"https:\/\/sutore.com\/en\/wp-json\/wp\/v2\/product\/254381","targetHints":{"allow":["GET"]}}],"collection":[{"href":"https:\/\/sutore.com\/en\/wp-json\/wp\/v2\/product"}],"about":[{"href":"https:\/\/sutore.com\/en\/wp-json\/wp\/v2\/types\/product"}],"wp:featuredmedia":[{"embeddable":true,"href":"https:\/\/sutore.com\/en\/wp-json\/wp\/v2\/media\/254382"}],"wp:attachment":[{"href":"https:\/\/sutore.com\/en\/wp-json\/wp\/v2\/media?parent=254381"}],"wp:term":[{"taxonomy":"product_brand","embeddable":true,"href":"https:\/\/sutore.com\/en\/wp-json\/wp\/v2\/product_brand?post=254381"},{"taxonomy":"product_cat","embeddable":true,"href":"https:\/\/sutore.com\/en\/wp-json\/wp\/v2\/product_cat?post=254381"},{"taxonomy":"product_tag","embeddable":true,"href":"https:\/\/sutore.com\/en\/wp-json\/wp\/v2\/product_tag?post=254381"}],"curies":[{"name":"wp","href":"https:\/\/api.w.org\/{rel}","templated":true}]}}