{"id":254586,"date":"2024-10-17T13:31:50","date_gmt":"2024-10-17T10:31:50","guid":{"rendered":"https:\/\/sutore.com\/?post_type=product&#038;p=254586"},"modified":"2026-04-03T16:45:09","modified_gmt":"2026-04-03T13:45:09","slug":"supreme-the-north-face-nuptse-jacket-black","status":"publish","type":"product","link":"https:\/\/sutore.com\/en\/product\/supreme-the-north-face-nuptse-jacket-black\/","title":{"rendered":"Supreme The North Face Nuptse Jacket Black"},"content":{"rendered":"<p style=\"text-align: center;\">Supreme The North Face Nuptse Jacket Black, \u015f\u0131kl\u0131k ve fonksiyonelli\u011fi bir araya getiriyor. Bu supreme mont, ikonik tasar\u0131m\u0131 ve siyah rengiyle dikkat \u00e7ekiyor. So\u011fuk hava ko\u015fullar\u0131nda \u00fcst\u00fcn koruma sa\u011flayan Nuptse Jacket, s\u0131cak tutan dolgu malzemesiyle \u00fcretilmi\u015ftir. Outdoor aktivitelerden \u015fehir hayat\u0131na, her ortamda tarz\u0131n\u0131z\u0131 tamamlayacak bu \u00fcr\u00fcn, gard\u0131robunuzda vazge\u00e7ilmez olacak. Supreme ve The North Face kalitesini bir araya getiren bu mont, hem moda hem de pratiklik arayanlar i\u00e7in ideal se\u00e7imdir.<\/p>\n","protected":false},"excerpt":{"rendered":"<p style=\"text-align: center;\">Supreme The North Face Nuptse Jacket Black, \u015f\u0131kl\u0131k ve fonksiyonelli\u011fi bir araya getiriyor. Bu supreme mont, ikonik tasar\u0131m\u0131 ve siyah rengiyle dikkat \u00e7ekiyor. So\u011fuk hava ko\u015fullar\u0131nda \u00fcst\u00fcn koruma sa\u011flayan Nuptse Jacket, s\u0131cak tutan dolgu malzemesiyle \u00fcretilmi\u015ftir. Outdoor aktivitelerden \u015fehir hayat\u0131na, her ortamda tarz\u0131n\u0131z\u0131 tamamlayacak bu \u00fcr\u00fcn, gard\u0131robunuzda vazge\u00e7ilmez olacak. Supreme ve The North Face kalitesini bir araya getiren bu mont, hem moda hem de pratiklik arayanlar i\u00e7in ideal se\u00e7imdir.<\/p>\n","protected":false},"featured_media":254518,"template":"","meta":{"_acf_changed":false},"product_brand":[1942,1986,2011,2115],"product_cat":[1564,2154,714,2178],"product_tag":[1327],"class_list":{"0":"post-254586","1":"product","2":"type-product","3":"status-publish","4":"has-post-thumbnail","6":"product_brand-supreme","7":"product_brand-supreme-en","8":"product_brand-the-north-face","9":"product_brand-the-north-face-en","10":"product_cat-apparels-en","11":"product_cat-outerwear","12":"product_cat-apparels","13":"product_cat-outerwear-en","14":"product_tag-siyah","16":"first","17":"outofstock","18":"shipping-taxable","19":"product-type-variable"},"acf":[],"_links":{"self":[{"href":"https:\/\/sutore.com\/en\/wp-json\/wp\/v2\/product\/254586","targetHints":{"allow":["GET"]}}],"collection":[{"href":"https:\/\/sutore.com\/en\/wp-json\/wp\/v2\/product"}],"about":[{"href":"https:\/\/sutore.com\/en\/wp-json\/wp\/v2\/types\/product"}],"wp:featuredmedia":[{"embeddable":true,"href":"https:\/\/sutore.com\/en\/wp-json\/wp\/v2\/media\/254518"}],"wp:attachment":[{"href":"https:\/\/sutore.com\/en\/wp-json\/wp\/v2\/media?parent=254586"}],"wp:term":[{"taxonomy":"product_brand","embeddable":true,"href":"https:\/\/sutore.com\/en\/wp-json\/wp\/v2\/product_brand?post=254586"},{"taxonomy":"product_cat","embeddable":true,"href":"https:\/\/sutore.com\/en\/wp-json\/wp\/v2\/product_cat?post=254586"},{"taxonomy":"product_tag","embeddable":true,"href":"https:\/\/sutore.com\/en\/wp-json\/wp\/v2\/product_tag?post=254586"}],"curies":[{"name":"wp","href":"https:\/\/api.w.org\/{rel}","templated":true}]}}