{"id":254818,"date":"2024-11-04T05:31:18","date_gmt":"2024-11-04T02:31:18","guid":{"rendered":"https:\/\/sutore.com\/?post_type=product&#038;p=254818"},"modified":"2026-03-18T16:40:46","modified_gmt":"2026-03-18T13:40:46","slug":"ugg-classic-slipper-black-w","status":"publish","type":"product","link":"https:\/\/sutore.com\/en\/product\/ugg-classic-slipper-black-w\/","title":{"rendered":"UGG Classic Slipper Black (W)"},"content":{"rendered":"<p style=\"text-align: center;\">UGG Classic terlikle g\u00fcn boyu s\u0131cac\u0131k kal\u0131n. Bu slip-on, kal\u0131n bir platform tabanla kontrast olu\u015fturan dayan\u0131kl\u0131 s\u00fcet saya ve pel\u00fc\u015f astar i\u00e7erir.<\/p>\n","protected":false},"excerpt":{"rendered":"<p style=\"text-align: center;\">UGG Classic terlikle g\u00fcn boyu s\u0131cac\u0131k kal\u0131n. Bu slip-on, kal\u0131n bir platform tabanla kontrast olu\u015fturan dayan\u0131kl\u0131 s\u00fcet saya ve pel\u00fc\u015f astar i\u00e7erir.<\/p>\n","protected":false},"featured_media":254808,"template":"","meta":{"_acf_changed":false},"product_brand":[1989,2118],"product_cat":[74,2188,2194,1569,1797,1798],"product_tag":[1327],"class_list":{"0":"post-254818","1":"product","2":"type-product","3":"status-publish","4":"has-post-thumbnail","6":"product_brand-ugg","7":"product_brand-ugg-en","8":"product_cat-sneakers","9":"product_cat-others-ugg","10":"product_cat-others-ugg-en","11":"product_cat-sneakers-en","12":"product_cat-ugg","13":"product_cat-ugg-en","14":"product_tag-siyah","16":"first","17":"outofstock","18":"shipping-taxable","19":"purchasable","20":"product-type-variable"},"acf":[],"_links":{"self":[{"href":"https:\/\/sutore.com\/en\/wp-json\/wp\/v2\/product\/254818","targetHints":{"allow":["GET"]}}],"collection":[{"href":"https:\/\/sutore.com\/en\/wp-json\/wp\/v2\/product"}],"about":[{"href":"https:\/\/sutore.com\/en\/wp-json\/wp\/v2\/types\/product"}],"wp:featuredmedia":[{"embeddable":true,"href":"https:\/\/sutore.com\/en\/wp-json\/wp\/v2\/media\/254808"}],"wp:attachment":[{"href":"https:\/\/sutore.com\/en\/wp-json\/wp\/v2\/media?parent=254818"}],"wp:term":[{"taxonomy":"product_brand","embeddable":true,"href":"https:\/\/sutore.com\/en\/wp-json\/wp\/v2\/product_brand?post=254818"},{"taxonomy":"product_cat","embeddable":true,"href":"https:\/\/sutore.com\/en\/wp-json\/wp\/v2\/product_cat?post=254818"},{"taxonomy":"product_tag","embeddable":true,"href":"https:\/\/sutore.com\/en\/wp-json\/wp\/v2\/product_tag?post=254818"}],"curies":[{"name":"wp","href":"https:\/\/api.w.org\/{rel}","templated":true}]}}