{"id":256032,"date":"2024-10-12T08:44:37","date_gmt":"2024-10-12T05:44:37","guid":{"rendered":"https:\/\/sutore.com\/?post_type=product&#038;p=256032"},"modified":"2025-07-01T02:50:41","modified_gmt":"2025-06-30T23:50:41","slug":"nike-sportswear-x-central-cee-tech-fleece-hoodie-joggers-set-black-metallic-red-bronze","status":"publish","type":"product","link":"https:\/\/sutore.com\/en\/product\/nike-sportswear-x-central-cee-tech-fleece-hoodie-joggers-set-black-metallic-red-bronze\/","title":{"rendered":"Nike Sportswear x Central Cee Tech Fleece Hoodie &#038; Joggers Set Black\/Metallic Red Bronze"},"content":{"rendered":"<p style=\"text-align: center;\">Nike Sportswear x Central Cee Tech Fleece Hoodie &amp; Joggers Set Black\/Metallic Red Bronze modeli, hem \u015f\u0131kl\u0131\u011f\u0131 hem de konforu bir araya getiriyor. G\u00fcnl\u00fck aktiviteleriniz ve spor antrenmanlar\u0131n\u0131z i\u00e7in ideal olan bu set, Tech Fleece teknolojisi sayesinde hafif ama s\u0131cak tutar. Siyah ve Metallic Red Bronze renkleriyle modern bir stil sunan hoodie ve jogger ekipman\u0131, rahat kesimiyle hareket \u00f6zg\u00fcrl\u00fc\u011f\u00fc sa\u011flar. Bu \u00f6zel set, Nike kalitesi ve Central Cee i\u015fbirli\u011finin e\u015fsiz bir \u00f6rne\u011fi olup, gard\u0131robunuzun vazge\u00e7ilmez bir par\u00e7as\u0131 olacak.<\/p>\n","protected":false},"excerpt":{"rendered":"<p style=\"text-align: center;\">Nike Sportswear x Central Cee Tech Fleece Hoodie &amp; Joggers Set Black\/Metallic Red Bronze modeli, hem \u015f\u0131kl\u0131\u011f\u0131 hem de konforu bir araya getiriyor. G\u00fcnl\u00fck aktiviteleriniz ve spor antrenmanlar\u0131n\u0131z i\u00e7in ideal olan bu set, Tech Fleece teknolojisi sayesinde hafif ama s\u0131cak tutar. Siyah ve Metallic Red Bronze renkleriyle modern bir stil sunan hoodie ve jogger ekipman\u0131, rahat kesimiyle hareket \u00f6zg\u00fcrl\u00fc\u011f\u00fc sa\u011flar. Bu \u00f6zel set, Nike kalitesi ve Central Cee i\u015fbirli\u011finin e\u015fsiz bir \u00f6rne\u011fi olup, gard\u0131robunuzun vazge\u00e7ilmez bir par\u00e7as\u0131 olacak.<\/p>\n","protected":false},"featured_media":256033,"template":"","meta":{"_acf_changed":false},"product_brand":[1928,2087],"product_cat":[1564,714],"product_tag":[1327],"class_list":{"0":"post-256032","1":"product","2":"type-product","3":"status-publish","4":"has-post-thumbnail","6":"product_brand-nike","7":"product_brand-nike-en","8":"product_cat-apparels-en","9":"product_cat-apparels","10":"product_tag-siyah","12":"first","13":"outofstock","14":"shipping-taxable","15":"product-type-variable"},"acf":[],"_links":{"self":[{"href":"https:\/\/sutore.com\/en\/wp-json\/wp\/v2\/product\/256032","targetHints":{"allow":["GET"]}}],"collection":[{"href":"https:\/\/sutore.com\/en\/wp-json\/wp\/v2\/product"}],"about":[{"href":"https:\/\/sutore.com\/en\/wp-json\/wp\/v2\/types\/product"}],"wp:featuredmedia":[{"embeddable":true,"href":"https:\/\/sutore.com\/en\/wp-json\/wp\/v2\/media\/256033"}],"wp:attachment":[{"href":"https:\/\/sutore.com\/en\/wp-json\/wp\/v2\/media?parent=256032"}],"wp:term":[{"taxonomy":"product_brand","embeddable":true,"href":"https:\/\/sutore.com\/en\/wp-json\/wp\/v2\/product_brand?post=256032"},{"taxonomy":"product_cat","embeddable":true,"href":"https:\/\/sutore.com\/en\/wp-json\/wp\/v2\/product_cat?post=256032"},{"taxonomy":"product_tag","embeddable":true,"href":"https:\/\/sutore.com\/en\/wp-json\/wp\/v2\/product_tag?post=256032"}],"curies":[{"name":"wp","href":"https:\/\/api.w.org\/{rel}","templated":true}]}}