{"id":256161,"date":"2024-10-01T02:02:56","date_gmt":"2024-09-30T23:02:56","guid":{"rendered":"https:\/\/sutore.com\/?post_type=product&#038;p=256161"},"modified":"2026-04-04T05:11:13","modified_gmt":"2026-04-04T02:11:13","slug":"adidas-gazelle-indoor-earth-strata-magic-beige","status":"publish","type":"product","link":"https:\/\/sutore.com\/en\/product\/adidas-gazelle-indoor-earth-strata-magic-beige\/","title":{"rendered":"adidas Gazelle Indoor Earth Strata Magic Beige"},"content":{"rendered":"<p style=\"text-align: center;\">adidas Gazelle Indoor Earth Strata Magic Beige, klasik \u015f\u0131kl\u0131\u011f\u0131 spor ayakkab\u0131 konforuyla birle\u015ftiriyor. Earth Strata ve Magic Beige renkleri, her k\u0131yafetle uyum sa\u011flar.<\/p>\n","protected":false},"excerpt":{"rendered":"<p style=\"text-align: center;\">adidas Gazelle Indoor Earth Strata Magic Beige, klasik \u015f\u0131kl\u0131\u011f\u0131 spor ayakkab\u0131 konforuyla birle\u015ftiriyor. Earth Strata ve Magic Beige renkleri, her k\u0131yafetle uyum sa\u011flar.<\/p>\n","protected":false},"featured_media":256162,"template":"","meta":{"_acf_changed":false},"product_brand":[1927,2127],"product_cat":[71,1570,1929,1936,74,1569],"product_tag":[1338],"class_list":{"0":"post-256161","1":"product","2":"type-product","3":"status-publish","4":"has-post-thumbnail","6":"product_brand-adidas","7":"product_brand-adidas-en","8":"product_cat-adidas","9":"product_cat-adidas-en","10":"product_cat-gazelle","11":"product_cat-gazelle-en","12":"product_cat-sneakers","13":"product_cat-sneakers-en","14":"product_tag-kahverengi","16":"first","17":"instock","18":"shipping-taxable","19":"purchasable","20":"product-type-variable"},"acf":[],"_links":{"self":[{"href":"https:\/\/sutore.com\/en\/wp-json\/wp\/v2\/product\/256161","targetHints":{"allow":["GET"]}}],"collection":[{"href":"https:\/\/sutore.com\/en\/wp-json\/wp\/v2\/product"}],"about":[{"href":"https:\/\/sutore.com\/en\/wp-json\/wp\/v2\/types\/product"}],"wp:featuredmedia":[{"embeddable":true,"href":"https:\/\/sutore.com\/en\/wp-json\/wp\/v2\/media\/256162"}],"wp:attachment":[{"href":"https:\/\/sutore.com\/en\/wp-json\/wp\/v2\/media?parent=256161"}],"wp:term":[{"taxonomy":"product_brand","embeddable":true,"href":"https:\/\/sutore.com\/en\/wp-json\/wp\/v2\/product_brand?post=256161"},{"taxonomy":"product_cat","embeddable":true,"href":"https:\/\/sutore.com\/en\/wp-json\/wp\/v2\/product_cat?post=256161"},{"taxonomy":"product_tag","embeddable":true,"href":"https:\/\/sutore.com\/en\/wp-json\/wp\/v2\/product_tag?post=256161"}],"curies":[{"name":"wp","href":"https:\/\/api.w.org\/{rel}","templated":true}]}}