{"id":256202,"date":"2024-09-14T14:13:36","date_gmt":"2024-09-14T11:13:36","guid":{"rendered":"https:\/\/sutore.com\/?post_type=product&#038;p=256202"},"modified":"2026-04-02T17:00:59","modified_gmt":"2026-04-02T14:00:59","slug":"adidas-handball-spezial-dark-grey-black-gum","status":"publish","type":"product","link":"https:\/\/sutore.com\/en\/product\/adidas-handball-spezial-dark-grey-black-gum\/","title":{"rendered":"adidas Handball Spezial Dark Grey Black Gum"},"content":{"rendered":"<p style=\"text-align: center;\">adidas Handball Spezial Dark Grey Black Gum, spor d\u00fcnyas\u0131nda efsanele\u015fmi\u015f bir tasar\u0131ma sahiptir. Koyu gri, siyah ve gum detaylarla estetik bir g\u00f6r\u00fcn\u00fcm sunan bu adidas ayakkab\u0131, dayan\u0131kl\u0131l\u0131k ve konforu bir araya getirir. Elveri\u015fli kau\u00e7uk taban yap\u0131s\u0131 sayesinde m\u00fckemmel zemin tutu\u015fu sa\u011flar.<\/p>\n","protected":false},"excerpt":{"rendered":"<p style=\"text-align: center;\">adidas Handball Spezial Dark Grey Black Gum, spor d\u00fcnyas\u0131nda efsanele\u015fmi\u015f bir tasar\u0131ma sahiptir. Koyu gri, siyah ve gum detaylarla estetik bir g\u00f6r\u00fcn\u00fcm sunan bu adidas ayakkab\u0131, dayan\u0131kl\u0131l\u0131k ve konforu bir araya getirir. Elveri\u015fli kau\u00e7uk taban yap\u0131s\u0131 sayesinde m\u00fckemmel zemin tutu\u015fu sa\u011flar.<\/p>\n","protected":false},"featured_media":256203,"template":"","meta":{"_acf_changed":false},"product_brand":[2127,1927],"product_cat":[71,1570,74,1569,1930,1935],"product_tag":[1334],"class_list":{"0":"post-256202","1":"product","2":"type-product","3":"status-publish","4":"has-post-thumbnail","6":"product_brand-adidas-en","7":"product_brand-adidas","8":"product_cat-adidas","9":"product_cat-adidas-en","10":"product_cat-sneakers","11":"product_cat-sneakers-en","12":"product_cat-spezial","13":"product_cat-spezial-en","14":"product_tag-gri","16":"first","17":"instock","18":"shipping-taxable","19":"purchasable","20":"product-type-variable"},"acf":[],"_links":{"self":[{"href":"https:\/\/sutore.com\/en\/wp-json\/wp\/v2\/product\/256202","targetHints":{"allow":["GET"]}}],"collection":[{"href":"https:\/\/sutore.com\/en\/wp-json\/wp\/v2\/product"}],"about":[{"href":"https:\/\/sutore.com\/en\/wp-json\/wp\/v2\/types\/product"}],"wp:featuredmedia":[{"embeddable":true,"href":"https:\/\/sutore.com\/en\/wp-json\/wp\/v2\/media\/256203"}],"wp:attachment":[{"href":"https:\/\/sutore.com\/en\/wp-json\/wp\/v2\/media?parent=256202"}],"wp:term":[{"taxonomy":"product_brand","embeddable":true,"href":"https:\/\/sutore.com\/en\/wp-json\/wp\/v2\/product_brand?post=256202"},{"taxonomy":"product_cat","embeddable":true,"href":"https:\/\/sutore.com\/en\/wp-json\/wp\/v2\/product_cat?post=256202"},{"taxonomy":"product_tag","embeddable":true,"href":"https:\/\/sutore.com\/en\/wp-json\/wp\/v2\/product_tag?post=256202"}],"curies":[{"name":"wp","href":"https:\/\/api.w.org\/{rel}","templated":true}]}}