{"id":256334,"date":"2024-09-25T13:00:53","date_gmt":"2024-09-25T10:00:53","guid":{"rendered":"https:\/\/sutore.com\/?post_type=product&#038;p=256334"},"modified":"2026-04-04T02:37:52","modified_gmt":"2026-04-03T23:37:52","slug":"aesop-deodorant-roll-on","status":"publish","type":"product","link":"https:\/\/sutore.com\/en\/product\/aesop-deodorant-roll-on\/","title":{"rendered":"Aesop Deodorant Roll-On"},"content":{"rendered":"<p style=\"text-align: center;\">\u00c7inko Risinoleat, Wasabi \u00f6z\u00fc ve tamamlay\u0131c\u0131 u\u00e7ucu ya\u011f kar\u0131\u015f\u0131m\u0131 i\u00e7eren alkols\u00fcz, roll-on deodorant spreyi alternatifi.<\/p>\n<p style=\"text-align: center;\">Aroma: odunsu, otsu, topraks\u0131<\/p>\n<p style=\"text-align: center;\">Temel bile\u015fenler: Vetiver K\u00f6k\u00fc, \u00c7inko Risinoleat, Japonica Wasabia<\/p>\n","protected":false},"excerpt":{"rendered":"<p style=\"text-align: center;\">\u00c7inko Risinoleat, Wasabi \u00f6z\u00fc ve tamamlay\u0131c\u0131 u\u00e7ucu ya\u011f kar\u0131\u015f\u0131m\u0131 i\u00e7eren alkols\u00fcz, roll-on deodorant spreyi alternatifi.<\/p>\n<p style=\"text-align: center;\">Aroma: odunsu, otsu, topraks\u0131<\/p>\n<p style=\"text-align: center;\">Temel bile\u015fenler: Vetiver K\u00f6k\u00fc, \u00c7inko Risinoleat, Japonica Wasabia<\/p>\n","protected":false},"featured_media":256335,"template":"","meta":{"_acf_changed":false},"product_brand":[1960,2038],"product_cat":[2159,2146,2141,2164],"product_tag":[],"class_list":{"0":"post-256334","1":"product","2":"type-product","3":"status-publish","4":"has-post-thumbnail","6":"product_brand-aesop","7":"product_brand-aesop-en","8":"product_cat-cosmetics-en","9":"product_cat-others-cosmetics","10":"product_cat-cosmetics","11":"product_cat-others-cosmetics-en","13":"first","14":"instock","15":"shipping-taxable","16":"purchasable","17":"product-type-variable"},"acf":[],"_links":{"self":[{"href":"https:\/\/sutore.com\/en\/wp-json\/wp\/v2\/product\/256334","targetHints":{"allow":["GET"]}}],"collection":[{"href":"https:\/\/sutore.com\/en\/wp-json\/wp\/v2\/product"}],"about":[{"href":"https:\/\/sutore.com\/en\/wp-json\/wp\/v2\/types\/product"}],"wp:featuredmedia":[{"embeddable":true,"href":"https:\/\/sutore.com\/en\/wp-json\/wp\/v2\/media\/256335"}],"wp:attachment":[{"href":"https:\/\/sutore.com\/en\/wp-json\/wp\/v2\/media?parent=256334"}],"wp:term":[{"taxonomy":"product_brand","embeddable":true,"href":"https:\/\/sutore.com\/en\/wp-json\/wp\/v2\/product_brand?post=256334"},{"taxonomy":"product_cat","embeddable":true,"href":"https:\/\/sutore.com\/en\/wp-json\/wp\/v2\/product_cat?post=256334"},{"taxonomy":"product_tag","embeddable":true,"href":"https:\/\/sutore.com\/en\/wp-json\/wp\/v2\/product_tag?post=256334"}],"curies":[{"name":"wp","href":"https:\/\/api.w.org\/{rel}","templated":true}]}}