{"id":256388,"date":"2024-09-15T15:35:05","date_gmt":"2024-09-15T12:35:05","guid":{"rendered":"https:\/\/sutore.com\/?post_type=product&#038;p=256388"},"modified":"2026-03-29T21:06:31","modified_gmt":"2026-03-29T18:06:31","slug":"rhode-peptide-pocket-blush-piggy","status":"publish","type":"product","link":"https:\/\/sutore.com\/en\/product\/rhode-peptide-pocket-blush-piggy\/","title":{"rendered":"Rhode Peptide Pocket Blush Piggy"},"content":{"rendered":"<p style=\"text-align: center;\">K\u00fc\u00e7\u00fck bir \u0131\u015f\u0131lt\u0131 i\u00e7in k\u00fc\u00e7\u00fck bir all\u0131k. Krem all\u0131k yanaklar\u0131 ve dudaklar\u0131 p\u00fcr\u00fczs\u00fczce eriyen ve t\u00fcm g\u00fcn kalan satenimsi, da\u011f\u0131n\u0131k bir parlakl\u0131kla uyand\u0131r\u0131r. Bebek yumu\u015fakl\u0131\u011f\u0131nda yanaklar i\u00e7in cildi nemlendiren ve ya\u011fl\u0131 bir his b\u0131rakmadan \u0131\u015f\u0131lt\u0131l\u0131 bir biti\u015f sa\u011flayan hafif bir form\u00fcld\u00fcr.<br \/>\nBoyut: 5,3 g \/ 0,18 oz.<\/p>\n","protected":false},"excerpt":{"rendered":"<p style=\"text-align: center;\">K\u00fc\u00e7\u00fck bir \u0131\u015f\u0131lt\u0131 i\u00e7in k\u00fc\u00e7\u00fck bir all\u0131k. Krem all\u0131k yanaklar\u0131 ve dudaklar\u0131 p\u00fcr\u00fczs\u00fczce eriyen ve t\u00fcm g\u00fcn kalan satenimsi, da\u011f\u0131n\u0131k bir parlakl\u0131kla uyand\u0131r\u0131r. Bebek yumu\u015fakl\u0131\u011f\u0131nda yanaklar i\u00e7in cildi nemlendiren ve ya\u011fl\u0131 bir his b\u0131rakmadan \u0131\u015f\u0131lt\u0131l\u0131 bir biti\u015f sa\u011flayan hafif bir form\u00fcld\u00fcr.<br \/>\nBoyut: 5,3 g \/ 0,18 oz.<\/p>\n","protected":false},"featured_media":256390,"template":"","meta":{"_acf_changed":false},"product_brand":[1982,2102],"product_cat":[2159,2162,2141,2143],"product_tag":[],"class_list":{"0":"post-256388","1":"product","2":"type-product","3":"status-publish","4":"has-post-thumbnail","6":"product_brand-rhode","7":"product_brand-rhode-en","8":"product_cat-cosmetics-en","9":"product_cat-face-en","10":"product_cat-cosmetics","11":"product_cat-face","13":"first","14":"instock","15":"shipping-taxable","16":"purchasable","17":"product-type-variable"},"acf":[],"_links":{"self":[{"href":"https:\/\/sutore.com\/en\/wp-json\/wp\/v2\/product\/256388","targetHints":{"allow":["GET"]}}],"collection":[{"href":"https:\/\/sutore.com\/en\/wp-json\/wp\/v2\/product"}],"about":[{"href":"https:\/\/sutore.com\/en\/wp-json\/wp\/v2\/types\/product"}],"wp:featuredmedia":[{"embeddable":true,"href":"https:\/\/sutore.com\/en\/wp-json\/wp\/v2\/media\/256390"}],"wp:attachment":[{"href":"https:\/\/sutore.com\/en\/wp-json\/wp\/v2\/media?parent=256388"}],"wp:term":[{"taxonomy":"product_brand","embeddable":true,"href":"https:\/\/sutore.com\/en\/wp-json\/wp\/v2\/product_brand?post=256388"},{"taxonomy":"product_cat","embeddable":true,"href":"https:\/\/sutore.com\/en\/wp-json\/wp\/v2\/product_cat?post=256388"},{"taxonomy":"product_tag","embeddable":true,"href":"https:\/\/sutore.com\/en\/wp-json\/wp\/v2\/product_tag?post=256388"}],"curies":[{"name":"wp","href":"https:\/\/api.w.org\/{rel}","templated":true}]}}