{"id":25645,"date":"2021-01-30T12:57:47","date_gmt":"2021-01-30T09:57:47","guid":{"rendered":"https:\/\/sutore.com\/?post_type=product&#038;p=25645"},"modified":"2026-03-27T16:34:20","modified_gmt":"2026-03-27T13:34:20","slug":"nike-air-jordan-1-low-university-gold","status":"publish","type":"product","link":"https:\/\/sutore.com\/en\/product\/nike-air-jordan-1-low-university-gold\/","title":{"rendered":"Nike Air Jordan 1 Low University Gold"},"content":{"rendered":"<p style=\"text-align: center\">Jordan Ailesi, \u015fimdi sutore&#8217;de bulunan Nike Air Jordan 1 Low Palm Tree ile klasik siluetine yeni renkler kat\u0131yor. Bu renk grubu, yaza girerken kombinler i\u00e7in uygun bir se\u00e7enek sunuyor.<\/p>\n<p style=\"text-align: center\">Bu Jordan 1, palmiye kaplamalar\u0131 olan a\u00e7\u0131k kahve deri bir \u00fcst i\u00e7eriyor. Yandaki sar\u0131 Nike logosu, diki\u015fli orta taban ve siyah d\u0131\u015f taban tasar\u0131m\u0131 tamaml\u0131yor. May\u0131s 2020&#8217;de piyasaya s\u00fcr\u00fclen bu model 100 dolar fiyat etiketiyle vitrinlerdeki yerini ald\u0131. Bu haval\u0131 par\u00e7ay\u0131 stoklar s\u00f6nmeden hemen sat\u0131n al.<\/p>\n<p style=\"text-align: center\">\u00dcr\u00fcn hakk\u0131nda daha fazla bilgi almak ve \u00fcr\u00fcn\u00fcn g\u00fcncel global piyasa de\u011ferini takip etmek i\u00e7in <a href=\"https:\/\/stockx.com\/air-jordan-1-low-university-gold\" target=\"_blank\" rel=\"noopener noreferrer\">StockX<\/a> adresini ziyaret edebilirsiniz.<\/p>\n","protected":false},"excerpt":{"rendered":"<p style=\"text-align: center\">\u00dcr\u00fcn hakk\u0131nda daha fazla bilgi almak ve \u00fcr\u00fcn\u00fcn g\u00fcncel global piyasa de\u011ferini takip etmek i\u00e7in <a href=\"https:\/\/stockx.com\/air-jordan-1-low-university-gold\">StockX<\/a> adresini ziyaret edebilirsiniz.<\/p>\n","protected":false},"featured_media":25669,"template":"","meta":{"_acf_changed":false},"product_brand":[2041,2019,1928,2087],"product_cat":[74,96,1577,943,1579,1569],"product_tag":[1335],"class_list":{"0":"post-25645","1":"product","2":"type-product","3":"status-publish","4":"has-post-thumbnail","6":"product_brand-air-jordan-en","7":"product_brand-air-jordan","8":"product_brand-nike","9":"product_brand-nike-en","10":"product_cat-sneakers","11":"product_cat-air-jordan","12":"product_cat-air-jordan-en","13":"product_cat-low","14":"product_cat-low-en","15":"product_cat-sneakers-en","16":"product_tag-sari","18":"first","19":"instock","20":"shipping-taxable","21":"purchasable","22":"product-type-variable"},"acf":[],"_links":{"self":[{"href":"https:\/\/sutore.com\/en\/wp-json\/wp\/v2\/product\/25645","targetHints":{"allow":["GET"]}}],"collection":[{"href":"https:\/\/sutore.com\/en\/wp-json\/wp\/v2\/product"}],"about":[{"href":"https:\/\/sutore.com\/en\/wp-json\/wp\/v2\/types\/product"}],"wp:featuredmedia":[{"embeddable":true,"href":"https:\/\/sutore.com\/en\/wp-json\/wp\/v2\/media\/25669"}],"wp:attachment":[{"href":"https:\/\/sutore.com\/en\/wp-json\/wp\/v2\/media?parent=25645"}],"wp:term":[{"taxonomy":"product_brand","embeddable":true,"href":"https:\/\/sutore.com\/en\/wp-json\/wp\/v2\/product_brand?post=25645"},{"taxonomy":"product_cat","embeddable":true,"href":"https:\/\/sutore.com\/en\/wp-json\/wp\/v2\/product_cat?post=25645"},{"taxonomy":"product_tag","embeddable":true,"href":"https:\/\/sutore.com\/en\/wp-json\/wp\/v2\/product_tag?post=25645"}],"curies":[{"name":"wp","href":"https:\/\/api.w.org\/{rel}","templated":true}]}}