{"id":256544,"date":"2024-09-16T12:55:02","date_gmt":"2024-09-16T09:55:02","guid":{"rendered":"https:\/\/sutore.com\/?post_type=product&#038;p=256544"},"modified":"2025-05-14T00:10:05","modified_gmt":"2025-05-13T21:10:05","slug":"le-labo-classic-6-piece-eau-de-parfum-discovery-set","status":"publish","type":"product","link":"https:\/\/sutore.com\/en\/product\/le-labo-classic-6-piece-eau-de-parfum-discovery-set\/","title":{"rendered":"Le Labo Classic 6-Piece Eau de Parfum Discovery Set"},"content":{"rendered":"<p style=\"text-align: center;\">Le Labo, ke\u015ffedip keyif alman\u0131z i\u00e7in Klasik Koleksiyon&#8217;dan en sevilen alt\u0131 kokusunu se\u00e7ti. Bu Ke\u015fif Seti, markan\u0131n klasik kraft kutusunda g\u00fczel bir \u015fekilde paketlenmi\u015ftir. ABD&#8217;de \u00fcretilmi\u015ftir.<\/p>\n<p style=\"text-align: center;\"><b>ALTI PAR\u00c7ALI SET \u015eUNLARI I\u00c7ERIR:<\/b><\/p>\n<p style=\"text-align: center;\">Another 13 Eau de Parfum, 5ml.<\/p>\n<p style=\"text-align: center;\">Bergamote 22 Eau de Parfum, 5ml.<\/p>\n<p style=\"text-align: center;\">Rose 31 Eau de Parfum, 5ml.<\/p>\n<p style=\"text-align: center;\">Santal 33 Eau de Parfum, 5ml.<\/p>\n<p style=\"text-align: center;\">Th\u00e9 Matcha 26 Eau de Parfum, 5ml.<\/p>\n<p style=\"text-align: center;\">Th\u00e9 Noir 29 Eau de Parfum, 5ml.<\/p>\n","protected":false},"excerpt":{"rendered":"<p style=\"text-align: center;\">Le Labo, ke\u015ffedip keyif alman\u0131z i\u00e7in Klasik Koleksiyon&#8217;dan en sevilen alt\u0131 kokusunu se\u00e7ti. Bu Ke\u015fif Seti, markan\u0131n klasik kraft kutusunda g\u00fczel bir \u015fekilde paketlenmi\u015ftir. ABD&#8217;de \u00fcretilmi\u015ftir.<\/p>\n<p style=\"text-align: center;\"><b>ALTI PAR\u00c7ALI SET \u015eUNLARI I\u00c7ERIR:<\/b><\/p>\n<p style=\"text-align: center;\">Another 13 Eau de Parfum, 5ml.<\/p>\n<p style=\"text-align: center;\">Bergamote 22 Eau de Parfum, 5ml.<\/p>\n<p style=\"text-align: center;\">Rose 31 Eau de Parfum, 5ml.<\/p>\n<p style=\"text-align: center;\">Santal 33 Eau de Parfum, 5ml.<\/p>\n<p style=\"text-align: center;\">Th\u00e9 Matcha 26 Eau de Parfum, 5ml.<\/p>\n<p style=\"text-align: center;\">Th\u00e9 Noir 29 Eau de Parfum, 5ml.<\/p>\n","protected":false},"featured_media":256546,"template":"","meta":{"_acf_changed":false},"product_brand":[1917,2078],"product_cat":[2159,2163,2141,2145],"product_tag":[],"class_list":{"0":"post-256544","1":"product","2":"type-product","3":"status-publish","4":"has-post-thumbnail","6":"product_brand-le-labo","7":"product_brand-le-labo-en","8":"product_cat-cosmetics-en","9":"product_cat-fragrances-en","10":"product_cat-cosmetics","11":"product_cat-fragrances","13":"first","14":"outofstock","15":"shipping-taxable","16":"product-type-variable"},"acf":[],"_links":{"self":[{"href":"https:\/\/sutore.com\/en\/wp-json\/wp\/v2\/product\/256544","targetHints":{"allow":["GET"]}}],"collection":[{"href":"https:\/\/sutore.com\/en\/wp-json\/wp\/v2\/product"}],"about":[{"href":"https:\/\/sutore.com\/en\/wp-json\/wp\/v2\/types\/product"}],"wp:featuredmedia":[{"embeddable":true,"href":"https:\/\/sutore.com\/en\/wp-json\/wp\/v2\/media\/256546"}],"wp:attachment":[{"href":"https:\/\/sutore.com\/en\/wp-json\/wp\/v2\/media?parent=256544"}],"wp:term":[{"taxonomy":"product_brand","embeddable":true,"href":"https:\/\/sutore.com\/en\/wp-json\/wp\/v2\/product_brand?post=256544"},{"taxonomy":"product_cat","embeddable":true,"href":"https:\/\/sutore.com\/en\/wp-json\/wp\/v2\/product_cat?post=256544"},{"taxonomy":"product_tag","embeddable":true,"href":"https:\/\/sutore.com\/en\/wp-json\/wp\/v2\/product_tag?post=256544"}],"curies":[{"name":"wp","href":"https:\/\/api.w.org\/{rel}","templated":true}]}}