{"id":256932,"date":"2024-08-19T11:08:30","date_gmt":"2024-08-19T08:08:30","guid":{"rendered":"https:\/\/sutore.com\/?post_type=product&#038;p=256932"},"modified":"2026-04-02T17:05:30","modified_gmt":"2026-04-02T14:05:30","slug":"nike-phantom-luna-2-elite-fg-pink-foam","status":"publish","type":"product","link":"https:\/\/sutore.com\/en\/product\/nike-phantom-luna-2-elite-fg-pink-foam\/","title":{"rendered":"Nike Phantom Luna 2 Elite FG Pink Foam"},"content":{"rendered":"<p style=\"text-align: center;\">Nike Phantom Luna 2 Elite FG Pink Foam, modern futbol teknolojisiyle sahada fark yaratmak isteyenler i\u00e7in tasarland\u0131. \u00dcst\u00fcn top kontrol\u00fc ve h\u0131zl\u0131 tepki kabiliyeti sunan bu \u00fcr\u00fcn, oyunculara avantaj sa\u011flar. Pembe tasar\u0131m\u0131yla \u015f\u0131k bir g\u00f6r\u00fcn\u00fcm sunar. Nike kalitesiyle \u00fcretilen bu krampon, performans\u0131n\u0131z\u0131 zirveye ta\u015f\u0131mak i\u00e7in ideal. Hem profesyonel hem de amat\u00f6r futbolcular i\u00e7in m\u00fckemmel se\u00e7im. H\u0131z, denge ve konfor arayanlar\u0131n tercihi olan Nike Phantom Luna 2 Elite FG, sahada e\u015fsiz bir deneyim ya\u015fat\u0131r. Futbol tutkunlar\u0131 i\u00e7in vazge\u00e7ilmez bir par\u00e7a.<\/p>\n","protected":false},"excerpt":{"rendered":"<p style=\"text-align: center;\">Nike Phantom Luna 2 Elite FG Pink Foam, modern futbol teknolojisiyle sahada fark yaratmak isteyenler i\u00e7in tasarland\u0131. \u00dcst\u00fcn top kontrol\u00fc ve h\u0131zl\u0131 tepki kabiliyeti sunan bu \u00fcr\u00fcn, oyunculara avantaj sa\u011flar. Pembe tasar\u0131m\u0131yla \u015f\u0131k bir g\u00f6r\u00fcn\u00fcm sunar. Nike kalitesiyle \u00fcretilen bu krampon, performans\u0131n\u0131z\u0131 zirveye ta\u015f\u0131mak i\u00e7in ideal. Hem profesyonel hem de amat\u00f6r futbolcular i\u00e7in m\u00fckemmel se\u00e7im. H\u0131z, denge ve konfor arayanlar\u0131n tercihi olan Nike Phantom Luna 2 Elite FG, sahada e\u015fsiz bir deneyim ya\u015fat\u0131r. Futbol tutkunlar\u0131 i\u00e7in vazge\u00e7ilmez bir par\u00e7a.<\/p>\n","protected":false},"featured_media":256923,"template":"","meta":{"_acf_changed":false},"product_brand":[1928,2087],"product_cat":[1883,1882,74,1569],"product_tag":[1330],"class_list":{"0":"post-256932","1":"product","2":"type-product","3":"status-publish","4":"has-post-thumbnail","6":"product_brand-nike","7":"product_brand-nike-en","8":"product_cat-cleats-en","9":"product_cat-cleats","10":"product_cat-sneakers","11":"product_cat-sneakers-en","12":"product_tag-pembe","14":"first","15":"instock","16":"shipping-taxable","17":"purchasable","18":"product-type-variable"},"acf":[],"_links":{"self":[{"href":"https:\/\/sutore.com\/en\/wp-json\/wp\/v2\/product\/256932","targetHints":{"allow":["GET"]}}],"collection":[{"href":"https:\/\/sutore.com\/en\/wp-json\/wp\/v2\/product"}],"about":[{"href":"https:\/\/sutore.com\/en\/wp-json\/wp\/v2\/types\/product"}],"wp:featuredmedia":[{"embeddable":true,"href":"https:\/\/sutore.com\/en\/wp-json\/wp\/v2\/media\/256923"}],"wp:attachment":[{"href":"https:\/\/sutore.com\/en\/wp-json\/wp\/v2\/media?parent=256932"}],"wp:term":[{"taxonomy":"product_brand","embeddable":true,"href":"https:\/\/sutore.com\/en\/wp-json\/wp\/v2\/product_brand?post=256932"},{"taxonomy":"product_cat","embeddable":true,"href":"https:\/\/sutore.com\/en\/wp-json\/wp\/v2\/product_cat?post=256932"},{"taxonomy":"product_tag","embeddable":true,"href":"https:\/\/sutore.com\/en\/wp-json\/wp\/v2\/product_tag?post=256932"}],"curies":[{"name":"wp","href":"https:\/\/api.w.org\/{rel}","templated":true}]}}